{"id":2789,"date":"2021-11-29T19:00:33","date_gmt":"2021-11-29T19:00:33","guid":{"rendered":"https:\/\/zep.valgekana.ee\/toode\/vanquish\/"},"modified":"2026-02-02T00:00:07","modified_gmt":"2026-02-02T00:00:07","slug":"vanquish","status":"publish","type":"product","link":"https:\/\/zepestonia.com\/en\/toode\/vanquish\/","title":{"rendered":"Vanquish &#8211; Plekkide eemaldaja tekstiililt"},"content":{"rendered":"<ul>\n<li><span style=\"font-size:14px\"><span class=\"markedContent\" id=\"page3R_mcid29\"><span dir=\"ltr\" role=\"presentation\" style=\"left: 120.04px;top: 880.144px;font-family: sans-serif\">Pihustada toodet kuivanud plekile<\/span><\/span><\/span><\/li>\n<li><span style=\"font-size:14px\"><span class=\"markedContent\" id=\"page3R_mcid30\"><span dir=\"ltr\" role=\"presentation\" style=\"left: 120.04px;top: 903.144px;font-family: sans-serif\">Lasta tootel m\u00f5juda kuni:<\/span><\/span><\/span>\n<ul>\n<li><span style=\"font-size:14px\"><span class=\"markedContent\" id=\"page3R_mcid31\"><span dir=\"ltr\" role=\"presentation\" style=\"left: 180.033px;top: 926.144px;font-family: sans-serif\">m\u00e4\u00e4rdunud koht on t\u00e4ielikult l\u00e4bi imbunud;<\/span><\/span><\/span><\/li>\n<li><span style=\"font-size:14px\"><span class=\"markedContent\" id=\"page3R_mcid32\"><span dir=\"ltr\" role=\"presentation\" style=\"left: 180.033px;top: 949.144px;font-family: sans-serif\">mustus hakkab eraldum<\/span><span dir=\"ltr\" role=\"presentation\" style=\"left: 392.483px;top: 949.144px;font-family: sans-serif\">a\/lahustuma (j\u00e4relikult toode m\u00f5jub).<\/span><\/span><\/span><\/li>\n<\/ul>\n<\/li>\n<li><span style=\"font-size:14px\"><span class=\"markedContent\" id=\"page3R_mcid33\"><span dir=\"ltr\" role=\"presentation\" style=\"left: 120.04px;top: 972.144px;font-family: sans-serif\">Eemaldada eraldunud mustus ja tootej\u00e4\u00e4gid valge majapidamispaberiga v\u00f5i imada j\u00e4\u00e4gid<\/span> <span dir=\"ltr\" role=\"presentation\" style=\"left: 120.04px;top: 995.144px;font-family: sans-serif\">kokku spetsiaalse vaibapuhastusmasinaga.<\/span><\/span><\/span><\/li>\n<\/ul>\n","protected":false},"excerpt":{"rendered":"<p>Woolsafe&#8217;i poolt heaks kiidetud vahend vaipadelt ja polstritelt mustuse ning plekkide eemaldamiseks.<br \/>\nSobib kasutamiseks k\u00f5igil v\u00e4rvikindlatel kangastel, sealhulgas villal.<br \/>\nV\u00f5ib kasutada ainupuhastuslahendusena v\u00f5i leotuspesu eesm\u00e4rgil enne s\u00fcvapuhastust.<\/p>\n","protected":false},"featured_media":3564,"comment_status":"closed","ping_status":"closed","template":"","meta":[],"product_brand":[],"product_cat":[196],"product_tag":[],"class_list":{"0":"post-2789","1":"product","2":"type-product","3":"status-publish","4":"has-post-thumbnail","6":"product_cat-suvapuhastus","8":"first","9":"instock","10":"taxable","11":"shipping-taxable","12":"purchasable","13":"product-type-simple"},"yoast_head":"<!-- This site is optimized with the Yoast SEO plugin v26.5 - https:\/\/yoast.com\/wordpress\/plugins\/seo\/ -->\n<title>Vanquish - Plekkide eemaldaja tekstiililt I ZEP Eesti<\/title>\n<meta name=\"description\" content=\"Vaipadelt ja polstritelt mustuse ning plekkide eemaldamise vahend. Sobib kasutamiseks k\u00f5igil v\u00e4rvikindlatel kangastel, ka villal. Heaks kiidetud Woolsafe poolt.\" \/>\n<meta name=\"robots\" content=\"index, follow, max-snippet:-1, max-image-preview:large, max-video-preview:-1\" \/>\n<link rel=\"canonical\" href=\"https:\/\/zepestonia.com\/en\/toode\/vanquish\/\" \/>\n<meta property=\"og:locale\" content=\"en_US\" \/>\n<meta property=\"og:type\" content=\"article\" \/>\n<meta property=\"og:title\" content=\"Vanquish - Plekkide eemaldaja tekstiililt I ZEP Eesti\" \/>\n<meta property=\"og:description\" content=\"Vaipadelt ja polstritelt mustuse ning plekkide eemaldamise vahend. Sobib kasutamiseks k\u00f5igil v\u00e4rvikindlatel kangastel, ka villal. Heaks kiidetud Woolsafe poolt.\" \/>\n<meta property=\"og:url\" content=\"https:\/\/zepestonia.com\/en\/toode\/vanquish\/\" \/>\n<meta property=\"og:site_name\" content=\"ZEP Eesti I Puhastusvahendid I E-pood\" \/>\n<meta property=\"article:publisher\" content=\"https:\/\/www.facebook.com\/ZepEesti\" \/>\n<meta property=\"article:modified_time\" content=\"2026-02-02T00:00:07+00:00\" \/>\n<meta property=\"og:image\" content=\"https:\/\/zepestonia.com\/wp-content\/uploads\/2021\/12\/583-60ea467aa43a79-01250830-Vanquish.png\" \/>\n\t<meta property=\"og:image:width\" content=\"400\" \/>\n\t<meta property=\"og:image:height\" content=\"600\" \/>\n\t<meta property=\"og:image:type\" content=\"image\/png\" \/>\n<meta name=\"twitter:card\" content=\"summary_large_image\" \/>\n<script type=\"application\/ld+json\" class=\"yoast-schema-graph\">{\"@context\":\"https:\/\/schema.org\",\"@graph\":[{\"@type\":\"WebPage\",\"@id\":\"https:\/\/zepestonia.com\/en\/toode\/vanquish\/\",\"url\":\"https:\/\/zepestonia.com\/en\/toode\/vanquish\/\",\"name\":\"Vanquish - Plekkide eemaldaja tekstiililt I ZEP Eesti\",\"isPartOf\":{\"@id\":\"https:\/\/zepestonia.com\/en\/#website\"},\"primaryImageOfPage\":{\"@id\":\"https:\/\/zepestonia.com\/en\/toode\/vanquish\/#primaryimage\"},\"image\":{\"@id\":\"https:\/\/zepestonia.com\/en\/toode\/vanquish\/#primaryimage\"},\"thumbnailUrl\":\"https:\/\/zepestonia.com\/wp-content\/uploads\/2021\/12\/583-60ea467aa43a79-01250830-Vanquish.png\",\"datePublished\":\"2021-11-29T19:00:33+00:00\",\"dateModified\":\"2026-02-02T00:00:07+00:00\",\"description\":\"Vaipadelt ja polstritelt mustuse ning plekkide eemaldamise vahend. Sobib kasutamiseks k\u00f5igil v\u00e4rvikindlatel kangastel, ka villal. Heaks kiidetud Woolsafe poolt.\",\"breadcrumb\":{\"@id\":\"https:\/\/zepestonia.com\/en\/toode\/vanquish\/#breadcrumb\"},\"inLanguage\":\"en-US\",\"potentialAction\":[{\"@type\":\"ReadAction\",\"target\":[\"https:\/\/zepestonia.com\/en\/toode\/vanquish\/\"]}]},{\"@type\":\"ImageObject\",\"inLanguage\":\"en-US\",\"@id\":\"https:\/\/zepestonia.com\/en\/toode\/vanquish\/#primaryimage\",\"url\":\"https:\/\/zepestonia.com\/wp-content\/uploads\/2021\/12\/583-60ea467aa43a79-01250830-Vanquish.png\",\"contentUrl\":\"https:\/\/zepestonia.com\/wp-content\/uploads\/2021\/12\/583-60ea467aa43a79-01250830-Vanquish.png\",\"width\":400,\"height\":600,\"caption\":\"583-60ea467aa43a79-01250830-Vanquish\"},{\"@type\":\"BreadcrumbList\",\"@id\":\"https:\/\/zepestonia.com\/en\/toode\/vanquish\/#breadcrumb\",\"itemListElement\":[{\"@type\":\"ListItem\",\"position\":1,\"name\":\"Home\",\"item\":\"https:\/\/zepestonia.com\/en\/\"},{\"@type\":\"ListItem\",\"position\":2,\"name\":\"Shop\",\"item\":\"https:\/\/zepestonia.com\/en\/?page_id=4643\"},{\"@type\":\"ListItem\",\"position\":3,\"name\":\"Vanquish &#8211; Plekkide eemaldaja tekstiililt\"}]},{\"@type\":\"WebSite\",\"@id\":\"https:\/\/zepestonia.com\/en\/#website\",\"url\":\"https:\/\/zepestonia.com\/en\/\",\"name\":\"ZEP Eesti I Puhastusvahendid I E-pood\",\"description\":\"Pakume puhastus- ja hooldusprobleemidele efektiivseid keskkonnas\u00f5bralikke lahendusi!\",\"publisher\":{\"@id\":\"https:\/\/zepestonia.com\/en\/#organization\"},\"potentialAction\":[{\"@type\":\"SearchAction\",\"target\":{\"@type\":\"EntryPoint\",\"urlTemplate\":\"https:\/\/zepestonia.com\/en\/?s={search_term_string}\"},\"query-input\":{\"@type\":\"PropertyValueSpecification\",\"valueRequired\":true,\"valueName\":\"search_term_string\"}}],\"inLanguage\":\"en-US\"},{\"@type\":\"Organization\",\"@id\":\"https:\/\/zepestonia.com\/en\/#organization\",\"name\":\"Zep Estonia\",\"url\":\"https:\/\/zepestonia.com\/en\/\",\"logo\":{\"@type\":\"ImageObject\",\"inLanguage\":\"en-US\",\"@id\":\"https:\/\/zepestonia.com\/en\/#\/schema\/logo\/image\/\",\"url\":\"https:\/\/zepestonia.com\/wp-content\/uploads\/2022\/03\/Zep-Logo_png.jpeg\",\"contentUrl\":\"https:\/\/zepestonia.com\/wp-content\/uploads\/2022\/03\/Zep-Logo_png.jpeg\",\"width\":109,\"height\":70,\"caption\":\"Zep Estonia\"},\"image\":{\"@id\":\"https:\/\/zepestonia.com\/en\/#\/schema\/logo\/image\/\"},\"sameAs\":[\"https:\/\/www.facebook.com\/ZepEesti\"]}]}<\/script>\n<!-- \/ Yoast SEO plugin. -->","yoast_head_json":{"title":"Vanquish - Plekkide eemaldaja tekstiililt I ZEP Eesti","description":"Vaipadelt ja polstritelt mustuse ning plekkide eemaldamise vahend. Sobib kasutamiseks k\u00f5igil v\u00e4rvikindlatel kangastel, ka villal. Heaks kiidetud Woolsafe poolt.","robots":{"index":"index","follow":"follow","max-snippet":"max-snippet:-1","max-image-preview":"max-image-preview:large","max-video-preview":"max-video-preview:-1"},"canonical":"https:\/\/zepestonia.com\/en\/toode\/vanquish\/","og_locale":"en_US","og_type":"article","og_title":"Vanquish - Plekkide eemaldaja tekstiililt I ZEP Eesti","og_description":"Vaipadelt ja polstritelt mustuse ning plekkide eemaldamise vahend. Sobib kasutamiseks k\u00f5igil v\u00e4rvikindlatel kangastel, ka villal. Heaks kiidetud Woolsafe poolt.","og_url":"https:\/\/zepestonia.com\/en\/toode\/vanquish\/","og_site_name":"ZEP Eesti I Puhastusvahendid I E-pood","article_publisher":"https:\/\/www.facebook.com\/ZepEesti","article_modified_time":"2026-02-02T00:00:07+00:00","og_image":[{"width":400,"height":600,"url":"https:\/\/zepestonia.com\/wp-content\/uploads\/2021\/12\/583-60ea467aa43a79-01250830-Vanquish.png","type":"image\/png"}],"twitter_card":"summary_large_image","schema":{"@context":"https:\/\/schema.org","@graph":[{"@type":"WebPage","@id":"https:\/\/zepestonia.com\/en\/toode\/vanquish\/","url":"https:\/\/zepestonia.com\/en\/toode\/vanquish\/","name":"Vanquish - Plekkide eemaldaja tekstiililt I ZEP Eesti","isPartOf":{"@id":"https:\/\/zepestonia.com\/en\/#website"},"primaryImageOfPage":{"@id":"https:\/\/zepestonia.com\/en\/toode\/vanquish\/#primaryimage"},"image":{"@id":"https:\/\/zepestonia.com\/en\/toode\/vanquish\/#primaryimage"},"thumbnailUrl":"https:\/\/zepestonia.com\/wp-content\/uploads\/2021\/12\/583-60ea467aa43a79-01250830-Vanquish.png","datePublished":"2021-11-29T19:00:33+00:00","dateModified":"2026-02-02T00:00:07+00:00","description":"Vaipadelt ja polstritelt mustuse ning plekkide eemaldamise vahend. Sobib kasutamiseks k\u00f5igil v\u00e4rvikindlatel kangastel, ka villal. Heaks kiidetud Woolsafe poolt.","breadcrumb":{"@id":"https:\/\/zepestonia.com\/en\/toode\/vanquish\/#breadcrumb"},"inLanguage":"en-US","potentialAction":[{"@type":"ReadAction","target":["https:\/\/zepestonia.com\/en\/toode\/vanquish\/"]}]},{"@type":"ImageObject","inLanguage":"en-US","@id":"https:\/\/zepestonia.com\/en\/toode\/vanquish\/#primaryimage","url":"https:\/\/zepestonia.com\/wp-content\/uploads\/2021\/12\/583-60ea467aa43a79-01250830-Vanquish.png","contentUrl":"https:\/\/zepestonia.com\/wp-content\/uploads\/2021\/12\/583-60ea467aa43a79-01250830-Vanquish.png","width":400,"height":600,"caption":"583-60ea467aa43a79-01250830-Vanquish"},{"@type":"BreadcrumbList","@id":"https:\/\/zepestonia.com\/en\/toode\/vanquish\/#breadcrumb","itemListElement":[{"@type":"ListItem","position":1,"name":"Home","item":"https:\/\/zepestonia.com\/en\/"},{"@type":"ListItem","position":2,"name":"Shop","item":"https:\/\/zepestonia.com\/en\/?page_id=4643"},{"@type":"ListItem","position":3,"name":"Vanquish &#8211; Plekkide eemaldaja tekstiililt"}]},{"@type":"WebSite","@id":"https:\/\/zepestonia.com\/en\/#website","url":"https:\/\/zepestonia.com\/en\/","name":"ZEP Eesti I Puhastusvahendid I E-pood","description":"Pakume puhastus- ja hooldusprobleemidele efektiivseid keskkonnas\u00f5bralikke lahendusi!","publisher":{"@id":"https:\/\/zepestonia.com\/en\/#organization"},"potentialAction":[{"@type":"SearchAction","target":{"@type":"EntryPoint","urlTemplate":"https:\/\/zepestonia.com\/en\/?s={search_term_string}"},"query-input":{"@type":"PropertyValueSpecification","valueRequired":true,"valueName":"search_term_string"}}],"inLanguage":"en-US"},{"@type":"Organization","@id":"https:\/\/zepestonia.com\/en\/#organization","name":"Zep Estonia","url":"https:\/\/zepestonia.com\/en\/","logo":{"@type":"ImageObject","inLanguage":"en-US","@id":"https:\/\/zepestonia.com\/en\/#\/schema\/logo\/image\/","url":"https:\/\/zepestonia.com\/wp-content\/uploads\/2022\/03\/Zep-Logo_png.jpeg","contentUrl":"https:\/\/zepestonia.com\/wp-content\/uploads\/2022\/03\/Zep-Logo_png.jpeg","width":109,"height":70,"caption":"Zep Estonia"},"image":{"@id":"https:\/\/zepestonia.com\/en\/#\/schema\/logo\/image\/"},"sameAs":["https:\/\/www.facebook.com\/ZepEesti"]}]}},"_links":{"self":[{"href":"https:\/\/zepestonia.com\/en\/wp-json\/wp\/v2\/product\/2789","targetHints":{"allow":["GET"]}}],"collection":[{"href":"https:\/\/zepestonia.com\/en\/wp-json\/wp\/v2\/product"}],"about":[{"href":"https:\/\/zepestonia.com\/en\/wp-json\/wp\/v2\/types\/product"}],"replies":[{"embeddable":true,"href":"https:\/\/zepestonia.com\/en\/wp-json\/wp\/v2\/comments?post=2789"}],"version-history":[{"count":2,"href":"https:\/\/zepestonia.com\/en\/wp-json\/wp\/v2\/product\/2789\/revisions"}],"predecessor-version":[{"id":11169,"href":"https:\/\/zepestonia.com\/en\/wp-json\/wp\/v2\/product\/2789\/revisions\/11169"}],"wp:featuredmedia":[{"embeddable":true,"href":"https:\/\/zepestonia.com\/en\/wp-json\/wp\/v2\/media\/3564"}],"wp:attachment":[{"href":"https:\/\/zepestonia.com\/en\/wp-json\/wp\/v2\/media?parent=2789"}],"wp:term":[{"taxonomy":"product_brand","embeddable":true,"href":"https:\/\/zepestonia.com\/en\/wp-json\/wp\/v2\/product_brand?post=2789"},{"taxonomy":"product_cat","embeddable":true,"href":"https:\/\/zepestonia.com\/en\/wp-json\/wp\/v2\/product_cat?post=2789"},{"taxonomy":"product_tag","embeddable":true,"href":"https:\/\/zepestonia.com\/en\/wp-json\/wp\/v2\/product_tag?post=2789"}],"curies":[{"name":"wp","href":"https:\/\/api.w.org\/{rel}","templated":true}]}}