{"id":2785,"date":"2021-11-29T19:00:32","date_gmt":"2021-11-29T19:00:32","guid":{"rendered":"https:\/\/zep.valgekana.ee\/toode\/q4-1-floor-2l\/"},"modified":"2026-04-02T05:45:34","modified_gmt":"2026-04-02T05:45:34","slug":"q4-1-floor-2l","status":"publish","type":"product","link":"https:\/\/zepestonia.com\/en\/toode\/q4-1-floor-2l\/","title":{"rendered":"Q4.1  FLOOR INOVSOL 2L &#8211; Kontsentreeritud p\u00f5randapesuvahend"},"content":{"rendered":"<ul>\n<li><span style=\"font-family: Arial;font-size: 13px;font-style: normal;font-weight: 400;letter-spacing: normal;text-align: left;text-indent: 0px;text-transform: none;white-space: pre-wrap;float: none\">Valmistada lahus 1:400 ( 20ml\/8L veekohta) <\/span><\/li>\n<li><span style=\"font-family: Arial;font-size: 13px;font-style: normal;font-weight: 400;letter-spacing: normal;text-align: left;text-indent: 0px;text-transform: none;white-space: pre-wrap;float: none\">Pesta tavalisel moel <\/span><\/li>\n<li><span style=\"font-family: Arial;font-size: 13px;font-style: normal;font-weight: 400;letter-spacing: normal;text-align: left;text-indent: 0px;text-transform: none;white-space: pre-wrap;float: none\">Ei vaja loputamist. <\/span><\/li>\n<\/ul>\n<p><span style=\"font-family: Arial;font-size: 13px;font-style: normal;font-weight: 400;letter-spacing: normal;text-align: left;text-indent: 0px;text-transform: none;white-space: pre-wrap;float: none\">pH: 7,0&nbsp;<\/span><\/p>\n","protected":false},"excerpt":{"rendered":"<p>Kontsentreeritud efektiivne p\u00f5randapesuvahend, millele on omistatud ka \u00f6kom\u00e4rgis.<br \/>\nEi vaja loputamist.<br \/>\nToode on biolagunev.<\/p>\n","protected":false},"featured_media":3662,"comment_status":"closed","ping_status":"closed","template":"","meta":[],"product_brand":[],"product_cat":[187],"product_tag":[],"class_list":{"0":"post-2785","1":"product","2":"type-product","3":"status-publish","4":"has-post-thumbnail","6":"product_cat-puhastus","8":"first","9":"instock","10":"taxable","11":"shipping-taxable","12":"purchasable","13":"product-type-simple"},"yoast_head":"<!-- This site is optimized with the Yoast SEO plugin v26.5 - https:\/\/yoast.com\/wordpress\/plugins\/seo\/ -->\n<title>Q4.1 FLOOR INOVSOL 2L-Kontsentreeritud p\u00f5randapesuvahend I ZEP Eesti<\/title>\n<meta name=\"description\" content=\"Kontsentreeritud efektiivne p\u00f5randapesuvahend, millele on omistatud ka \u00f6kom\u00e4rgis. Ei vaja loputamist. Toode on biolagunev. Valmistada lahus 20ml\/8L vee kohta.\" \/>\n<meta name=\"robots\" content=\"index, follow, max-snippet:-1, max-image-preview:large, max-video-preview:-1\" \/>\n<link rel=\"canonical\" href=\"https:\/\/zepestonia.com\/en\/toode\/q4-1-floor-2l\/\" \/>\n<meta property=\"og:locale\" content=\"en_US\" \/>\n<meta property=\"og:type\" content=\"article\" \/>\n<meta property=\"og:title\" content=\"Q4.1 FLOOR INOVSOL 2L-Kontsentreeritud p\u00f5randapesuvahend I ZEP Eesti\" \/>\n<meta property=\"og:description\" content=\"Kontsentreeritud efektiivne p\u00f5randapesuvahend, millele on omistatud ka \u00f6kom\u00e4rgis. Ei vaja loputamist. Toode on biolagunev. Valmistada lahus 20ml\/8L vee kohta.\" \/>\n<meta property=\"og:url\" content=\"https:\/\/zepestonia.com\/en\/toode\/q4-1-floor-2l\/\" \/>\n<meta property=\"og:site_name\" content=\"ZEP Eesti I Puhastusvahendid I E-pood\" \/>\n<meta property=\"article:publisher\" content=\"https:\/\/www.facebook.com\/ZepEesti\" \/>\n<meta property=\"article:modified_time\" content=\"2026-04-02T05:45:34+00:00\" \/>\n<meta property=\"og:image\" content=\"https:\/\/zepestonia.com\/wp-content\/uploads\/2021\/12\/138-60e7e212a141b8-70411155-Q4-120FLOOR.png\" \/>\n\t<meta property=\"og:image:width\" content=\"400\" \/>\n\t<meta property=\"og:image:height\" content=\"600\" \/>\n\t<meta property=\"og:image:type\" content=\"image\/png\" \/>\n<meta name=\"twitter:card\" content=\"summary_large_image\" \/>\n<script type=\"application\/ld+json\" class=\"yoast-schema-graph\">{\"@context\":\"https:\/\/schema.org\",\"@graph\":[{\"@type\":\"WebPage\",\"@id\":\"https:\/\/zepestonia.com\/en\/toode\/q4-1-floor-2l\/\",\"url\":\"https:\/\/zepestonia.com\/en\/toode\/q4-1-floor-2l\/\",\"name\":\"Q4.1 FLOOR INOVSOL 2L-Kontsentreeritud p\u00f5randapesuvahend I ZEP Eesti\",\"isPartOf\":{\"@id\":\"https:\/\/zepestonia.com\/en\/#website\"},\"primaryImageOfPage\":{\"@id\":\"https:\/\/zepestonia.com\/en\/toode\/q4-1-floor-2l\/#primaryimage\"},\"image\":{\"@id\":\"https:\/\/zepestonia.com\/en\/toode\/q4-1-floor-2l\/#primaryimage\"},\"thumbnailUrl\":\"https:\/\/zepestonia.com\/wp-content\/uploads\/2021\/12\/138-60e7e212a141b8-70411155-Q4-120FLOOR.png\",\"datePublished\":\"2021-11-29T19:00:32+00:00\",\"dateModified\":\"2026-04-02T05:45:34+00:00\",\"description\":\"Kontsentreeritud efektiivne p\u00f5randapesuvahend, millele on omistatud ka \u00f6kom\u00e4rgis. Ei vaja loputamist. Toode on biolagunev. Valmistada lahus 20ml\/8L vee kohta.\",\"breadcrumb\":{\"@id\":\"https:\/\/zepestonia.com\/en\/toode\/q4-1-floor-2l\/#breadcrumb\"},\"inLanguage\":\"en-US\",\"potentialAction\":[{\"@type\":\"ReadAction\",\"target\":[\"https:\/\/zepestonia.com\/en\/toode\/q4-1-floor-2l\/\"]}]},{\"@type\":\"ImageObject\",\"inLanguage\":\"en-US\",\"@id\":\"https:\/\/zepestonia.com\/en\/toode\/q4-1-floor-2l\/#primaryimage\",\"url\":\"https:\/\/zepestonia.com\/wp-content\/uploads\/2021\/12\/138-60e7e212a141b8-70411155-Q4-120FLOOR.png\",\"contentUrl\":\"https:\/\/zepestonia.com\/wp-content\/uploads\/2021\/12\/138-60e7e212a141b8-70411155-Q4-120FLOOR.png\",\"width\":400,\"height\":600,\"caption\":\"138-60e7e212a141b8-70411155-Q4-120FLOOR\"},{\"@type\":\"BreadcrumbList\",\"@id\":\"https:\/\/zepestonia.com\/en\/toode\/q4-1-floor-2l\/#breadcrumb\",\"itemListElement\":[{\"@type\":\"ListItem\",\"position\":1,\"name\":\"Home\",\"item\":\"https:\/\/zepestonia.com\/en\/\"},{\"@type\":\"ListItem\",\"position\":2,\"name\":\"Shop\",\"item\":\"https:\/\/zepestonia.com\/en\/?page_id=4643\"},{\"@type\":\"ListItem\",\"position\":3,\"name\":\"Q4.1 FLOOR INOVSOL 2L &#8211; Kontsentreeritud p\u00f5randapesuvahend\"}]},{\"@type\":\"WebSite\",\"@id\":\"https:\/\/zepestonia.com\/en\/#website\",\"url\":\"https:\/\/zepestonia.com\/en\/\",\"name\":\"ZEP Eesti I Puhastusvahendid I E-pood\",\"description\":\"Pakume puhastus- ja hooldusprobleemidele efektiivseid keskkonnas\u00f5bralikke lahendusi!\",\"publisher\":{\"@id\":\"https:\/\/zepestonia.com\/en\/#organization\"},\"potentialAction\":[{\"@type\":\"SearchAction\",\"target\":{\"@type\":\"EntryPoint\",\"urlTemplate\":\"https:\/\/zepestonia.com\/en\/?s={search_term_string}\"},\"query-input\":{\"@type\":\"PropertyValueSpecification\",\"valueRequired\":true,\"valueName\":\"search_term_string\"}}],\"inLanguage\":\"en-US\"},{\"@type\":\"Organization\",\"@id\":\"https:\/\/zepestonia.com\/en\/#organization\",\"name\":\"Zep Estonia\",\"url\":\"https:\/\/zepestonia.com\/en\/\",\"logo\":{\"@type\":\"ImageObject\",\"inLanguage\":\"en-US\",\"@id\":\"https:\/\/zepestonia.com\/en\/#\/schema\/logo\/image\/\",\"url\":\"https:\/\/zepestonia.com\/wp-content\/uploads\/2022\/03\/Zep-Logo_png.jpeg\",\"contentUrl\":\"https:\/\/zepestonia.com\/wp-content\/uploads\/2022\/03\/Zep-Logo_png.jpeg\",\"width\":109,\"height\":70,\"caption\":\"Zep Estonia\"},\"image\":{\"@id\":\"https:\/\/zepestonia.com\/en\/#\/schema\/logo\/image\/\"},\"sameAs\":[\"https:\/\/www.facebook.com\/ZepEesti\"]}]}<\/script>\n<!-- \/ Yoast SEO plugin. -->","yoast_head_json":{"title":"Q4.1 FLOOR INOVSOL 2L-Kontsentreeritud p\u00f5randapesuvahend I ZEP Eesti","description":"Kontsentreeritud efektiivne p\u00f5randapesuvahend, millele on omistatud ka \u00f6kom\u00e4rgis. Ei vaja loputamist. Toode on biolagunev. Valmistada lahus 20ml\/8L vee kohta.","robots":{"index":"index","follow":"follow","max-snippet":"max-snippet:-1","max-image-preview":"max-image-preview:large","max-video-preview":"max-video-preview:-1"},"canonical":"https:\/\/zepestonia.com\/en\/toode\/q4-1-floor-2l\/","og_locale":"en_US","og_type":"article","og_title":"Q4.1 FLOOR INOVSOL 2L-Kontsentreeritud p\u00f5randapesuvahend I ZEP Eesti","og_description":"Kontsentreeritud efektiivne p\u00f5randapesuvahend, millele on omistatud ka \u00f6kom\u00e4rgis. Ei vaja loputamist. Toode on biolagunev. Valmistada lahus 20ml\/8L vee kohta.","og_url":"https:\/\/zepestonia.com\/en\/toode\/q4-1-floor-2l\/","og_site_name":"ZEP Eesti I Puhastusvahendid I E-pood","article_publisher":"https:\/\/www.facebook.com\/ZepEesti","article_modified_time":"2026-04-02T05:45:34+00:00","og_image":[{"width":400,"height":600,"url":"https:\/\/zepestonia.com\/wp-content\/uploads\/2021\/12\/138-60e7e212a141b8-70411155-Q4-120FLOOR.png","type":"image\/png"}],"twitter_card":"summary_large_image","schema":{"@context":"https:\/\/schema.org","@graph":[{"@type":"WebPage","@id":"https:\/\/zepestonia.com\/en\/toode\/q4-1-floor-2l\/","url":"https:\/\/zepestonia.com\/en\/toode\/q4-1-floor-2l\/","name":"Q4.1 FLOOR INOVSOL 2L-Kontsentreeritud p\u00f5randapesuvahend I ZEP Eesti","isPartOf":{"@id":"https:\/\/zepestonia.com\/en\/#website"},"primaryImageOfPage":{"@id":"https:\/\/zepestonia.com\/en\/toode\/q4-1-floor-2l\/#primaryimage"},"image":{"@id":"https:\/\/zepestonia.com\/en\/toode\/q4-1-floor-2l\/#primaryimage"},"thumbnailUrl":"https:\/\/zepestonia.com\/wp-content\/uploads\/2021\/12\/138-60e7e212a141b8-70411155-Q4-120FLOOR.png","datePublished":"2021-11-29T19:00:32+00:00","dateModified":"2026-04-02T05:45:34+00:00","description":"Kontsentreeritud efektiivne p\u00f5randapesuvahend, millele on omistatud ka \u00f6kom\u00e4rgis. Ei vaja loputamist. Toode on biolagunev. Valmistada lahus 20ml\/8L vee kohta.","breadcrumb":{"@id":"https:\/\/zepestonia.com\/en\/toode\/q4-1-floor-2l\/#breadcrumb"},"inLanguage":"en-US","potentialAction":[{"@type":"ReadAction","target":["https:\/\/zepestonia.com\/en\/toode\/q4-1-floor-2l\/"]}]},{"@type":"ImageObject","inLanguage":"en-US","@id":"https:\/\/zepestonia.com\/en\/toode\/q4-1-floor-2l\/#primaryimage","url":"https:\/\/zepestonia.com\/wp-content\/uploads\/2021\/12\/138-60e7e212a141b8-70411155-Q4-120FLOOR.png","contentUrl":"https:\/\/zepestonia.com\/wp-content\/uploads\/2021\/12\/138-60e7e212a141b8-70411155-Q4-120FLOOR.png","width":400,"height":600,"caption":"138-60e7e212a141b8-70411155-Q4-120FLOOR"},{"@type":"BreadcrumbList","@id":"https:\/\/zepestonia.com\/en\/toode\/q4-1-floor-2l\/#breadcrumb","itemListElement":[{"@type":"ListItem","position":1,"name":"Home","item":"https:\/\/zepestonia.com\/en\/"},{"@type":"ListItem","position":2,"name":"Shop","item":"https:\/\/zepestonia.com\/en\/?page_id=4643"},{"@type":"ListItem","position":3,"name":"Q4.1 FLOOR INOVSOL 2L &#8211; Kontsentreeritud p\u00f5randapesuvahend"}]},{"@type":"WebSite","@id":"https:\/\/zepestonia.com\/en\/#website","url":"https:\/\/zepestonia.com\/en\/","name":"ZEP Eesti I Puhastusvahendid I E-pood","description":"Pakume puhastus- ja hooldusprobleemidele efektiivseid keskkonnas\u00f5bralikke lahendusi!","publisher":{"@id":"https:\/\/zepestonia.com\/en\/#organization"},"potentialAction":[{"@type":"SearchAction","target":{"@type":"EntryPoint","urlTemplate":"https:\/\/zepestonia.com\/en\/?s={search_term_string}"},"query-input":{"@type":"PropertyValueSpecification","valueRequired":true,"valueName":"search_term_string"}}],"inLanguage":"en-US"},{"@type":"Organization","@id":"https:\/\/zepestonia.com\/en\/#organization","name":"Zep Estonia","url":"https:\/\/zepestonia.com\/en\/","logo":{"@type":"ImageObject","inLanguage":"en-US","@id":"https:\/\/zepestonia.com\/en\/#\/schema\/logo\/image\/","url":"https:\/\/zepestonia.com\/wp-content\/uploads\/2022\/03\/Zep-Logo_png.jpeg","contentUrl":"https:\/\/zepestonia.com\/wp-content\/uploads\/2022\/03\/Zep-Logo_png.jpeg","width":109,"height":70,"caption":"Zep Estonia"},"image":{"@id":"https:\/\/zepestonia.com\/en\/#\/schema\/logo\/image\/"},"sameAs":["https:\/\/www.facebook.com\/ZepEesti"]}]}},"_links":{"self":[{"href":"https:\/\/zepestonia.com\/en\/wp-json\/wp\/v2\/product\/2785","targetHints":{"allow":["GET"]}}],"collection":[{"href":"https:\/\/zepestonia.com\/en\/wp-json\/wp\/v2\/product"}],"about":[{"href":"https:\/\/zepestonia.com\/en\/wp-json\/wp\/v2\/types\/product"}],"replies":[{"embeddable":true,"href":"https:\/\/zepestonia.com\/en\/wp-json\/wp\/v2\/comments?post=2785"}],"version-history":[{"count":2,"href":"https:\/\/zepestonia.com\/en\/wp-json\/wp\/v2\/product\/2785\/revisions"}],"predecessor-version":[{"id":14271,"href":"https:\/\/zepestonia.com\/en\/wp-json\/wp\/v2\/product\/2785\/revisions\/14271"}],"wp:featuredmedia":[{"embeddable":true,"href":"https:\/\/zepestonia.com\/en\/wp-json\/wp\/v2\/media\/3662"}],"wp:attachment":[{"href":"https:\/\/zepestonia.com\/en\/wp-json\/wp\/v2\/media?parent=2785"}],"wp:term":[{"taxonomy":"product_brand","embeddable":true,"href":"https:\/\/zepestonia.com\/en\/wp-json\/wp\/v2\/product_brand?post=2785"},{"taxonomy":"product_cat","embeddable":true,"href":"https:\/\/zepestonia.com\/en\/wp-json\/wp\/v2\/product_cat?post=2785"},{"taxonomy":"product_tag","embeddable":true,"href":"https:\/\/zepestonia.com\/en\/wp-json\/wp\/v2\/product_tag?post=2785"}],"curies":[{"name":"wp","href":"https:\/\/api.w.org\/{rel}","templated":true}]}}