{"id":2780,"date":"2021-11-29T19:00:32","date_gmt":"2021-11-29T19:00:32","guid":{"rendered":"https:\/\/zep.valgekana.ee\/toode\/netosol-5l\/"},"modified":"2026-02-21T01:30:29","modified_gmt":"2026-02-21T01:30:29","slug":"netosol-5l","status":"publish","type":"product","link":"https:\/\/zepestonia.com\/en\/toode\/netosol-5l\/","title":{"rendered":"Netosol 5L &#8211; \u00d5li ja vedelike absorbent"},"content":{"rendered":"<ul>\n<li><span style=\"font-size:14px\"><span class=\"markedContent\"><span dir=\"ltr\" role=\"presentation\" style=\"left: 90px;top: 619.511px;font-family: sans-serif\">Katta pritsmed<\/span><span dir=\"ltr\" role=\"presentation\" style=\"left: 220.98px;top: 619.511px;font-family: sans-serif\"> <\/span><span dir=\"ltr\" role=\"presentation\" style=\"left: 228.633px;top: 619.511px;font-family: sans-serif\">NETOSOL<\/span><span dir=\"ltr\" role=\"presentation\" style=\"left: 325.283px;top: 619.511px;font-family: sans-serif\">\u2019ga, lasta m\u00f5juda m\u00f5ned minutid ja p\u00fchkida kokku.<\/span><span dir=\"ltr\" role=\"presentation\" style=\"left: 786.843px;top: 619.511px;font-family: sans-serif\"> <\/span><\/span><\/span><\/li>\n<li><span style=\"font-size:14px\"><span class=\"markedContent\"><span dir=\"ltr\" role=\"presentation\" style=\"left: 794.967px;top: 619.511px;font-family: sans-serif\">NETOSOL<\/span><span dir=\"ltr\" role=\"presentation\" style=\"left: 891.367px;top: 619.511px;font-family: sans-serif\">\u2019i<\/span> <span dir=\"ltr\" role=\"presentation\" style=\"left: 90px;top: 642.511px;font-family: sans-serif\">on v\u00e4ga<\/span><span dir=\"ltr\" role=\"presentation\" style=\"left: 165.24px;top: 642.511px;font-family: sans-serif\"> <\/span><span dir=\"ltr\" role=\"presentation\" style=\"left: 175.033px;top: 642.511px;font-family: sans-serif\">lihtne kokku p\u00fchkida, kuna see s\u00e4ilitab oma granuleeritud vormi ilma tolmu ja<\/span> <span dir=\"ltr\" role=\"presentation\" style=\"left: 90px;top: 665.511px;font-family: sans-serif\">muda tekitamata<\/span><\/span><\/span><\/li>\n<\/ul>\n<p><span style=\"font-size:14px\"><span class=\"markedContent\" id=\"page3R_mcid29\"><span dir=\"ltr\" role=\"presentation\" style=\"left: 90px;top: 734.544px;font-family: sans-serif\">ABSORBEERIMISV\u00d5IME<\/span><span dir=\"ltr\" role=\"presentation\" style=\"left: 323.26px;top: 734.544px;font-family: sans-serif\"> <\/span><span dir=\"ltr\" role=\"presentation\" style=\"left: 329.083px;top: 734.544px;font-family: sans-serif\">(<\/span><span dir=\"ltr\" role=\"presentation\" style=\"left: 335.683px;top: 734.544px;font-family: sans-serif\">%<\/span><span dir=\"ltr\" role=\"presentation\" style=\"left: 353.463px;top: 734.544px;font-family: sans-serif\"> <\/span><span dir=\"ltr\" role=\"presentation\" style=\"left: 359.083px;top: 734.544px;font-family: sans-serif\">&#8211;<\/span><span dir=\"ltr\" role=\"presentation\" style=\"left: 365.743px;top: 734.544px;font-family: sans-serif\"> <\/span><span dir=\"ltr\" role=\"presentation\" style=\"left: 371.283px;top: 734.544px;font-family: sans-serif\">toote kaalust)<\/span><\/span><\/span><\/p>\n<ul>\n<li><span style=\"font-size:14px\"><span class=\"markedContent\" id=\"page3R_mcid30\"><span dir=\"ltr\" role=\"presentation\" style=\"left: 150.04px;top: 758.944px;font-family: sans-serif\">Vesi: 121<\/span><span dir=\"ltr\" role=\"presentation\" style=\"left: 236.86px;top: 758.944px;font-family: sans-serif\"> <\/span><span dir=\"ltr\" role=\"presentation\" style=\"left: 242.433px;top: 758.944px;font-family: sans-serif\">\u2013<\/span><span dir=\"ltr\" role=\"presentation\" style=\"left: 253.553px;top: 758.944px;font-family: sans-serif\"> <\/span><span dir=\"ltr\" role=\"presentation\" style=\"left: 259.033px;top: 758.944px;font-family: sans-serif\">129%<\/span><\/span><\/span><\/li>\n<li><span style=\"font-size:14px\"><span class=\"markedContent\"><span dir=\"ltr\" role=\"presentation\" style=\"left: 150.04px;top: 783.344px;font-family: sans-serif\">\u00d5li: 99<\/span><span dir=\"ltr\" role=\"presentation\" style=\"left: 216.74px;top: 783.344px;font-family: sans-serif\"> <\/span><span dir=\"ltr\" role=\"presentation\" style=\"left: 222.433px;top: 783.344px;font-family: sans-serif\">\u2013<\/span><span dir=\"ltr\" role=\"presentation\" style=\"left: 233.553px;top: 783.344px;font-family: sans-serif\"> <\/span><span dir=\"ltr\" role=\"presentation\" style=\"left: 239.033px;top: 783.344px;font-family: sans-serif\">108%<\/span><\/span><\/span><\/li>\n<\/ul>\n<p><span style=\"font-size:14px\"><span class=\"markedContent\" id=\"page3R_mcid27\"><strong><span style=\"color:#FF0000\"><span dir=\"ltr\" role=\"presentation\" style=\"left: 90px;top: 688.511px;font-family: sans-serif\">PS!<\/span><span dir=\"ltr\" role=\"presentation\" style=\"left: 123.46px;top: 688.511px;font-family: sans-serif\"> <\/span><\/span><\/strong><span dir=\"ltr\" role=\"presentation\" style=\"left: 129.04px;top: 688.511px;font-family: sans-serif\">Mitte kasutada vesinikfluoriidhappe absorbeerimiseks.<\/span><\/span><\/span><br \/>\n<img decoding=\"async\" src=\"https:\/\/cdn.erply.com\/assets\/386945\/file\/hDvMfH2w1EgjEDhy6n0KaZd3ZtPG1aUD78gdm5WhUPbuuX3v9i.jpg\" \/><\/p>\n","protected":false},"excerpt":{"rendered":"<p>Absorbeerib nii s\u00fcsivesiniku kui veep\u00f5hised pritsmed.<br \/>\n100 % naturaalne segu, mida on lihtne kasutada ja eemaldada.<br \/>\nJ\u00e4tab hooldatud pinna kuivaks ja puhtaks.<br \/>\nEi kinnitu jalatsitele.<br \/>\nKasutamiseks nii sise- kui v\u00e4listingimustes.<br \/>\nIdeaalne kasutamiseks p\u00e4\u00e4steametis, t\u00f6\u00f6kodades, ladudes, baarides, restoranides, hotellides, haiglates jne.<br \/>\nVASTAB J\u00c4RGMISTELE SERTIFIKAATIDELE:<br \/>\n\u2022 MPA-NRW t\u00fc\u00fcp III R sertifikaat nr. 22000646-00.<br \/>\n\u2022 Heaks kiidetud Saksamaa ja Prantsusmaa poolt kui t\u00e4navate absorbent.<br \/>\n\u2022 Heaks kiidetud Itaalia \u00d5huv\u00e4e poolt kui \u00f5li absorbent hoov\u00f5turadadel.<br \/>\n\u2022 Registreeritud NSF J1<\/p>\n","protected":false},"featured_media":4942,"comment_status":"closed","ping_status":"closed","template":"","meta":[],"product_brand":[],"product_cat":[204],"product_tag":[],"class_list":{"0":"post-2780","1":"product","2":"type-product","3":"status-publish","4":"has-post-thumbnail","6":"product_cat-keskkond","8":"first","9":"instock","10":"taxable","11":"shipping-taxable","12":"purchasable","13":"product-type-simple"},"yoast_head":"<!-- This site is optimized with the Yoast SEO plugin v26.5 - https:\/\/yoast.com\/wordpress\/plugins\/seo\/ -->\n<title>Netosol 5L - \u00d5li ja vedelike absorbent I ZEP Eesti<\/title>\n<meta name=\"description\" content=\"Absorbeerib nii s\u00fcsivesiniku kui veep\u00f5hised pritsmed. 100% naturaalne segu, mida on lihtne kasutada ja eemaldada. Kasutamiseks nii sise- kui v\u00e4listingimustes.\" \/>\n<meta name=\"robots\" content=\"index, follow, max-snippet:-1, max-image-preview:large, max-video-preview:-1\" \/>\n<link rel=\"canonical\" href=\"https:\/\/zepestonia.com\/en\/toode\/netosol-5l\/\" \/>\n<meta property=\"og:locale\" content=\"en_US\" \/>\n<meta property=\"og:type\" content=\"article\" \/>\n<meta property=\"og:title\" content=\"Netosol 5L - \u00d5li ja vedelike absorbent I ZEP Eesti\" \/>\n<meta property=\"og:description\" content=\"Absorbeerib nii s\u00fcsivesiniku kui veep\u00f5hised pritsmed. 100% naturaalne segu, mida on lihtne kasutada ja eemaldada. Kasutamiseks nii sise- kui v\u00e4listingimustes.\" \/>\n<meta property=\"og:url\" content=\"https:\/\/zepestonia.com\/en\/toode\/netosol-5l\/\" \/>\n<meta property=\"og:site_name\" content=\"ZEP Eesti I Puhastusvahendid I E-pood\" \/>\n<meta property=\"article:publisher\" content=\"https:\/\/www.facebook.com\/ZepEesti\" \/>\n<meta property=\"article:modified_time\" content=\"2026-02-21T01:30:29+00:00\" \/>\n<meta property=\"og:image\" content=\"https:\/\/zepestonia.com\/wp-content\/uploads\/2022\/02\/NETOSOL-2.png\" \/>\n\t<meta property=\"og:image:width\" content=\"70\" \/>\n\t<meta property=\"og:image:height\" content=\"70\" \/>\n\t<meta property=\"og:image:type\" content=\"image\/png\" \/>\n<meta name=\"twitter:card\" content=\"summary_large_image\" \/>\n<script type=\"application\/ld+json\" class=\"yoast-schema-graph\">{\"@context\":\"https:\/\/schema.org\",\"@graph\":[{\"@type\":\"WebPage\",\"@id\":\"https:\/\/zepestonia.com\/en\/toode\/netosol-5l\/\",\"url\":\"https:\/\/zepestonia.com\/en\/toode\/netosol-5l\/\",\"name\":\"Netosol 5L - \u00d5li ja vedelike absorbent I ZEP Eesti\",\"isPartOf\":{\"@id\":\"https:\/\/zepestonia.com\/en\/#website\"},\"primaryImageOfPage\":{\"@id\":\"https:\/\/zepestonia.com\/en\/toode\/netosol-5l\/#primaryimage\"},\"image\":{\"@id\":\"https:\/\/zepestonia.com\/en\/toode\/netosol-5l\/#primaryimage\"},\"thumbnailUrl\":\"https:\/\/zepestonia.com\/wp-content\/uploads\/2022\/02\/NETOSOL-2.png\",\"datePublished\":\"2021-11-29T19:00:32+00:00\",\"dateModified\":\"2026-02-21T01:30:29+00:00\",\"description\":\"Absorbeerib nii s\u00fcsivesiniku kui veep\u00f5hised pritsmed. 100% naturaalne segu, mida on lihtne kasutada ja eemaldada. Kasutamiseks nii sise- kui v\u00e4listingimustes.\",\"breadcrumb\":{\"@id\":\"https:\/\/zepestonia.com\/en\/toode\/netosol-5l\/#breadcrumb\"},\"inLanguage\":\"en-US\",\"potentialAction\":[{\"@type\":\"ReadAction\",\"target\":[\"https:\/\/zepestonia.com\/en\/toode\/netosol-5l\/\"]}]},{\"@type\":\"ImageObject\",\"inLanguage\":\"en-US\",\"@id\":\"https:\/\/zepestonia.com\/en\/toode\/netosol-5l\/#primaryimage\",\"url\":\"https:\/\/zepestonia.com\/wp-content\/uploads\/2022\/02\/NETOSOL-2.png\",\"contentUrl\":\"https:\/\/zepestonia.com\/wp-content\/uploads\/2022\/02\/NETOSOL-2.png\",\"width\":70,\"height\":70,\"caption\":\"NETOSOL-2\"},{\"@type\":\"BreadcrumbList\",\"@id\":\"https:\/\/zepestonia.com\/en\/toode\/netosol-5l\/#breadcrumb\",\"itemListElement\":[{\"@type\":\"ListItem\",\"position\":1,\"name\":\"Home\",\"item\":\"https:\/\/zepestonia.com\/en\/\"},{\"@type\":\"ListItem\",\"position\":2,\"name\":\"Shop\",\"item\":\"https:\/\/zepestonia.com\/en\/?page_id=4643\"},{\"@type\":\"ListItem\",\"position\":3,\"name\":\"Netosol 5L &#8211; \u00d5li ja vedelike absorbent\"}]},{\"@type\":\"WebSite\",\"@id\":\"https:\/\/zepestonia.com\/en\/#website\",\"url\":\"https:\/\/zepestonia.com\/en\/\",\"name\":\"ZEP Eesti I Puhastusvahendid I E-pood\",\"description\":\"Pakume puhastus- ja hooldusprobleemidele efektiivseid keskkonnas\u00f5bralikke lahendusi!\",\"publisher\":{\"@id\":\"https:\/\/zepestonia.com\/en\/#organization\"},\"potentialAction\":[{\"@type\":\"SearchAction\",\"target\":{\"@type\":\"EntryPoint\",\"urlTemplate\":\"https:\/\/zepestonia.com\/en\/?s={search_term_string}\"},\"query-input\":{\"@type\":\"PropertyValueSpecification\",\"valueRequired\":true,\"valueName\":\"search_term_string\"}}],\"inLanguage\":\"en-US\"},{\"@type\":\"Organization\",\"@id\":\"https:\/\/zepestonia.com\/en\/#organization\",\"name\":\"Zep Estonia\",\"url\":\"https:\/\/zepestonia.com\/en\/\",\"logo\":{\"@type\":\"ImageObject\",\"inLanguage\":\"en-US\",\"@id\":\"https:\/\/zepestonia.com\/en\/#\/schema\/logo\/image\/\",\"url\":\"https:\/\/zepestonia.com\/wp-content\/uploads\/2022\/03\/Zep-Logo_png.jpeg\",\"contentUrl\":\"https:\/\/zepestonia.com\/wp-content\/uploads\/2022\/03\/Zep-Logo_png.jpeg\",\"width\":109,\"height\":70,\"caption\":\"Zep Estonia\"},\"image\":{\"@id\":\"https:\/\/zepestonia.com\/en\/#\/schema\/logo\/image\/\"},\"sameAs\":[\"https:\/\/www.facebook.com\/ZepEesti\"]}]}<\/script>\n<!-- \/ Yoast SEO plugin. -->","yoast_head_json":{"title":"Netosol 5L - \u00d5li ja vedelike absorbent I ZEP Eesti","description":"Absorbeerib nii s\u00fcsivesiniku kui veep\u00f5hised pritsmed. 100% naturaalne segu, mida on lihtne kasutada ja eemaldada. Kasutamiseks nii sise- kui v\u00e4listingimustes.","robots":{"index":"index","follow":"follow","max-snippet":"max-snippet:-1","max-image-preview":"max-image-preview:large","max-video-preview":"max-video-preview:-1"},"canonical":"https:\/\/zepestonia.com\/en\/toode\/netosol-5l\/","og_locale":"en_US","og_type":"article","og_title":"Netosol 5L - \u00d5li ja vedelike absorbent I ZEP Eesti","og_description":"Absorbeerib nii s\u00fcsivesiniku kui veep\u00f5hised pritsmed. 100% naturaalne segu, mida on lihtne kasutada ja eemaldada. Kasutamiseks nii sise- kui v\u00e4listingimustes.","og_url":"https:\/\/zepestonia.com\/en\/toode\/netosol-5l\/","og_site_name":"ZEP Eesti I Puhastusvahendid I E-pood","article_publisher":"https:\/\/www.facebook.com\/ZepEesti","article_modified_time":"2026-02-21T01:30:29+00:00","og_image":[{"width":70,"height":70,"url":"https:\/\/zepestonia.com\/wp-content\/uploads\/2022\/02\/NETOSOL-2.png","type":"image\/png"}],"twitter_card":"summary_large_image","schema":{"@context":"https:\/\/schema.org","@graph":[{"@type":"WebPage","@id":"https:\/\/zepestonia.com\/en\/toode\/netosol-5l\/","url":"https:\/\/zepestonia.com\/en\/toode\/netosol-5l\/","name":"Netosol 5L - \u00d5li ja vedelike absorbent I ZEP Eesti","isPartOf":{"@id":"https:\/\/zepestonia.com\/en\/#website"},"primaryImageOfPage":{"@id":"https:\/\/zepestonia.com\/en\/toode\/netosol-5l\/#primaryimage"},"image":{"@id":"https:\/\/zepestonia.com\/en\/toode\/netosol-5l\/#primaryimage"},"thumbnailUrl":"https:\/\/zepestonia.com\/wp-content\/uploads\/2022\/02\/NETOSOL-2.png","datePublished":"2021-11-29T19:00:32+00:00","dateModified":"2026-02-21T01:30:29+00:00","description":"Absorbeerib nii s\u00fcsivesiniku kui veep\u00f5hised pritsmed. 100% naturaalne segu, mida on lihtne kasutada ja eemaldada. Kasutamiseks nii sise- kui v\u00e4listingimustes.","breadcrumb":{"@id":"https:\/\/zepestonia.com\/en\/toode\/netosol-5l\/#breadcrumb"},"inLanguage":"en-US","potentialAction":[{"@type":"ReadAction","target":["https:\/\/zepestonia.com\/en\/toode\/netosol-5l\/"]}]},{"@type":"ImageObject","inLanguage":"en-US","@id":"https:\/\/zepestonia.com\/en\/toode\/netosol-5l\/#primaryimage","url":"https:\/\/zepestonia.com\/wp-content\/uploads\/2022\/02\/NETOSOL-2.png","contentUrl":"https:\/\/zepestonia.com\/wp-content\/uploads\/2022\/02\/NETOSOL-2.png","width":70,"height":70,"caption":"NETOSOL-2"},{"@type":"BreadcrumbList","@id":"https:\/\/zepestonia.com\/en\/toode\/netosol-5l\/#breadcrumb","itemListElement":[{"@type":"ListItem","position":1,"name":"Home","item":"https:\/\/zepestonia.com\/en\/"},{"@type":"ListItem","position":2,"name":"Shop","item":"https:\/\/zepestonia.com\/en\/?page_id=4643"},{"@type":"ListItem","position":3,"name":"Netosol 5L &#8211; \u00d5li ja vedelike absorbent"}]},{"@type":"WebSite","@id":"https:\/\/zepestonia.com\/en\/#website","url":"https:\/\/zepestonia.com\/en\/","name":"ZEP Eesti I Puhastusvahendid I E-pood","description":"Pakume puhastus- ja hooldusprobleemidele efektiivseid keskkonnas\u00f5bralikke lahendusi!","publisher":{"@id":"https:\/\/zepestonia.com\/en\/#organization"},"potentialAction":[{"@type":"SearchAction","target":{"@type":"EntryPoint","urlTemplate":"https:\/\/zepestonia.com\/en\/?s={search_term_string}"},"query-input":{"@type":"PropertyValueSpecification","valueRequired":true,"valueName":"search_term_string"}}],"inLanguage":"en-US"},{"@type":"Organization","@id":"https:\/\/zepestonia.com\/en\/#organization","name":"Zep Estonia","url":"https:\/\/zepestonia.com\/en\/","logo":{"@type":"ImageObject","inLanguage":"en-US","@id":"https:\/\/zepestonia.com\/en\/#\/schema\/logo\/image\/","url":"https:\/\/zepestonia.com\/wp-content\/uploads\/2022\/03\/Zep-Logo_png.jpeg","contentUrl":"https:\/\/zepestonia.com\/wp-content\/uploads\/2022\/03\/Zep-Logo_png.jpeg","width":109,"height":70,"caption":"Zep Estonia"},"image":{"@id":"https:\/\/zepestonia.com\/en\/#\/schema\/logo\/image\/"},"sameAs":["https:\/\/www.facebook.com\/ZepEesti"]}]}},"_links":{"self":[{"href":"https:\/\/zepestonia.com\/en\/wp-json\/wp\/v2\/product\/2780","targetHints":{"allow":["GET"]}}],"collection":[{"href":"https:\/\/zepestonia.com\/en\/wp-json\/wp\/v2\/product"}],"about":[{"href":"https:\/\/zepestonia.com\/en\/wp-json\/wp\/v2\/types\/product"}],"replies":[{"embeddable":true,"href":"https:\/\/zepestonia.com\/en\/wp-json\/wp\/v2\/comments?post=2780"}],"version-history":[{"count":4,"href":"https:\/\/zepestonia.com\/en\/wp-json\/wp\/v2\/product\/2780\/revisions"}],"predecessor-version":[{"id":14229,"href":"https:\/\/zepestonia.com\/en\/wp-json\/wp\/v2\/product\/2780\/revisions\/14229"}],"wp:featuredmedia":[{"embeddable":true,"href":"https:\/\/zepestonia.com\/en\/wp-json\/wp\/v2\/media\/4942"}],"wp:attachment":[{"href":"https:\/\/zepestonia.com\/en\/wp-json\/wp\/v2\/media?parent=2780"}],"wp:term":[{"taxonomy":"product_brand","embeddable":true,"href":"https:\/\/zepestonia.com\/en\/wp-json\/wp\/v2\/product_brand?post=2780"},{"taxonomy":"product_cat","embeddable":true,"href":"https:\/\/zepestonia.com\/en\/wp-json\/wp\/v2\/product_cat?post=2780"},{"taxonomy":"product_tag","embeddable":true,"href":"https:\/\/zepestonia.com\/en\/wp-json\/wp\/v2\/product_tag?post=2780"}],"curies":[{"name":"wp","href":"https:\/\/api.w.org\/{rel}","templated":true}]}}