{"id":2779,"date":"2021-11-29T19:00:32","date_gmt":"2021-11-29T19:00:32","guid":{"rendered":"https:\/\/zep.valgekana.ee\/toode\/five-star\/"},"modified":"2025-07-01T00:24:28","modified_gmt":"2025-07-01T00:24:28","slug":"five-star","status":"publish","type":"product","link":"https:\/\/zepestonia.com\/en\/toode\/five-star\/","title":{"rendered":"Five Star * &#8211; Metallide puhastaja, l\u00e4igestaja ja kaitsja"},"content":{"rendered":"<p><span style=\"font-size:14px\"><span class=\"markedContent\" id=\"page3R_mcid20\"><strong><span dir=\"ltr\" role=\"presentation\" style=\"left: 90px;top: 629.911px;font-family: sans-serif\">Rooste eemaldamiseks<\/span><\/strong><span dir=\"ltr\" role=\"presentation\" style=\"left: 312.433px;top: 629.911px;font-family: sans-serif\"><strong>: <\/strong><br \/>\n&nbsp;&nbsp; K<\/span><span dir=\"ltr\" role=\"presentation\" style=\"left: 334.483px;top: 629.911px;font-family: sans-serif\">atta puhastatav pind<\/span><span dir=\"ltr\" role=\"presentation\" style=\"left: 516.203px;top: 629.911px;font-family: sans-serif\"> <\/span><span dir=\"ltr\" role=\"presentation\" style=\"left: 523.083px;top: 629.911px;font-family: sans-serif\">vahendi<\/span><span dir=\"ltr\" role=\"presentation\" style=\"left: 593.117px;top: 629.911px;font-family: sans-serif\">ga ja h\u00f5\u00f5ruda 0000 terask\u00e4snaga.<\/span><br role=\"presentation\" \/><br \/>\n<span dir=\"ltr\" role=\"presentation\" style=\"left: 90px;top: 652.911px;font-family: sans-serif\">&nbsp;&nbsp; L\u00e4igestada pe<\/span><span dir=\"ltr\" role=\"presentation\" style=\"left: 215.833px;top: 652.911px;font-family: sans-serif\">hme riidega.<\/span><\/span><br role=\"presentation\" \/><br \/>\n<span class=\"markedContent\" id=\"page3R_mcid21\"><strong><span dir=\"ltr\" role=\"presentation\" style=\"left: 90px;top: 675.911px;font-family: sans-serif\">Fiiberklaas ja v\u00e4rvitud pinnad<\/span><\/strong><span dir=\"ltr\" role=\"presentation\" style=\"left: 373.083px;top: 675.911px;font-family: sans-serif\"><strong>: <\/strong><br \/>\n&nbsp;&nbsp; K<\/span><span dir=\"ltr\" role=\"presentation\" style=\"left: 394.683px;top: 675.911px;font-family: sans-serif\">anda<\/span><span dir=\"ltr\" role=\"presentation\" style=\"left: 439.163px;top: 675.911px;font-family: sans-serif\"> <\/span><span dir=\"ltr\" role=\"presentation\" style=\"left: 445.483px;top: 675.911px;font-family: sans-serif\">vahendit \u00f5huke kiht puhastatava pinna<\/span><span dir=\"ltr\" role=\"presentation\" style=\"left: 788.643px;top: 675.911px;font-family: sans-serif\"> <\/span><span dir=\"ltr\" role=\"presentation\" style=\"left: 795.167px;top: 675.911px;font-family: sans-serif\">peale m\u00e4rja<\/span> <span dir=\"ltr\" role=\"presentation\" style=\"left: 90px;top: 698.911px;font-family: sans-serif\">lapiga.<br \/>\n&nbsp;&nbsp; H\u00f5\u00f5ruda ringikujuliselt.<br \/>\n&nbsp;&nbsp; Poleerida kuiva riidega.<\/span><\/span><br role=\"presentation\" \/><br \/>\n<span class=\"markedContent\" id=\"page3R_mcid22\"><strong><span dir=\"ltr\" role=\"presentation\" style=\"left: 90px;top: 721.911px;font-family: sans-serif\">Kroomi, magneesiumi ja sulamite puhastamiseks<\/span><\/strong><span dir=\"ltr\" role=\"presentation\" style=\"left: 562.517px;top: 721.911px;font-family: sans-serif\"><strong>:<\/strong><br \/>\n&nbsp;&nbsp; K<\/span><span dir=\"ltr\" role=\"presentation\" style=\"left: 584.717px;top: 721.911px;font-family: sans-serif\">anda peale paberr\u00e4tiga ja h\u00f5\u00f5ruda.<\/span><br role=\"presentation\" \/><br \/>\n<span dir=\"ltr\" role=\"presentation\" style=\"left: 90px;top: 744.944px;font-family: sans-serif\">&nbsp;&nbsp; Poleerida kuiv<\/span><span dir=\"ltr\" role=\"presentation\" style=\"left: 215.833px;top: 744.944px;font-family: sans-serif\">a riidega.<\/span><\/span><br role=\"presentation\" \/><br \/>\n<span class=\"markedContent\" id=\"page3R_mcid23\"><strong><span dir=\"ltr\" role=\"presentation\" style=\"left: 90px;top: 767.944px;font-family: sans-serif\">Tuhmunud h\u00f5be<\/span><\/strong><span dir=\"ltr\" role=\"presentation\" style=\"left: 249.633px;top: 767.944px;font-family: sans-serif\"><strong>: <\/strong><br \/>\n&nbsp;&nbsp; K<\/span><span dir=\"ltr\" role=\"presentation\" style=\"left: 273.433px;top: 767.944px;font-family: sans-serif\">anda peale v\u00e4ga \u00f5huke kiht<\/span><span dir=\"ltr\" role=\"presentation\" style=\"left: 529.053px;top: 767.944px;font-family: sans-serif\"> <\/span><span dir=\"ltr\" role=\"presentation\" style=\"left: 537.917px;top: 767.944px;font-family: sans-serif\">vahendit<\/span><span dir=\"ltr\" role=\"presentation\" style=\"left: 613.437px;top: 767.944px;font-family: sans-serif\"> <\/span><span dir=\"ltr\" role=\"presentation\" style=\"left: 621.717px;top: 767.944px;font-family: sans-serif\">pehme riidega.<br \/>\n&nbsp;&nbsp; Poleerida, kuni<\/span> <span dir=\"ltr\" role=\"presentation\" style=\"left: 90px;top: 790.944px;font-family: sans-serif\">h\u00f5be muutub puhtaks ja l\u00e4ikivaks.<br \/>\n&nbsp;&nbsp; Pesta seebiveega ja kuivatada korralikult.<\/span><\/span><br role=\"presentation\" \/><br \/>\n<span class=\"markedContent\" id=\"page3R_mcid24\"><strong><span dir=\"ltr\" role=\"presentation\" style=\"left: 90px;top: 813.944px;font-family: sans-serif\">Tuhmunud messing, vask, pronks jne<\/span><\/strong><span dir=\"ltr\" role=\"presentation\" style=\"left: 460.883px;top: 813.944px;font-family: sans-serif\"><strong>: <\/strong><br \/>\n&nbsp;&nbsp; K<\/span><span dir=\"ltr\" role=\"presentation\" style=\"left: 485.083px;top: 813.944px;font-family: sans-serif\">anda peale paberr\u00e4tiga, h\u00f5\u00f5ruda ja poleerida<\/span> <span dir=\"ltr\" role=\"presentation\" style=\"left: 90px;top: 836.944px;font-family: sans-serif\">peh<\/span><span dir=\"ltr\" role=\"presentation\" style=\"left: 123.44px;top: 836.944px;font-family: sans-serif\">me riidega.<\/span><\/span><br role=\"presentation\" \/><br \/>\n<span class=\"markedContent\" id=\"page3R_mcid25\"><span dir=\"ltr\" role=\"presentation\" style=\"left: 90px;top: 859.944px;font-family: sans-serif\">&nbsp;&nbsp; Lubja j\u00e4\u00e4gid<\/span><span dir=\"ltr\" role=\"presentation\" style=\"left: 212.033px;top: 859.944px;font-family: sans-serif\">: k<\/span><span dir=\"ltr\" role=\"presentation\" style=\"left: 238.233px;top: 859.944px;font-family: sans-serif\">anda peale hambaharjaga v\u00f5i nailonk\u00e4snaga.<br \/>\n&nbsp;&nbsp; H\u00f5\u00f5ruda, kuni j\u00e4\u00e4gid on<\/span> <span dir=\"ltr\" role=\"presentation\" style=\"left: 90px;top: 882.944px;font-family: sans-serif\">kadunud.<br \/>\n&nbsp;&nbsp; Poleerida pehme riidega.<br \/>\nPH 9,5<\/span><\/span><\/span><\/p>\n","protected":false},"excerpt":{"rendered":"<p>Erakordne k\u00f5ikide metallide l\u00e4igestaja.<br \/>\nKaitseb rooste, tuhmumise ja veepritsmete eest.<br \/>\nKasutamiseks vasel, kroomil, roostevaba terasel, messingil, h\u00f5bedal, kullal, alumiiniumil, magneesiumil, alumiiniumi sulamitel, niklil, tsingil, pronksil, tinal.<br \/>\nOmab sertifikaati MIL P-P.560Be ja vastab normile MIL P6333B.<\/p>\n","protected":false},"featured_media":3613,"comment_status":"closed","ping_status":"closed","template":"","meta":[],"product_brand":[],"product_cat":[215],"product_tag":[],"class_list":{"0":"post-2779","1":"product","2":"type-product","3":"status-publish","4":"has-post-thumbnail","6":"product_cat-metall","8":"first","9":"instock","10":"taxable","11":"shipping-taxable","12":"purchasable","13":"product-type-simple"},"yoast_head":"<!-- This site is optimized with the Yoast SEO plugin v26.5 - https:\/\/yoast.com\/wordpress\/plugins\/seo\/ -->\n<title>Five Star * - Metallide puhastaja, l\u00e4igestaja ja kaitsja I ZEP Eesti<\/title>\n<meta name=\"description\" content=\"Erakordne k\u00f5ikide metallide l\u00e4igestaja. Kaitseb rooste, tuhmumise ja veepritsmete eest. Kasutamiseks vasel, kroomil, roostevaba terasel, h\u00f5bedal, kullal jne.\" \/>\n<meta name=\"robots\" content=\"index, follow, max-snippet:-1, max-image-preview:large, max-video-preview:-1\" \/>\n<link rel=\"canonical\" href=\"https:\/\/zepestonia.com\/en\/toode\/five-star\/\" \/>\n<meta property=\"og:locale\" content=\"en_US\" \/>\n<meta property=\"og:type\" content=\"article\" \/>\n<meta property=\"og:title\" content=\"Five Star * - Metallide puhastaja, l\u00e4igestaja ja kaitsja I ZEP Eesti\" \/>\n<meta property=\"og:description\" content=\"Erakordne k\u00f5ikide metallide l\u00e4igestaja. Kaitseb rooste, tuhmumise ja veepritsmete eest. Kasutamiseks vasel, kroomil, roostevaba terasel, h\u00f5bedal, kullal jne.\" \/>\n<meta property=\"og:url\" content=\"https:\/\/zepestonia.com\/en\/toode\/five-star\/\" \/>\n<meta property=\"og:site_name\" content=\"ZEP Eesti I Puhastusvahendid I E-pood\" \/>\n<meta property=\"article:publisher\" content=\"https:\/\/www.facebook.com\/ZepEesti\" \/>\n<meta property=\"article:modified_time\" content=\"2025-07-01T00:24:28+00:00\" \/>\n<meta property=\"og:image\" content=\"https:\/\/zepestonia.com\/wp-content\/uploads\/2021\/12\/68-60de7bd5d6c603-66055289-Five20Star.png\" \/>\n\t<meta property=\"og:image:width\" content=\"400\" \/>\n\t<meta property=\"og:image:height\" content=\"600\" \/>\n\t<meta property=\"og:image:type\" content=\"image\/png\" \/>\n<meta name=\"twitter:card\" content=\"summary_large_image\" \/>\n<meta name=\"twitter:label1\" content=\"Est. reading time\" \/>\n\t<meta name=\"twitter:data1\" content=\"1 minute\" \/>\n<script type=\"application\/ld+json\" class=\"yoast-schema-graph\">{\"@context\":\"https:\/\/schema.org\",\"@graph\":[{\"@type\":\"WebPage\",\"@id\":\"https:\/\/zepestonia.com\/en\/toode\/five-star\/\",\"url\":\"https:\/\/zepestonia.com\/en\/toode\/five-star\/\",\"name\":\"Five Star * - Metallide puhastaja, l\u00e4igestaja ja kaitsja I ZEP Eesti\",\"isPartOf\":{\"@id\":\"https:\/\/zepestonia.com\/en\/#website\"},\"primaryImageOfPage\":{\"@id\":\"https:\/\/zepestonia.com\/en\/toode\/five-star\/#primaryimage\"},\"image\":{\"@id\":\"https:\/\/zepestonia.com\/en\/toode\/five-star\/#primaryimage\"},\"thumbnailUrl\":\"https:\/\/zepestonia.com\/wp-content\/uploads\/2021\/12\/68-60de7bd5d6c603-66055289-Five20Star.png\",\"datePublished\":\"2021-11-29T19:00:32+00:00\",\"dateModified\":\"2025-07-01T00:24:28+00:00\",\"description\":\"Erakordne k\u00f5ikide metallide l\u00e4igestaja. Kaitseb rooste, tuhmumise ja veepritsmete eest. Kasutamiseks vasel, kroomil, roostevaba terasel, h\u00f5bedal, kullal jne.\",\"breadcrumb\":{\"@id\":\"https:\/\/zepestonia.com\/en\/toode\/five-star\/#breadcrumb\"},\"inLanguage\":\"en-US\",\"potentialAction\":[{\"@type\":\"ReadAction\",\"target\":[\"https:\/\/zepestonia.com\/en\/toode\/five-star\/\"]}]},{\"@type\":\"ImageObject\",\"inLanguage\":\"en-US\",\"@id\":\"https:\/\/zepestonia.com\/en\/toode\/five-star\/#primaryimage\",\"url\":\"https:\/\/zepestonia.com\/wp-content\/uploads\/2021\/12\/68-60de7bd5d6c603-66055289-Five20Star.png\",\"contentUrl\":\"https:\/\/zepestonia.com\/wp-content\/uploads\/2021\/12\/68-60de7bd5d6c603-66055289-Five20Star.png\",\"width\":400,\"height\":600,\"caption\":\"68-60de7bd5d6c603-66055289-Five20Star\"},{\"@type\":\"BreadcrumbList\",\"@id\":\"https:\/\/zepestonia.com\/en\/toode\/five-star\/#breadcrumb\",\"itemListElement\":[{\"@type\":\"ListItem\",\"position\":1,\"name\":\"Home\",\"item\":\"https:\/\/zepestonia.com\/en\/\"},{\"@type\":\"ListItem\",\"position\":2,\"name\":\"Shop\",\"item\":\"https:\/\/zepestonia.com\/en\/?page_id=4643\"},{\"@type\":\"ListItem\",\"position\":3,\"name\":\"Five Star * &#8211; Metallide puhastaja, l\u00e4igestaja ja kaitsja\"}]},{\"@type\":\"WebSite\",\"@id\":\"https:\/\/zepestonia.com\/en\/#website\",\"url\":\"https:\/\/zepestonia.com\/en\/\",\"name\":\"ZEP Eesti I Puhastusvahendid I E-pood\",\"description\":\"Pakume puhastus- ja hooldusprobleemidele efektiivseid keskkonnas\u00f5bralikke lahendusi!\",\"publisher\":{\"@id\":\"https:\/\/zepestonia.com\/en\/#organization\"},\"potentialAction\":[{\"@type\":\"SearchAction\",\"target\":{\"@type\":\"EntryPoint\",\"urlTemplate\":\"https:\/\/zepestonia.com\/en\/?s={search_term_string}\"},\"query-input\":{\"@type\":\"PropertyValueSpecification\",\"valueRequired\":true,\"valueName\":\"search_term_string\"}}],\"inLanguage\":\"en-US\"},{\"@type\":\"Organization\",\"@id\":\"https:\/\/zepestonia.com\/en\/#organization\",\"name\":\"Zep Estonia\",\"url\":\"https:\/\/zepestonia.com\/en\/\",\"logo\":{\"@type\":\"ImageObject\",\"inLanguage\":\"en-US\",\"@id\":\"https:\/\/zepestonia.com\/en\/#\/schema\/logo\/image\/\",\"url\":\"https:\/\/zepestonia.com\/wp-content\/uploads\/2022\/03\/Zep-Logo_png.jpeg\",\"contentUrl\":\"https:\/\/zepestonia.com\/wp-content\/uploads\/2022\/03\/Zep-Logo_png.jpeg\",\"width\":109,\"height\":70,\"caption\":\"Zep Estonia\"},\"image\":{\"@id\":\"https:\/\/zepestonia.com\/en\/#\/schema\/logo\/image\/\"},\"sameAs\":[\"https:\/\/www.facebook.com\/ZepEesti\"]}]}<\/script>\n<!-- \/ Yoast SEO plugin. -->","yoast_head_json":{"title":"Five Star * - Metallide puhastaja, l\u00e4igestaja ja kaitsja I ZEP Eesti","description":"Erakordne k\u00f5ikide metallide l\u00e4igestaja. Kaitseb rooste, tuhmumise ja veepritsmete eest. Kasutamiseks vasel, kroomil, roostevaba terasel, h\u00f5bedal, kullal jne.","robots":{"index":"index","follow":"follow","max-snippet":"max-snippet:-1","max-image-preview":"max-image-preview:large","max-video-preview":"max-video-preview:-1"},"canonical":"https:\/\/zepestonia.com\/en\/toode\/five-star\/","og_locale":"en_US","og_type":"article","og_title":"Five Star * - Metallide puhastaja, l\u00e4igestaja ja kaitsja I ZEP Eesti","og_description":"Erakordne k\u00f5ikide metallide l\u00e4igestaja. Kaitseb rooste, tuhmumise ja veepritsmete eest. Kasutamiseks vasel, kroomil, roostevaba terasel, h\u00f5bedal, kullal jne.","og_url":"https:\/\/zepestonia.com\/en\/toode\/five-star\/","og_site_name":"ZEP Eesti I Puhastusvahendid I E-pood","article_publisher":"https:\/\/www.facebook.com\/ZepEesti","article_modified_time":"2025-07-01T00:24:28+00:00","og_image":[{"width":400,"height":600,"url":"https:\/\/zepestonia.com\/wp-content\/uploads\/2021\/12\/68-60de7bd5d6c603-66055289-Five20Star.png","type":"image\/png"}],"twitter_card":"summary_large_image","twitter_misc":{"Est. reading time":"1 minute"},"schema":{"@context":"https:\/\/schema.org","@graph":[{"@type":"WebPage","@id":"https:\/\/zepestonia.com\/en\/toode\/five-star\/","url":"https:\/\/zepestonia.com\/en\/toode\/five-star\/","name":"Five Star * - Metallide puhastaja, l\u00e4igestaja ja kaitsja I ZEP Eesti","isPartOf":{"@id":"https:\/\/zepestonia.com\/en\/#website"},"primaryImageOfPage":{"@id":"https:\/\/zepestonia.com\/en\/toode\/five-star\/#primaryimage"},"image":{"@id":"https:\/\/zepestonia.com\/en\/toode\/five-star\/#primaryimage"},"thumbnailUrl":"https:\/\/zepestonia.com\/wp-content\/uploads\/2021\/12\/68-60de7bd5d6c603-66055289-Five20Star.png","datePublished":"2021-11-29T19:00:32+00:00","dateModified":"2025-07-01T00:24:28+00:00","description":"Erakordne k\u00f5ikide metallide l\u00e4igestaja. Kaitseb rooste, tuhmumise ja veepritsmete eest. Kasutamiseks vasel, kroomil, roostevaba terasel, h\u00f5bedal, kullal jne.","breadcrumb":{"@id":"https:\/\/zepestonia.com\/en\/toode\/five-star\/#breadcrumb"},"inLanguage":"en-US","potentialAction":[{"@type":"ReadAction","target":["https:\/\/zepestonia.com\/en\/toode\/five-star\/"]}]},{"@type":"ImageObject","inLanguage":"en-US","@id":"https:\/\/zepestonia.com\/en\/toode\/five-star\/#primaryimage","url":"https:\/\/zepestonia.com\/wp-content\/uploads\/2021\/12\/68-60de7bd5d6c603-66055289-Five20Star.png","contentUrl":"https:\/\/zepestonia.com\/wp-content\/uploads\/2021\/12\/68-60de7bd5d6c603-66055289-Five20Star.png","width":400,"height":600,"caption":"68-60de7bd5d6c603-66055289-Five20Star"},{"@type":"BreadcrumbList","@id":"https:\/\/zepestonia.com\/en\/toode\/five-star\/#breadcrumb","itemListElement":[{"@type":"ListItem","position":1,"name":"Home","item":"https:\/\/zepestonia.com\/en\/"},{"@type":"ListItem","position":2,"name":"Shop","item":"https:\/\/zepestonia.com\/en\/?page_id=4643"},{"@type":"ListItem","position":3,"name":"Five Star * &#8211; Metallide puhastaja, l\u00e4igestaja ja kaitsja"}]},{"@type":"WebSite","@id":"https:\/\/zepestonia.com\/en\/#website","url":"https:\/\/zepestonia.com\/en\/","name":"ZEP Eesti I Puhastusvahendid I E-pood","description":"Pakume puhastus- ja hooldusprobleemidele efektiivseid keskkonnas\u00f5bralikke lahendusi!","publisher":{"@id":"https:\/\/zepestonia.com\/en\/#organization"},"potentialAction":[{"@type":"SearchAction","target":{"@type":"EntryPoint","urlTemplate":"https:\/\/zepestonia.com\/en\/?s={search_term_string}"},"query-input":{"@type":"PropertyValueSpecification","valueRequired":true,"valueName":"search_term_string"}}],"inLanguage":"en-US"},{"@type":"Organization","@id":"https:\/\/zepestonia.com\/en\/#organization","name":"Zep Estonia","url":"https:\/\/zepestonia.com\/en\/","logo":{"@type":"ImageObject","inLanguage":"en-US","@id":"https:\/\/zepestonia.com\/en\/#\/schema\/logo\/image\/","url":"https:\/\/zepestonia.com\/wp-content\/uploads\/2022\/03\/Zep-Logo_png.jpeg","contentUrl":"https:\/\/zepestonia.com\/wp-content\/uploads\/2022\/03\/Zep-Logo_png.jpeg","width":109,"height":70,"caption":"Zep Estonia"},"image":{"@id":"https:\/\/zepestonia.com\/en\/#\/schema\/logo\/image\/"},"sameAs":["https:\/\/www.facebook.com\/ZepEesti"]}]}},"_links":{"self":[{"href":"https:\/\/zepestonia.com\/en\/wp-json\/wp\/v2\/product\/2779","targetHints":{"allow":["GET"]}}],"collection":[{"href":"https:\/\/zepestonia.com\/en\/wp-json\/wp\/v2\/product"}],"about":[{"href":"https:\/\/zepestonia.com\/en\/wp-json\/wp\/v2\/types\/product"}],"replies":[{"embeddable":true,"href":"https:\/\/zepestonia.com\/en\/wp-json\/wp\/v2\/comments?post=2779"}],"version-history":[{"count":2,"href":"https:\/\/zepestonia.com\/en\/wp-json\/wp\/v2\/product\/2779\/revisions"}],"predecessor-version":[{"id":11310,"href":"https:\/\/zepestonia.com\/en\/wp-json\/wp\/v2\/product\/2779\/revisions\/11310"}],"wp:featuredmedia":[{"embeddable":true,"href":"https:\/\/zepestonia.com\/en\/wp-json\/wp\/v2\/media\/3613"}],"wp:attachment":[{"href":"https:\/\/zepestonia.com\/en\/wp-json\/wp\/v2\/media?parent=2779"}],"wp:term":[{"taxonomy":"product_brand","embeddable":true,"href":"https:\/\/zepestonia.com\/en\/wp-json\/wp\/v2\/product_brand?post=2779"},{"taxonomy":"product_cat","embeddable":true,"href":"https:\/\/zepestonia.com\/en\/wp-json\/wp\/v2\/product_cat?post=2779"},{"taxonomy":"product_tag","embeddable":true,"href":"https:\/\/zepestonia.com\/en\/wp-json\/wp\/v2\/product_tag?post=2779"}],"curies":[{"name":"wp","href":"https:\/\/api.w.org\/{rel}","templated":true}]}}