{"id":14052,"date":"2025-12-11T03:48:52","date_gmt":"2025-12-11T03:48:52","guid":{"rendered":"https:\/\/zepestonia.com\/toode\/kds-4\/"},"modified":"2026-03-07T00:00:07","modified_gmt":"2026-03-07T00:00:07","slug":"kds-4","status":"publish","type":"product","link":"https:\/\/zepestonia.com\/en\/toode\/kds-4\/","title":{"rendered":"KDS 4 &#8211; Mitmeotstarbeline rasvaeemaldaja"},"content":{"rendered":"<p>Kasutamine:<\/p>\n<ul>\n<li>Valmistada&nbsp;1-2% lahus<\/li>\n<li>Kanda pinnale (k\u00e4siti v\u00f5i pritsides) vertikaalselt alati alt \u00fclespoole<\/li>\n<li>\u00c4rge kunagi laske tootel t\u00f6\u00f6deldud pinnale kuivada ja \u00e4rge kandke toodet lahjendamata kujul peale.<\/li>\n<li>Loputage \u00fclevalt alla, eelistatavalt minimaalse r\u00f5huga.<\/li>\n<\/ul>\n<p>Omadused:<\/p>\n<ul>\n<li><span class=\"HwtZe\" lang=\"et\"><span class=\"jCAhz ChMk0b\"><span class=\"ryNqvb\">Sobib k\u00f5ikidele pindadele <\/span><\/span><\/span><\/li>\n<li><span class=\"HwtZe\" lang=\"et\"><span class=\"jCAhz ChMk0b\"><span class=\"ryNqvb\">Meeldiv l\u00f5hn <\/span><\/span><\/span><\/li>\n<li><span class=\"HwtZe\" lang=\"et\"><span class=\"jCAhz ChMk0b\"><span class=\"ryNqvb\">Ohutu pindadele ja<span class=\"HwtZe\" lang=\"et\"><span class=\"jCAhz ChMk0b\"><span class=\"ryNqvb\">&nbsp;kasutajale <\/span><\/span><\/span><\/span><\/span><\/span><\/li>\n<li><span class=\"HwtZe\" lang=\"et\"><span class=\"jCAhz ChMk0b\"><span class=\"ryNqvb\">Lihtne kasutada <\/span><\/span><\/span><\/li>\n<li><span class=\"HwtZe\" lang=\"et\"><span class=\"jCAhz ChMk0b\"><span class=\"ryNqvb\">Suurep\u00e4rane seintele ja p\u00f5randatele (plaaditud v\u00f5i v\u00e4rvitud), t\u00f6\u00f6pindadele, vannidele, valamutele jne <\/span><\/span><\/span><\/li>\n<li><span class=\"HwtZe\" lang=\"et\"><span class=\"jCAhz ChMk0b\"><span class=\"ryNqvb\">J\u00e4tab meeldiva v\u00e4rske l\u00f5hna k\u00f5ikidele pindadele <\/span><\/span><\/span><\/li>\n<li><span class=\"HwtZe\" lang=\"et\"><span class=\"jCAhz ChMk0b\"><span class=\"ryNqvb\">Lahust saab h\u00f5lpsasti peale kanda alumiiniumile ja teistele metallidele ning see ei kahjusta klaasi, v\u00e4rvitud pindu ega kummi <\/span><\/span><\/span><\/li>\n<li><span class=\"HwtZe\" lang=\"et\"><span class=\"jCAhz ChMk0b\"><span class=\"ryNqvb\">Ei eralda s\u00f6\u00f6vitavaid ega m\u00fcrgiseid aure <\/span><\/span><\/span><\/li>\n<li><span class=\"HwtZe\" lang=\"et\"><span class=\"jCAhz ChMk0b\"><span class=\"ryNqvb\">Maht 5L<\/span><\/span><\/span><\/li>\n<li><span class=\"HwtZe\" lang=\"et\"><span class=\"jCAhz ChMk0b\"><span class=\"ryNqvb\">pH&nbsp; 13<\/span><\/span><\/span>\u00b1 0,5<\/li>\n<\/ul>\n<p><img decoding=\"async\" src=\"https:\/\/cdn.erply.com\/assets\/386945\/file\/hDvMfH2w1EgjEDhy6n0KaZd3ZtPG1aUD78gdm5WhUPbuuX3v9i.jpg\" \/><\/p>\n","protected":false},"excerpt":{"rendered":"<p>Spetsiaalselt loodud k\u00fclma ja kuuma rasvaeemalduseks toiduainet\u00f6\u00f6stuses.<br \/>\nToode eemaldab \u00f5hupuhastite filtritest rasva ja taimse, loomse ja mineraalse rasva kogunemise.<br \/>\nSeet\u00f5ttu sobib see ideaalselt toiduainet\u00f6\u00f6stusele ja k\u00f5ikidele toiduvalmistamise aladele.<br \/>\nRegistreeritud NSF A1, A4<\/p>\n","protected":false},"featured_media":14174,"comment_status":"open","ping_status":"closed","template":"","meta":[],"product_brand":[],"product_cat":[195],"product_tag":[],"class_list":{"0":"post-14052","1":"product","2":"type-product","3":"status-publish","4":"has-post-thumbnail","6":"product_cat-hooldus","8":"first","9":"instock","10":"taxable","11":"shipping-taxable","12":"purchasable","13":"product-type-simple"},"yoast_head":"<!-- This site is optimized with the Yoast SEO plugin v26.5 - https:\/\/yoast.com\/wordpress\/plugins\/seo\/ -->\n<title>KDS 4 - Mitmeotstarbeline rasvaeemaldaja - ZEP Eesti I Puhastusvahendid I E-pood<\/title>\n<meta name=\"robots\" content=\"index, follow, max-snippet:-1, max-image-preview:large, max-video-preview:-1\" \/>\n<link rel=\"canonical\" href=\"https:\/\/zepestonia.com\/en\/toode\/kds-4\/\" \/>\n<meta property=\"og:locale\" content=\"en_US\" \/>\n<meta property=\"og:type\" content=\"article\" \/>\n<meta property=\"og:title\" content=\"KDS 4 - Mitmeotstarbeline rasvaeemaldaja - ZEP Eesti I Puhastusvahendid I E-pood\" \/>\n<meta property=\"og:description\" content=\"Spetsiaalselt loodud k\u00fclma ja kuuma rasvaeemalduseks toiduainet\u00f6\u00f6stuses. Toode eemaldab \u00f5hupuhastite filtritest rasva ja taimse, loomse ja mineraalse rasva kogunemise.  Seet\u00f5ttu sobib see ideaalselt toiduainet\u00f6\u00f6stusele ja k\u00f5ikidele toiduvalmistamise aladele. Registreeritud NSF A1, A4\" \/>\n<meta property=\"og:url\" content=\"https:\/\/zepestonia.com\/en\/toode\/kds-4\/\" \/>\n<meta property=\"og:site_name\" content=\"ZEP Eesti I Puhastusvahendid I E-pood\" \/>\n<meta property=\"article:publisher\" content=\"https:\/\/www.facebook.com\/ZepEesti\" \/>\n<meta property=\"article:modified_time\" content=\"2026-03-07T00:00:07+00:00\" \/>\n<meta property=\"og:image\" content=\"https:\/\/zepestonia.com\/wp-content\/uploads\/2026\/02\/KDS-NR4.png\" \/>\n\t<meta property=\"og:image:width\" content=\"200\" \/>\n\t<meta property=\"og:image:height\" content=\"300\" \/>\n\t<meta property=\"og:image:type\" content=\"image\/png\" \/>\n<meta name=\"twitter:card\" content=\"summary_large_image\" \/>\n<meta name=\"twitter:label1\" content=\"Est. reading time\" \/>\n\t<meta name=\"twitter:data1\" content=\"1 minute\" \/>\n<script type=\"application\/ld+json\" class=\"yoast-schema-graph\">{\"@context\":\"https:\/\/schema.org\",\"@graph\":[{\"@type\":\"WebPage\",\"@id\":\"https:\/\/zepestonia.com\/en\/toode\/kds-4\/\",\"url\":\"https:\/\/zepestonia.com\/en\/toode\/kds-4\/\",\"name\":\"KDS 4 - Mitmeotstarbeline rasvaeemaldaja - ZEP Eesti I Puhastusvahendid I E-pood\",\"isPartOf\":{\"@id\":\"https:\/\/zepestonia.com\/en\/#website\"},\"primaryImageOfPage\":{\"@id\":\"https:\/\/zepestonia.com\/en\/toode\/kds-4\/#primaryimage\"},\"image\":{\"@id\":\"https:\/\/zepestonia.com\/en\/toode\/kds-4\/#primaryimage\"},\"thumbnailUrl\":\"https:\/\/zepestonia.com\/wp-content\/uploads\/2026\/02\/KDS-NR4.png\",\"datePublished\":\"2025-12-11T03:48:52+00:00\",\"dateModified\":\"2026-03-07T00:00:07+00:00\",\"breadcrumb\":{\"@id\":\"https:\/\/zepestonia.com\/en\/toode\/kds-4\/#breadcrumb\"},\"inLanguage\":\"en-US\",\"potentialAction\":[{\"@type\":\"ReadAction\",\"target\":[\"https:\/\/zepestonia.com\/en\/toode\/kds-4\/\"]}]},{\"@type\":\"ImageObject\",\"inLanguage\":\"en-US\",\"@id\":\"https:\/\/zepestonia.com\/en\/toode\/kds-4\/#primaryimage\",\"url\":\"https:\/\/zepestonia.com\/wp-content\/uploads\/2026\/02\/KDS-NR4.png\",\"contentUrl\":\"https:\/\/zepestonia.com\/wp-content\/uploads\/2026\/02\/KDS-NR4.png\",\"width\":200,\"height\":300,\"caption\":\"KDS-NR4\"},{\"@type\":\"BreadcrumbList\",\"@id\":\"https:\/\/zepestonia.com\/en\/toode\/kds-4\/#breadcrumb\",\"itemListElement\":[{\"@type\":\"ListItem\",\"position\":1,\"name\":\"Home\",\"item\":\"https:\/\/zepestonia.com\/en\/\"},{\"@type\":\"ListItem\",\"position\":2,\"name\":\"Shop\",\"item\":\"https:\/\/zepestonia.com\/en\/?page_id=4643\"},{\"@type\":\"ListItem\",\"position\":3,\"name\":\"KDS 4 &#8211; Mitmeotstarbeline rasvaeemaldaja\"}]},{\"@type\":\"WebSite\",\"@id\":\"https:\/\/zepestonia.com\/en\/#website\",\"url\":\"https:\/\/zepestonia.com\/en\/\",\"name\":\"ZEP Eesti I Puhastusvahendid I E-pood\",\"description\":\"Pakume puhastus- ja hooldusprobleemidele efektiivseid keskkonnas\u00f5bralikke lahendusi!\",\"publisher\":{\"@id\":\"https:\/\/zepestonia.com\/en\/#organization\"},\"potentialAction\":[{\"@type\":\"SearchAction\",\"target\":{\"@type\":\"EntryPoint\",\"urlTemplate\":\"https:\/\/zepestonia.com\/en\/?s={search_term_string}\"},\"query-input\":{\"@type\":\"PropertyValueSpecification\",\"valueRequired\":true,\"valueName\":\"search_term_string\"}}],\"inLanguage\":\"en-US\"},{\"@type\":\"Organization\",\"@id\":\"https:\/\/zepestonia.com\/en\/#organization\",\"name\":\"Zep Estonia\",\"url\":\"https:\/\/zepestonia.com\/en\/\",\"logo\":{\"@type\":\"ImageObject\",\"inLanguage\":\"en-US\",\"@id\":\"https:\/\/zepestonia.com\/en\/#\/schema\/logo\/image\/\",\"url\":\"https:\/\/zepestonia.com\/wp-content\/uploads\/2022\/03\/Zep-Logo_png.jpeg\",\"contentUrl\":\"https:\/\/zepestonia.com\/wp-content\/uploads\/2022\/03\/Zep-Logo_png.jpeg\",\"width\":109,\"height\":70,\"caption\":\"Zep Estonia\"},\"image\":{\"@id\":\"https:\/\/zepestonia.com\/en\/#\/schema\/logo\/image\/\"},\"sameAs\":[\"https:\/\/www.facebook.com\/ZepEesti\"]}]}<\/script>\n<!-- \/ Yoast SEO plugin. -->","yoast_head_json":{"title":"KDS 4 - Mitmeotstarbeline rasvaeemaldaja - ZEP Eesti I Puhastusvahendid I E-pood","robots":{"index":"index","follow":"follow","max-snippet":"max-snippet:-1","max-image-preview":"max-image-preview:large","max-video-preview":"max-video-preview:-1"},"canonical":"https:\/\/zepestonia.com\/en\/toode\/kds-4\/","og_locale":"en_US","og_type":"article","og_title":"KDS 4 - Mitmeotstarbeline rasvaeemaldaja - ZEP Eesti I Puhastusvahendid I E-pood","og_description":"Spetsiaalselt loodud k\u00fclma ja kuuma rasvaeemalduseks toiduainet\u00f6\u00f6stuses. Toode eemaldab \u00f5hupuhastite filtritest rasva ja taimse, loomse ja mineraalse rasva kogunemise.  Seet\u00f5ttu sobib see ideaalselt toiduainet\u00f6\u00f6stusele ja k\u00f5ikidele toiduvalmistamise aladele. Registreeritud NSF A1, A4","og_url":"https:\/\/zepestonia.com\/en\/toode\/kds-4\/","og_site_name":"ZEP Eesti I Puhastusvahendid I E-pood","article_publisher":"https:\/\/www.facebook.com\/ZepEesti","article_modified_time":"2026-03-07T00:00:07+00:00","og_image":[{"width":200,"height":300,"url":"https:\/\/zepestonia.com\/wp-content\/uploads\/2026\/02\/KDS-NR4.png","type":"image\/png"}],"twitter_card":"summary_large_image","twitter_misc":{"Est. reading time":"1 minute"},"schema":{"@context":"https:\/\/schema.org","@graph":[{"@type":"WebPage","@id":"https:\/\/zepestonia.com\/en\/toode\/kds-4\/","url":"https:\/\/zepestonia.com\/en\/toode\/kds-4\/","name":"KDS 4 - Mitmeotstarbeline rasvaeemaldaja - ZEP Eesti I Puhastusvahendid I E-pood","isPartOf":{"@id":"https:\/\/zepestonia.com\/en\/#website"},"primaryImageOfPage":{"@id":"https:\/\/zepestonia.com\/en\/toode\/kds-4\/#primaryimage"},"image":{"@id":"https:\/\/zepestonia.com\/en\/toode\/kds-4\/#primaryimage"},"thumbnailUrl":"https:\/\/zepestonia.com\/wp-content\/uploads\/2026\/02\/KDS-NR4.png","datePublished":"2025-12-11T03:48:52+00:00","dateModified":"2026-03-07T00:00:07+00:00","breadcrumb":{"@id":"https:\/\/zepestonia.com\/en\/toode\/kds-4\/#breadcrumb"},"inLanguage":"en-US","potentialAction":[{"@type":"ReadAction","target":["https:\/\/zepestonia.com\/en\/toode\/kds-4\/"]}]},{"@type":"ImageObject","inLanguage":"en-US","@id":"https:\/\/zepestonia.com\/en\/toode\/kds-4\/#primaryimage","url":"https:\/\/zepestonia.com\/wp-content\/uploads\/2026\/02\/KDS-NR4.png","contentUrl":"https:\/\/zepestonia.com\/wp-content\/uploads\/2026\/02\/KDS-NR4.png","width":200,"height":300,"caption":"KDS-NR4"},{"@type":"BreadcrumbList","@id":"https:\/\/zepestonia.com\/en\/toode\/kds-4\/#breadcrumb","itemListElement":[{"@type":"ListItem","position":1,"name":"Home","item":"https:\/\/zepestonia.com\/en\/"},{"@type":"ListItem","position":2,"name":"Shop","item":"https:\/\/zepestonia.com\/en\/?page_id=4643"},{"@type":"ListItem","position":3,"name":"KDS 4 &#8211; Mitmeotstarbeline rasvaeemaldaja"}]},{"@type":"WebSite","@id":"https:\/\/zepestonia.com\/en\/#website","url":"https:\/\/zepestonia.com\/en\/","name":"ZEP Eesti I Puhastusvahendid I E-pood","description":"Pakume puhastus- ja hooldusprobleemidele efektiivseid keskkonnas\u00f5bralikke lahendusi!","publisher":{"@id":"https:\/\/zepestonia.com\/en\/#organization"},"potentialAction":[{"@type":"SearchAction","target":{"@type":"EntryPoint","urlTemplate":"https:\/\/zepestonia.com\/en\/?s={search_term_string}"},"query-input":{"@type":"PropertyValueSpecification","valueRequired":true,"valueName":"search_term_string"}}],"inLanguage":"en-US"},{"@type":"Organization","@id":"https:\/\/zepestonia.com\/en\/#organization","name":"Zep Estonia","url":"https:\/\/zepestonia.com\/en\/","logo":{"@type":"ImageObject","inLanguage":"en-US","@id":"https:\/\/zepestonia.com\/en\/#\/schema\/logo\/image\/","url":"https:\/\/zepestonia.com\/wp-content\/uploads\/2022\/03\/Zep-Logo_png.jpeg","contentUrl":"https:\/\/zepestonia.com\/wp-content\/uploads\/2022\/03\/Zep-Logo_png.jpeg","width":109,"height":70,"caption":"Zep Estonia"},"image":{"@id":"https:\/\/zepestonia.com\/en\/#\/schema\/logo\/image\/"},"sameAs":["https:\/\/www.facebook.com\/ZepEesti"]}]}},"_links":{"self":[{"href":"https:\/\/zepestonia.com\/en\/wp-json\/wp\/v2\/product\/14052","targetHints":{"allow":["GET"]}}],"collection":[{"href":"https:\/\/zepestonia.com\/en\/wp-json\/wp\/v2\/product"}],"about":[{"href":"https:\/\/zepestonia.com\/en\/wp-json\/wp\/v2\/types\/product"}],"replies":[{"embeddable":true,"href":"https:\/\/zepestonia.com\/en\/wp-json\/wp\/v2\/comments?post=14052"}],"version-history":[{"count":3,"href":"https:\/\/zepestonia.com\/en\/wp-json\/wp\/v2\/product\/14052\/revisions"}],"predecessor-version":[{"id":14210,"href":"https:\/\/zepestonia.com\/en\/wp-json\/wp\/v2\/product\/14052\/revisions\/14210"}],"wp:featuredmedia":[{"embeddable":true,"href":"https:\/\/zepestonia.com\/en\/wp-json\/wp\/v2\/media\/14174"}],"wp:attachment":[{"href":"https:\/\/zepestonia.com\/en\/wp-json\/wp\/v2\/media?parent=14052"}],"wp:term":[{"taxonomy":"product_brand","embeddable":true,"href":"https:\/\/zepestonia.com\/en\/wp-json\/wp\/v2\/product_brand?post=14052"},{"taxonomy":"product_cat","embeddable":true,"href":"https:\/\/zepestonia.com\/en\/wp-json\/wp\/v2\/product_cat?post=14052"},{"taxonomy":"product_tag","embeddable":true,"href":"https:\/\/zepestonia.com\/en\/wp-json\/wp\/v2\/product_tag?post=14052"}],"curies":[{"name":"wp","href":"https:\/\/api.w.org\/{rel}","templated":true}]}}