{"id":13944,"date":"2025-09-17T00:26:45","date_gmt":"2025-09-17T00:26:45","guid":{"rendered":"https:\/\/zepestonia.com\/toode\/kdc-20tk-koogi-aravoolu-hooldusvahend\/"},"modified":"2025-09-18T03:56:38","modified_gmt":"2025-09-18T03:56:38","slug":"kdc-20tk-koogi-aravoolu-hooldusvahend","status":"publish","type":"product","link":"https:\/\/zepestonia.com\/en\/toode\/kdc-20tk-koogi-aravoolu-hooldusvahend\/","title":{"rendered":"KDC &#8211; 20tk &#8211; K\u00f6\u00f6gi \u00e4ravoolu hooldusvahend"},"content":{"rendered":"<p><font dir=\"auto\" style=\"background: transparent;border: 0px;margin: 0px;padding: 0px;vertical-align: inherit;font-family: wfont_de62cc_ff4ce615c648444a82080c888450c6dc, wf_ff4ce615c648444a82080c888, orig_roboto_regular;font-size: 17.7963px;font-style: normal;font-weight: 400;letter-spacing: normal;text-align: left;text-indent: 0px;text-transform: none\"><font dir=\"auto\" style=\"background: transparent;border: 0px;margin: 0px;padding: 0px;vertical-align: inherit\">Kasutamine:<\/font><\/font><\/p>\n<ul>\n<li><font dir=\"auto\" style=\"background: transparent;border: 0px;margin: 0px;padding: 0px;vertical-align: inherit;font-family: wfont_de62cc_ff4ce615c648444a82080c888450c6dc, wf_ff4ce615c648444a82080c888, orig_roboto_regular;font-size: 17.7963px;font-style: normal;font-weight: 400;letter-spacing: normal;text-align: left;text-indent: 0px;text-transform: none\"><font dir=\"auto\" style=\"background: transparent;border: 0px;margin: 0px;padding: 0px;vertical-align: inherit\">lisada \u00e4ravoolu ja loputada veega alla<\/font><\/font><\/li>\n<li><font dir=\"auto\" style=\"background: transparent;border: 0px;margin: 0px;padding: 0px;vertical-align: inherit;font-family: wfont_de62cc_ff4ce615c648444a82080c888450c6dc, wf_ff4ce615c648444a82080c888, orig_roboto_regular;font-size: 17.7963px;font-style: normal;font-weight: 400;letter-spacing: normal;text-align: left;text-indent: 0px;text-transform: none\"><font dir=\"auto\" style=\"background: transparent;border: 0px;margin: 0px;padding: 0px;vertical-align: inherit\"><strong>1 kott<strong>&nbsp;<font dir=\"auto\" style=\"background: transparent;border: 0px;margin: 0px;padding: 0px;vertical-align: inherit;font-family: wfont_de62cc_ff4ce615c648444a82080c888450c6dc, wf_ff4ce615c648444a82080c888, orig_roboto_regular;font-size: 17.7963px;font-style: normal;font-weight: 400;letter-spacing: normal;text-align: left;text-indent: 0px;text-transform: none\"><font dir=\"auto\" style=\"background: transparent;border: 0px;margin: 0px;padding: 0px;vertical-align: inherit\"><strong><strong>1x n\u00e4dalas<\/strong><\/strong><\/font><\/font><\/strong><\/strong><\/font><\/font><\/li>\n<\/ul>\n<p><font dir=\"auto\" style=\"background: transparent;border: 0px;margin: 0px;padding: 0px;vertical-align: inherit;font-family: wfont_de62cc_ff4ce615c648444a82080c888450c6dc, wf_ff4ce615c648444a82080c888, orig_roboto_regular;font-size: 17.7963px;font-style: normal;font-weight: 400;letter-spacing: normal;text-align: left;text-indent: 0px;text-transform: none\"><font dir=\"auto\" style=\"background: transparent;border: 0px;margin: 0px;padding: 0px;vertical-align: inherit\">Kasutuskohad:<\/font><\/font><\/p>\n<ul>\n<li><font dir=\"auto\" style=\"background: transparent;border: 0px;margin: 0px;padding: 0px;vertical-align: inherit;font-family: wfont_de62cc_ff4ce615c648444a82080c888450c6dc, wf_ff4ce615c648444a82080c888, orig_roboto_regular;font-size: 17.7963px;font-style: normal;font-weight: 400;letter-spacing: normal;text-align: left;text-indent: 0px;text-transform: none\"><font dir=\"auto\" style=\"background: transparent;border: 0px;margin: 0px;padding: 0px;vertical-align: inherit\">valamud,&nbsp;trapid,&nbsp;du\u0161\u0161inurgad, vannid,&nbsp;WC<\/font><\/font><\/li>\n<li><font dir=\"auto\" style=\"background: transparent;border: 0px;margin: 0px;padding: 0px;vertical-align: inherit;font-family: wfont_de62cc_ff4ce615c648444a82080c888450c6dc, wf_ff4ce615c648444a82080c888, orig_roboto_regular;font-size: 17.7963px;font-style: normal;font-weight: 400;letter-spacing: normal;text-align: left;text-indent: 0px;text-transform: none\"><font dir=\"auto\" style=\"background: transparent;border: 0px;margin: 0px;padding: 0px;vertical-align: inherit\">kaevud, rasvap\u00fc\u00fcdurid,&nbsp;<font dir=\"auto\" style=\"background: transparent;border: 0px;margin: 0px;padding: 0px;vertical-align: inherit;font-family: wfont_de62cc_ff4ce615c648444a82080c888450c6dc, wf_ff4ce615c648444a82080c888, orig_roboto_regular;font-size: 17.7963px;font-style: normal;font-weight: 400;letter-spacing: normal;text-align: left;text-indent: 0px;text-transform: none\"><font dir=\"auto\" style=\"background: transparent;border: 0px;margin: 0px;padding: 0px;vertical-align: inherit\">pumplad,&nbsp;<\/font><\/font>septikud ja biopuhastid<\/font><\/font><\/li>\n<\/ul>\n<p><font dir=\"auto\" style=\"background: transparent;border: 0px;margin: 0px;padding: 0px;vertical-align: inherit;font-family: wfont_de62cc_ff4ce615c648444a82080c888450c6dc, wf_ff4ce615c648444a82080c888, orig_roboto_regular;font-size: 17.7963px;font-style: normal;font-weight: 400;letter-spacing: normal;text-align: left;text-indent: 0px;text-transform: none\"><font dir=\"auto\" style=\"background: transparent;border: 0px;margin: 0px;padding: 0px;vertical-align: inherit\">Pakend:<\/font><\/font><\/p>\n<ul>\n<li><font dir=\"auto\" style=\"background: transparent;border: 0px;margin: 0px;padding: 0px;vertical-align: inherit;font-family: wfont_de62cc_ff4ce615c648444a82080c888450c6dc, wf_ff4ce615c648444a82080c888, orig_roboto_regular;font-size: 17.7963px;font-style: normal;font-weight: 400;letter-spacing: normal;text-align: left;text-indent: 0px;text-transform: none\"><font dir=\"auto\" style=\"background: transparent;border: 0px;margin: 0px;padding: 0px;vertical-align: inherit\">1 kott&nbsp;<font dir=\"auto\" style=\"background: transparent;border: 0px;margin: 0px;padding: 0px;vertical-align: inherit;font-family: wfont_de62cc_ff4ce615c648444a82080c888450c6dc, wf_ff4ce615c648444a82080c888, orig_roboto_regular;font-size: 17.7963px;font-style: normal;font-weight: 400;letter-spacing: normal;text-align: left;text-indent: 0px;text-transform: none\"><font dir=\"auto\" style=\"background: transparent;border: 0px;margin: 0px;padding: 0px;vertical-align: inherit\">(<font dir=\"auto\" style=\"background: transparent;border: 0px;margin: 0px;padding: 0px;vertical-align: inherit;font-family: wfont_de62cc_ff4ce615c648444a82080c888450c6dc, wf_ff4ce615c648444a82080c888, orig_roboto_regular;font-size: 17.7963px;font-style: normal;font-weight: 400;letter-spacing: normal;text-align: left;text-indent: 0px;text-transform: none\"><font dir=\"auto\" style=\"background: transparent;border: 0px;margin: 0px;padding: 0px;vertical-align: inherit\"><strong><strong>a&#8217;40g)<\/strong><\/strong><\/font><\/font><\/font><\/font><\/font><\/font><\/li>\n<li><font dir=\"auto\" style=\"background: transparent;border: 0px;margin: 0px;padding: 0px;vertical-align: inherit;font-family: wfont_de62cc_ff4ce615c648444a82080c888450c6dc, wf_ff4ce615c648444a82080c888, orig_roboto_regular;font-size: 17.7963px;font-style: normal;font-weight: 400;letter-spacing: normal;text-align: left;text-indent: 0px;text-transform: none\"><font dir=\"auto\" style=\"background: transparent;border: 0px;margin: 0px;padding: 0px;vertical-align: inherit\">1 pakk = 5 kotti&nbsp;<\/font><\/font><\/li>\n<li><font dir=\"auto\" style=\"background: transparent;border: 0px;margin: 0px;padding: 0px;vertical-align: inherit;font-family: wfont_de62cc_ff4ce615c648444a82080c888450c6dc, wf_ff4ce615c648444a82080c888, orig_roboto_regular;font-size: 17.7963px;font-style: normal;font-weight: 400;letter-spacing: normal;text-align: left;text-indent: 0px;text-transform: none\"><font dir=\"auto\" style=\"background: transparent;border: 0px;margin: 0px;padding: 0px;vertical-align: inherit\"><font dir=\"auto\" style=\"background: transparent;border: 0px;margin: 0px;padding: 0px;vertical-align: inherit;font-family: wfont_de62cc_ff4ce615c648444a82080c888450c6dc, wf_ff4ce615c648444a82080c888, orig_roboto_regular;font-size: 17.7963px;font-style: normal;font-weight: 400;letter-spacing: normal;text-align: left;text-indent: 0px;text-transform: none\"><font dir=\"auto\" style=\"background: transparent;border: 0px;margin: 0px;padding: 0px;vertical-align: inherit\">1 karp = 20&nbsp;kotti&nbsp;<\/font><\/font><\/font><\/font><\/li>\n<\/ul>\n","protected":false},"excerpt":{"rendered":"<p>Looduslikud, ohutud ja kontsentreeritud mikroobid iselahustuvas pakendis:<br \/>\n&#8211; Kaitseb teie heitveetrassi, kaeve, septikut v\u00f5i biopuhastit, vedeldades rasvu, \u00f5lisid ja mustust<br \/>\n&#8211; Eemaldab ebameeldiva l\u00f5hna k\u00f6\u00f6givalamutest, kraanikaussidest, rasvap\u00fc\u00fcduritest ja \u00e4ravooludest.<br \/>\n&#8211; Hoiab septiku t\u00f6\u00f6korras, v\u00e4hendades koormust ja vabastab hooldusest.<\/p>\n","protected":false},"featured_media":13940,"comment_status":"open","ping_status":"closed","template":"","meta":[],"product_brand":[],"product_cat":[208],"product_tag":[],"class_list":{"0":"post-13944","1":"product","2":"type-product","3":"status-publish","4":"has-post-thumbnail","6":"product_cat-heitvesi","8":"first","9":"instock","10":"taxable","11":"shipping-taxable","12":"purchasable","13":"product-type-simple"},"yoast_head":"<!-- This site is optimized with the Yoast SEO plugin v26.5 - https:\/\/yoast.com\/wordpress\/plugins\/seo\/ -->\n<title>KDC - 20tk - K\u00f6\u00f6gi \u00e4ravoolu hooldusvahend - ZEP Eesti I Puhastusvahendid I E-pood<\/title>\n<meta name=\"robots\" content=\"index, follow, max-snippet:-1, max-image-preview:large, max-video-preview:-1\" \/>\n<link rel=\"canonical\" href=\"https:\/\/zepestonia.com\/en\/toode\/kdc-20tk-koogi-aravoolu-hooldusvahend\/\" \/>\n<meta property=\"og:locale\" content=\"en_US\" \/>\n<meta property=\"og:type\" content=\"article\" \/>\n<meta property=\"og:title\" content=\"KDC - 20tk - K\u00f6\u00f6gi \u00e4ravoolu hooldusvahend - ZEP Eesti I Puhastusvahendid I E-pood\" \/>\n<meta property=\"og:description\" content=\"Looduslikud, ohutud ja kontsentreeritud mikroobid iselahustuvas pakendis: - Kaitseb teie heitveetrassi, kaeve, septikut v\u00f5i biopuhastit, vedeldades rasvu, \u00f5lisid ja mustust - Eemaldab ebameeldiva l\u00f5hna k\u00f6\u00f6givalamutest, kraanikaussidest, rasvap\u00fc\u00fcduritest ja \u00e4ravooludest.  - Hoiab septiku t\u00f6\u00f6korras, v\u00e4hendades koormust ja vabastab hooldusest.\" \/>\n<meta property=\"og:url\" content=\"https:\/\/zepestonia.com\/en\/toode\/kdc-20tk-koogi-aravoolu-hooldusvahend\/\" \/>\n<meta property=\"og:site_name\" content=\"ZEP Eesti I Puhastusvahendid I E-pood\" \/>\n<meta property=\"article:publisher\" content=\"https:\/\/www.facebook.com\/ZepEesti\" \/>\n<meta property=\"article:modified_time\" content=\"2025-09-18T03:56:38+00:00\" \/>\n<meta property=\"og:image\" content=\"https:\/\/zepestonia.com\/wp-content\/uploads\/2025\/09\/20250917-020400.jpg\" \/>\n\t<meta property=\"og:image:width\" content=\"1000\" \/>\n\t<meta property=\"og:image:height\" content=\"377\" \/>\n\t<meta property=\"og:image:type\" content=\"image\/jpeg\" \/>\n<meta name=\"twitter:card\" content=\"summary_large_image\" \/>\n<script type=\"application\/ld+json\" class=\"yoast-schema-graph\">{\"@context\":\"https:\/\/schema.org\",\"@graph\":[{\"@type\":\"WebPage\",\"@id\":\"https:\/\/zepestonia.com\/en\/toode\/kdc-20tk-koogi-aravoolu-hooldusvahend\/\",\"url\":\"https:\/\/zepestonia.com\/en\/toode\/kdc-20tk-koogi-aravoolu-hooldusvahend\/\",\"name\":\"KDC - 20tk - K\u00f6\u00f6gi \u00e4ravoolu hooldusvahend - ZEP Eesti I Puhastusvahendid I E-pood\",\"isPartOf\":{\"@id\":\"https:\/\/zepestonia.com\/en\/#website\"},\"primaryImageOfPage\":{\"@id\":\"https:\/\/zepestonia.com\/en\/toode\/kdc-20tk-koogi-aravoolu-hooldusvahend\/#primaryimage\"},\"image\":{\"@id\":\"https:\/\/zepestonia.com\/en\/toode\/kdc-20tk-koogi-aravoolu-hooldusvahend\/#primaryimage\"},\"thumbnailUrl\":\"https:\/\/zepestonia.com\/wp-content\/uploads\/2025\/09\/20250917-020400.jpg\",\"datePublished\":\"2025-09-17T00:26:45+00:00\",\"dateModified\":\"2025-09-18T03:56:38+00:00\",\"breadcrumb\":{\"@id\":\"https:\/\/zepestonia.com\/en\/toode\/kdc-20tk-koogi-aravoolu-hooldusvahend\/#breadcrumb\"},\"inLanguage\":\"en-US\",\"potentialAction\":[{\"@type\":\"ReadAction\",\"target\":[\"https:\/\/zepestonia.com\/en\/toode\/kdc-20tk-koogi-aravoolu-hooldusvahend\/\"]}]},{\"@type\":\"ImageObject\",\"inLanguage\":\"en-US\",\"@id\":\"https:\/\/zepestonia.com\/en\/toode\/kdc-20tk-koogi-aravoolu-hooldusvahend\/#primaryimage\",\"url\":\"https:\/\/zepestonia.com\/wp-content\/uploads\/2025\/09\/20250917-020400.jpg\",\"contentUrl\":\"https:\/\/zepestonia.com\/wp-content\/uploads\/2025\/09\/20250917-020400.jpg\",\"width\":1000,\"height\":377,\"caption\":\"20250917-020400\"},{\"@type\":\"BreadcrumbList\",\"@id\":\"https:\/\/zepestonia.com\/en\/toode\/kdc-20tk-koogi-aravoolu-hooldusvahend\/#breadcrumb\",\"itemListElement\":[{\"@type\":\"ListItem\",\"position\":1,\"name\":\"Home\",\"item\":\"https:\/\/zepestonia.com\/en\/\"},{\"@type\":\"ListItem\",\"position\":2,\"name\":\"Shop\",\"item\":\"https:\/\/zepestonia.com\/en\/?page_id=4643\"},{\"@type\":\"ListItem\",\"position\":3,\"name\":\"KDC &#8211; 20tk &#8211; K\u00f6\u00f6gi \u00e4ravoolu hooldusvahend\"}]},{\"@type\":\"WebSite\",\"@id\":\"https:\/\/zepestonia.com\/en\/#website\",\"url\":\"https:\/\/zepestonia.com\/en\/\",\"name\":\"ZEP Eesti I Puhastusvahendid I E-pood\",\"description\":\"Pakume puhastus- ja hooldusprobleemidele efektiivseid keskkonnas\u00f5bralikke lahendusi!\",\"publisher\":{\"@id\":\"https:\/\/zepestonia.com\/en\/#organization\"},\"potentialAction\":[{\"@type\":\"SearchAction\",\"target\":{\"@type\":\"EntryPoint\",\"urlTemplate\":\"https:\/\/zepestonia.com\/en\/?s={search_term_string}\"},\"query-input\":{\"@type\":\"PropertyValueSpecification\",\"valueRequired\":true,\"valueName\":\"search_term_string\"}}],\"inLanguage\":\"en-US\"},{\"@type\":\"Organization\",\"@id\":\"https:\/\/zepestonia.com\/en\/#organization\",\"name\":\"Zep Estonia\",\"url\":\"https:\/\/zepestonia.com\/en\/\",\"logo\":{\"@type\":\"ImageObject\",\"inLanguage\":\"en-US\",\"@id\":\"https:\/\/zepestonia.com\/en\/#\/schema\/logo\/image\/\",\"url\":\"https:\/\/zepestonia.com\/wp-content\/uploads\/2022\/03\/Zep-Logo_png.jpeg\",\"contentUrl\":\"https:\/\/zepestonia.com\/wp-content\/uploads\/2022\/03\/Zep-Logo_png.jpeg\",\"width\":109,\"height\":70,\"caption\":\"Zep Estonia\"},\"image\":{\"@id\":\"https:\/\/zepestonia.com\/en\/#\/schema\/logo\/image\/\"},\"sameAs\":[\"https:\/\/www.facebook.com\/ZepEesti\"]}]}<\/script>\n<!-- \/ Yoast SEO plugin. -->","yoast_head_json":{"title":"KDC - 20tk - K\u00f6\u00f6gi \u00e4ravoolu hooldusvahend - ZEP Eesti I Puhastusvahendid I E-pood","robots":{"index":"index","follow":"follow","max-snippet":"max-snippet:-1","max-image-preview":"max-image-preview:large","max-video-preview":"max-video-preview:-1"},"canonical":"https:\/\/zepestonia.com\/en\/toode\/kdc-20tk-koogi-aravoolu-hooldusvahend\/","og_locale":"en_US","og_type":"article","og_title":"KDC - 20tk - K\u00f6\u00f6gi \u00e4ravoolu hooldusvahend - ZEP Eesti I Puhastusvahendid I E-pood","og_description":"Looduslikud, ohutud ja kontsentreeritud mikroobid iselahustuvas pakendis: - Kaitseb teie heitveetrassi, kaeve, septikut v\u00f5i biopuhastit, vedeldades rasvu, \u00f5lisid ja mustust - Eemaldab ebameeldiva l\u00f5hna k\u00f6\u00f6givalamutest, kraanikaussidest, rasvap\u00fc\u00fcduritest ja \u00e4ravooludest.  - Hoiab septiku t\u00f6\u00f6korras, v\u00e4hendades koormust ja vabastab hooldusest.","og_url":"https:\/\/zepestonia.com\/en\/toode\/kdc-20tk-koogi-aravoolu-hooldusvahend\/","og_site_name":"ZEP Eesti I Puhastusvahendid I E-pood","article_publisher":"https:\/\/www.facebook.com\/ZepEesti","article_modified_time":"2025-09-18T03:56:38+00:00","og_image":[{"width":1000,"height":377,"url":"https:\/\/zepestonia.com\/wp-content\/uploads\/2025\/09\/20250917-020400.jpg","type":"image\/jpeg"}],"twitter_card":"summary_large_image","schema":{"@context":"https:\/\/schema.org","@graph":[{"@type":"WebPage","@id":"https:\/\/zepestonia.com\/en\/toode\/kdc-20tk-koogi-aravoolu-hooldusvahend\/","url":"https:\/\/zepestonia.com\/en\/toode\/kdc-20tk-koogi-aravoolu-hooldusvahend\/","name":"KDC - 20tk - K\u00f6\u00f6gi \u00e4ravoolu hooldusvahend - ZEP Eesti I Puhastusvahendid I E-pood","isPartOf":{"@id":"https:\/\/zepestonia.com\/en\/#website"},"primaryImageOfPage":{"@id":"https:\/\/zepestonia.com\/en\/toode\/kdc-20tk-koogi-aravoolu-hooldusvahend\/#primaryimage"},"image":{"@id":"https:\/\/zepestonia.com\/en\/toode\/kdc-20tk-koogi-aravoolu-hooldusvahend\/#primaryimage"},"thumbnailUrl":"https:\/\/zepestonia.com\/wp-content\/uploads\/2025\/09\/20250917-020400.jpg","datePublished":"2025-09-17T00:26:45+00:00","dateModified":"2025-09-18T03:56:38+00:00","breadcrumb":{"@id":"https:\/\/zepestonia.com\/en\/toode\/kdc-20tk-koogi-aravoolu-hooldusvahend\/#breadcrumb"},"inLanguage":"en-US","potentialAction":[{"@type":"ReadAction","target":["https:\/\/zepestonia.com\/en\/toode\/kdc-20tk-koogi-aravoolu-hooldusvahend\/"]}]},{"@type":"ImageObject","inLanguage":"en-US","@id":"https:\/\/zepestonia.com\/en\/toode\/kdc-20tk-koogi-aravoolu-hooldusvahend\/#primaryimage","url":"https:\/\/zepestonia.com\/wp-content\/uploads\/2025\/09\/20250917-020400.jpg","contentUrl":"https:\/\/zepestonia.com\/wp-content\/uploads\/2025\/09\/20250917-020400.jpg","width":1000,"height":377,"caption":"20250917-020400"},{"@type":"BreadcrumbList","@id":"https:\/\/zepestonia.com\/en\/toode\/kdc-20tk-koogi-aravoolu-hooldusvahend\/#breadcrumb","itemListElement":[{"@type":"ListItem","position":1,"name":"Home","item":"https:\/\/zepestonia.com\/en\/"},{"@type":"ListItem","position":2,"name":"Shop","item":"https:\/\/zepestonia.com\/en\/?page_id=4643"},{"@type":"ListItem","position":3,"name":"KDC &#8211; 20tk &#8211; K\u00f6\u00f6gi \u00e4ravoolu hooldusvahend"}]},{"@type":"WebSite","@id":"https:\/\/zepestonia.com\/en\/#website","url":"https:\/\/zepestonia.com\/en\/","name":"ZEP Eesti I Puhastusvahendid I E-pood","description":"Pakume puhastus- ja hooldusprobleemidele efektiivseid keskkonnas\u00f5bralikke lahendusi!","publisher":{"@id":"https:\/\/zepestonia.com\/en\/#organization"},"potentialAction":[{"@type":"SearchAction","target":{"@type":"EntryPoint","urlTemplate":"https:\/\/zepestonia.com\/en\/?s={search_term_string}"},"query-input":{"@type":"PropertyValueSpecification","valueRequired":true,"valueName":"search_term_string"}}],"inLanguage":"en-US"},{"@type":"Organization","@id":"https:\/\/zepestonia.com\/en\/#organization","name":"Zep Estonia","url":"https:\/\/zepestonia.com\/en\/","logo":{"@type":"ImageObject","inLanguage":"en-US","@id":"https:\/\/zepestonia.com\/en\/#\/schema\/logo\/image\/","url":"https:\/\/zepestonia.com\/wp-content\/uploads\/2022\/03\/Zep-Logo_png.jpeg","contentUrl":"https:\/\/zepestonia.com\/wp-content\/uploads\/2022\/03\/Zep-Logo_png.jpeg","width":109,"height":70,"caption":"Zep Estonia"},"image":{"@id":"https:\/\/zepestonia.com\/en\/#\/schema\/logo\/image\/"},"sameAs":["https:\/\/www.facebook.com\/ZepEesti"]}]}},"_links":{"self":[{"href":"https:\/\/zepestonia.com\/en\/wp-json\/wp\/v2\/product\/13944","targetHints":{"allow":["GET"]}}],"collection":[{"href":"https:\/\/zepestonia.com\/en\/wp-json\/wp\/v2\/product"}],"about":[{"href":"https:\/\/zepestonia.com\/en\/wp-json\/wp\/v2\/types\/product"}],"replies":[{"embeddable":true,"href":"https:\/\/zepestonia.com\/en\/wp-json\/wp\/v2\/comments?post=13944"}],"version-history":[{"count":1,"href":"https:\/\/zepestonia.com\/en\/wp-json\/wp\/v2\/product\/13944\/revisions"}],"predecessor-version":[{"id":13945,"href":"https:\/\/zepestonia.com\/en\/wp-json\/wp\/v2\/product\/13944\/revisions\/13945"}],"wp:featuredmedia":[{"embeddable":true,"href":"https:\/\/zepestonia.com\/en\/wp-json\/wp\/v2\/media\/13940"}],"wp:attachment":[{"href":"https:\/\/zepestonia.com\/en\/wp-json\/wp\/v2\/media?parent=13944"}],"wp:term":[{"taxonomy":"product_brand","embeddable":true,"href":"https:\/\/zepestonia.com\/en\/wp-json\/wp\/v2\/product_brand?post=13944"},{"taxonomy":"product_cat","embeddable":true,"href":"https:\/\/zepestonia.com\/en\/wp-json\/wp\/v2\/product_cat?post=13944"},{"taxonomy":"product_tag","embeddable":true,"href":"https:\/\/zepestonia.com\/en\/wp-json\/wp\/v2\/product_tag?post=13944"}],"curies":[{"name":"wp","href":"https:\/\/api.w.org\/{rel}","templated":true}]}}