{"id":13935,"date":"2025-09-16T23:26:40","date_gmt":"2025-09-16T23:26:40","guid":{"rendered":"https:\/\/zepestonia.com\/toode\/nutrient-removal-lammastiku-eemaldamise-bakter\/"},"modified":"2025-09-18T03:56:38","modified_gmt":"2025-09-18T03:56:38","slug":"nutrient-removal-lammastiku-eemaldamise-bakter","status":"publish","type":"product","link":"https:\/\/zepestonia.com\/en\/toode\/nutrient-removal-lammastiku-eemaldamise-bakter\/","title":{"rendered":"NUTRIENT REMOVAL (BNR) &#8211; N ja P eemaldamise bakterid"},"content":{"rendered":"<p>Kirjeldus<\/p>\n<ul>\n<li>Lagundab ja neelab t\u00f5husalt ammooniuml\u00e4mmastikku<\/li>\n<li>Parandab nitreerimise efektiivsust<\/li>\n<li>S\u00e4ilitab nitreerimisefektide pikaajalise stabiilsuse<\/li>\n<li>Parandab ammooniuml\u00e4mmastiku eemaldamisel halbade s\u00fcsteemide puhastustulemusi<\/li>\n<li>V\u00e4hendab madala temperatuuri m\u00f5ju nitreerimisele<\/li>\n<li>Parandab kiiret taastumisaega h\u00e4iretest<\/li>\n<li>Parandab konkreetsete siht\u00fchendite j\u00e4\u00e4tmete lagunemist<\/li>\n<li>Lagundab rasva ja m\u00e4\u00e4rdeainete kogunemist, v\u00e4hendab sette kogunemist<\/li>\n<\/ul>\n<p>Kasutusala<\/p>\n<ul>\n<li>Anoksiline paak<\/li>\n<li>\u00d5hustuspaak<\/li>\n<\/ul>\n<p>Kuidas doseerida<br \/>\nSega 1 kg BactaServe&#8217;i 20 liitri toiteveega. (2 kg 40 liitri kohta jne&#8230;)<\/p>\n<p>Sega korralikult l\u00e4bi ja doseeri vastavalt \u00fcksikasjalikule doseerimisgraafikule( koostab ZEP tehniline konsultant).<\/p>\n<p>P\u00e4evas vajalik kogus s\u00f5ltub reovee mahust ja orgaanilisest koormusest.<\/p>\n","protected":false},"excerpt":{"rendered":"<p>NUTRIENT REMOVAL lagundab ammooniuml\u00e4mmastikku &#8211; v\u00e4hendab toitainete, n\u00e4iteks N2, P kontsentratsiooni reovees.<br \/>\nV\u00e4hendades toitainete keskkonda sattumist, m\u00e4ngib NUTRIENT REMOVAL olulist rolli t\u00f6\u00f6stustegevuse m\u00f5ju minimeerimisel \u00f6kos\u00fcsteemidele ja veekogudele.<\/p>\n","protected":false},"featured_media":13946,"comment_status":"open","ping_status":"closed","template":"","meta":[],"product_brand":[],"product_cat":[208],"product_tag":[],"class_list":{"0":"post-13935","1":"product","2":"type-product","3":"status-publish","4":"has-post-thumbnail","6":"product_cat-heitvesi","8":"first","9":"instock","10":"taxable","11":"shipping-taxable","12":"purchasable","13":"product-type-simple"},"yoast_head":"<!-- This site is optimized with the Yoast SEO plugin v26.5 - https:\/\/yoast.com\/wordpress\/plugins\/seo\/ -->\n<title>NUTRIENT REMOVAL (BNR) - N ja P eemaldamise bakterid - ZEP Eesti I Puhastusvahendid I E-pood<\/title>\n<meta name=\"robots\" content=\"index, follow, max-snippet:-1, max-image-preview:large, max-video-preview:-1\" \/>\n<link rel=\"canonical\" href=\"https:\/\/zepestonia.com\/en\/toode\/nutrient-removal-lammastiku-eemaldamise-bakter\/\" \/>\n<meta property=\"og:locale\" content=\"en_US\" \/>\n<meta property=\"og:type\" content=\"article\" \/>\n<meta property=\"og:title\" content=\"NUTRIENT REMOVAL (BNR) - N ja P eemaldamise bakterid - ZEP Eesti I Puhastusvahendid I E-pood\" \/>\n<meta property=\"og:description\" content=\"NUTRIENT REMOVAL lagundab ammooniuml\u00e4mmastikku - v\u00e4hendab toitainete, n\u00e4iteks N2, P kontsentratsiooni reovees.  V\u00e4hendades toitainete keskkonda sattumist, m\u00e4ngib NUTRIENT REMOVAL olulist rolli t\u00f6\u00f6stustegevuse m\u00f5ju minimeerimisel \u00f6kos\u00fcsteemidele ja veekogudele.\" \/>\n<meta property=\"og:url\" content=\"https:\/\/zepestonia.com\/en\/toode\/nutrient-removal-lammastiku-eemaldamise-bakter\/\" \/>\n<meta property=\"og:site_name\" content=\"ZEP Eesti I Puhastusvahendid I E-pood\" \/>\n<meta property=\"article:publisher\" content=\"https:\/\/www.facebook.com\/ZepEesti\" \/>\n<meta property=\"article:modified_time\" content=\"2025-09-18T03:56:38+00:00\" \/>\n<meta property=\"og:image\" content=\"https:\/\/zepestonia.com\/wp-content\/uploads\/2025\/09\/photo-1734009256-Nutrient-removal.jpg\" \/>\n\t<meta property=\"og:image:width\" content=\"374\" \/>\n\t<meta property=\"og:image:height\" content=\"544\" \/>\n\t<meta property=\"og:image:type\" content=\"image\/jpeg\" \/>\n<meta name=\"twitter:card\" content=\"summary_large_image\" \/>\n<script type=\"application\/ld+json\" class=\"yoast-schema-graph\">{\"@context\":\"https:\/\/schema.org\",\"@graph\":[{\"@type\":\"WebPage\",\"@id\":\"https:\/\/zepestonia.com\/en\/toode\/nutrient-removal-lammastiku-eemaldamise-bakter\/\",\"url\":\"https:\/\/zepestonia.com\/en\/toode\/nutrient-removal-lammastiku-eemaldamise-bakter\/\",\"name\":\"NUTRIENT REMOVAL (BNR) - N ja P eemaldamise bakterid - ZEP Eesti I Puhastusvahendid I E-pood\",\"isPartOf\":{\"@id\":\"https:\/\/zepestonia.com\/en\/#website\"},\"primaryImageOfPage\":{\"@id\":\"https:\/\/zepestonia.com\/en\/toode\/nutrient-removal-lammastiku-eemaldamise-bakter\/#primaryimage\"},\"image\":{\"@id\":\"https:\/\/zepestonia.com\/en\/toode\/nutrient-removal-lammastiku-eemaldamise-bakter\/#primaryimage\"},\"thumbnailUrl\":\"https:\/\/zepestonia.com\/wp-content\/uploads\/2025\/09\/photo-1734009256-Nutrient-removal.jpg\",\"datePublished\":\"2025-09-16T23:26:40+00:00\",\"dateModified\":\"2025-09-18T03:56:38+00:00\",\"breadcrumb\":{\"@id\":\"https:\/\/zepestonia.com\/en\/toode\/nutrient-removal-lammastiku-eemaldamise-bakter\/#breadcrumb\"},\"inLanguage\":\"en-US\",\"potentialAction\":[{\"@type\":\"ReadAction\",\"target\":[\"https:\/\/zepestonia.com\/en\/toode\/nutrient-removal-lammastiku-eemaldamise-bakter\/\"]}]},{\"@type\":\"ImageObject\",\"inLanguage\":\"en-US\",\"@id\":\"https:\/\/zepestonia.com\/en\/toode\/nutrient-removal-lammastiku-eemaldamise-bakter\/#primaryimage\",\"url\":\"https:\/\/zepestonia.com\/wp-content\/uploads\/2025\/09\/photo-1734009256-Nutrient-removal.jpg\",\"contentUrl\":\"https:\/\/zepestonia.com\/wp-content\/uploads\/2025\/09\/photo-1734009256-Nutrient-removal.jpg\",\"width\":374,\"height\":544,\"caption\":\"photo-1734009256-Nutrient-removal\"},{\"@type\":\"BreadcrumbList\",\"@id\":\"https:\/\/zepestonia.com\/en\/toode\/nutrient-removal-lammastiku-eemaldamise-bakter\/#breadcrumb\",\"itemListElement\":[{\"@type\":\"ListItem\",\"position\":1,\"name\":\"Home\",\"item\":\"https:\/\/zepestonia.com\/en\/\"},{\"@type\":\"ListItem\",\"position\":2,\"name\":\"Shop\",\"item\":\"https:\/\/zepestonia.com\/en\/?page_id=4643\"},{\"@type\":\"ListItem\",\"position\":3,\"name\":\"NUTRIENT REMOVAL (BNR) &#8211; N ja P eemaldamise bakterid\"}]},{\"@type\":\"WebSite\",\"@id\":\"https:\/\/zepestonia.com\/en\/#website\",\"url\":\"https:\/\/zepestonia.com\/en\/\",\"name\":\"ZEP Eesti I Puhastusvahendid I E-pood\",\"description\":\"Pakume puhastus- ja hooldusprobleemidele efektiivseid keskkonnas\u00f5bralikke lahendusi!\",\"publisher\":{\"@id\":\"https:\/\/zepestonia.com\/en\/#organization\"},\"potentialAction\":[{\"@type\":\"SearchAction\",\"target\":{\"@type\":\"EntryPoint\",\"urlTemplate\":\"https:\/\/zepestonia.com\/en\/?s={search_term_string}\"},\"query-input\":{\"@type\":\"PropertyValueSpecification\",\"valueRequired\":true,\"valueName\":\"search_term_string\"}}],\"inLanguage\":\"en-US\"},{\"@type\":\"Organization\",\"@id\":\"https:\/\/zepestonia.com\/en\/#organization\",\"name\":\"Zep Estonia\",\"url\":\"https:\/\/zepestonia.com\/en\/\",\"logo\":{\"@type\":\"ImageObject\",\"inLanguage\":\"en-US\",\"@id\":\"https:\/\/zepestonia.com\/en\/#\/schema\/logo\/image\/\",\"url\":\"https:\/\/zepestonia.com\/wp-content\/uploads\/2022\/03\/Zep-Logo_png.jpeg\",\"contentUrl\":\"https:\/\/zepestonia.com\/wp-content\/uploads\/2022\/03\/Zep-Logo_png.jpeg\",\"width\":109,\"height\":70,\"caption\":\"Zep Estonia\"},\"image\":{\"@id\":\"https:\/\/zepestonia.com\/en\/#\/schema\/logo\/image\/\"},\"sameAs\":[\"https:\/\/www.facebook.com\/ZepEesti\"]}]}<\/script>\n<!-- \/ Yoast SEO plugin. -->","yoast_head_json":{"title":"NUTRIENT REMOVAL (BNR) - N ja P eemaldamise bakterid - ZEP Eesti I Puhastusvahendid I E-pood","robots":{"index":"index","follow":"follow","max-snippet":"max-snippet:-1","max-image-preview":"max-image-preview:large","max-video-preview":"max-video-preview:-1"},"canonical":"https:\/\/zepestonia.com\/en\/toode\/nutrient-removal-lammastiku-eemaldamise-bakter\/","og_locale":"en_US","og_type":"article","og_title":"NUTRIENT REMOVAL (BNR) - N ja P eemaldamise bakterid - ZEP Eesti I Puhastusvahendid I E-pood","og_description":"NUTRIENT REMOVAL lagundab ammooniuml\u00e4mmastikku - v\u00e4hendab toitainete, n\u00e4iteks N2, P kontsentratsiooni reovees.  V\u00e4hendades toitainete keskkonda sattumist, m\u00e4ngib NUTRIENT REMOVAL olulist rolli t\u00f6\u00f6stustegevuse m\u00f5ju minimeerimisel \u00f6kos\u00fcsteemidele ja veekogudele.","og_url":"https:\/\/zepestonia.com\/en\/toode\/nutrient-removal-lammastiku-eemaldamise-bakter\/","og_site_name":"ZEP Eesti I Puhastusvahendid I E-pood","article_publisher":"https:\/\/www.facebook.com\/ZepEesti","article_modified_time":"2025-09-18T03:56:38+00:00","og_image":[{"width":374,"height":544,"url":"https:\/\/zepestonia.com\/wp-content\/uploads\/2025\/09\/photo-1734009256-Nutrient-removal.jpg","type":"image\/jpeg"}],"twitter_card":"summary_large_image","schema":{"@context":"https:\/\/schema.org","@graph":[{"@type":"WebPage","@id":"https:\/\/zepestonia.com\/en\/toode\/nutrient-removal-lammastiku-eemaldamise-bakter\/","url":"https:\/\/zepestonia.com\/en\/toode\/nutrient-removal-lammastiku-eemaldamise-bakter\/","name":"NUTRIENT REMOVAL (BNR) - N ja P eemaldamise bakterid - ZEP Eesti I Puhastusvahendid I E-pood","isPartOf":{"@id":"https:\/\/zepestonia.com\/en\/#website"},"primaryImageOfPage":{"@id":"https:\/\/zepestonia.com\/en\/toode\/nutrient-removal-lammastiku-eemaldamise-bakter\/#primaryimage"},"image":{"@id":"https:\/\/zepestonia.com\/en\/toode\/nutrient-removal-lammastiku-eemaldamise-bakter\/#primaryimage"},"thumbnailUrl":"https:\/\/zepestonia.com\/wp-content\/uploads\/2025\/09\/photo-1734009256-Nutrient-removal.jpg","datePublished":"2025-09-16T23:26:40+00:00","dateModified":"2025-09-18T03:56:38+00:00","breadcrumb":{"@id":"https:\/\/zepestonia.com\/en\/toode\/nutrient-removal-lammastiku-eemaldamise-bakter\/#breadcrumb"},"inLanguage":"en-US","potentialAction":[{"@type":"ReadAction","target":["https:\/\/zepestonia.com\/en\/toode\/nutrient-removal-lammastiku-eemaldamise-bakter\/"]}]},{"@type":"ImageObject","inLanguage":"en-US","@id":"https:\/\/zepestonia.com\/en\/toode\/nutrient-removal-lammastiku-eemaldamise-bakter\/#primaryimage","url":"https:\/\/zepestonia.com\/wp-content\/uploads\/2025\/09\/photo-1734009256-Nutrient-removal.jpg","contentUrl":"https:\/\/zepestonia.com\/wp-content\/uploads\/2025\/09\/photo-1734009256-Nutrient-removal.jpg","width":374,"height":544,"caption":"photo-1734009256-Nutrient-removal"},{"@type":"BreadcrumbList","@id":"https:\/\/zepestonia.com\/en\/toode\/nutrient-removal-lammastiku-eemaldamise-bakter\/#breadcrumb","itemListElement":[{"@type":"ListItem","position":1,"name":"Home","item":"https:\/\/zepestonia.com\/en\/"},{"@type":"ListItem","position":2,"name":"Shop","item":"https:\/\/zepestonia.com\/en\/?page_id=4643"},{"@type":"ListItem","position":3,"name":"NUTRIENT REMOVAL (BNR) &#8211; N ja P eemaldamise bakterid"}]},{"@type":"WebSite","@id":"https:\/\/zepestonia.com\/en\/#website","url":"https:\/\/zepestonia.com\/en\/","name":"ZEP Eesti I Puhastusvahendid I E-pood","description":"Pakume puhastus- ja hooldusprobleemidele efektiivseid keskkonnas\u00f5bralikke lahendusi!","publisher":{"@id":"https:\/\/zepestonia.com\/en\/#organization"},"potentialAction":[{"@type":"SearchAction","target":{"@type":"EntryPoint","urlTemplate":"https:\/\/zepestonia.com\/en\/?s={search_term_string}"},"query-input":{"@type":"PropertyValueSpecification","valueRequired":true,"valueName":"search_term_string"}}],"inLanguage":"en-US"},{"@type":"Organization","@id":"https:\/\/zepestonia.com\/en\/#organization","name":"Zep Estonia","url":"https:\/\/zepestonia.com\/en\/","logo":{"@type":"ImageObject","inLanguage":"en-US","@id":"https:\/\/zepestonia.com\/en\/#\/schema\/logo\/image\/","url":"https:\/\/zepestonia.com\/wp-content\/uploads\/2022\/03\/Zep-Logo_png.jpeg","contentUrl":"https:\/\/zepestonia.com\/wp-content\/uploads\/2022\/03\/Zep-Logo_png.jpeg","width":109,"height":70,"caption":"Zep Estonia"},"image":{"@id":"https:\/\/zepestonia.com\/en\/#\/schema\/logo\/image\/"},"sameAs":["https:\/\/www.facebook.com\/ZepEesti"]}]}},"_links":{"self":[{"href":"https:\/\/zepestonia.com\/en\/wp-json\/wp\/v2\/product\/13935","targetHints":{"allow":["GET"]}}],"collection":[{"href":"https:\/\/zepestonia.com\/en\/wp-json\/wp\/v2\/product"}],"about":[{"href":"https:\/\/zepestonia.com\/en\/wp-json\/wp\/v2\/types\/product"}],"replies":[{"embeddable":true,"href":"https:\/\/zepestonia.com\/en\/wp-json\/wp\/v2\/comments?post=13935"}],"version-history":[{"count":4,"href":"https:\/\/zepestonia.com\/en\/wp-json\/wp\/v2\/product\/13935\/revisions"}],"predecessor-version":[{"id":13953,"href":"https:\/\/zepestonia.com\/en\/wp-json\/wp\/v2\/product\/13935\/revisions\/13953"}],"wp:featuredmedia":[{"embeddable":true,"href":"https:\/\/zepestonia.com\/en\/wp-json\/wp\/v2\/media\/13946"}],"wp:attachment":[{"href":"https:\/\/zepestonia.com\/en\/wp-json\/wp\/v2\/media?parent=13935"}],"wp:term":[{"taxonomy":"product_brand","embeddable":true,"href":"https:\/\/zepestonia.com\/en\/wp-json\/wp\/v2\/product_brand?post=13935"},{"taxonomy":"product_cat","embeddable":true,"href":"https:\/\/zepestonia.com\/en\/wp-json\/wp\/v2\/product_cat?post=13935"},{"taxonomy":"product_tag","embeddable":true,"href":"https:\/\/zepestonia.com\/en\/wp-json\/wp\/v2\/product_tag?post=13935"}],"curies":[{"name":"wp","href":"https:\/\/api.w.org\/{rel}","templated":true}]}}