{"id":12952,"date":"2024-12-28T15:10:41","date_gmt":"2024-12-28T15:10:41","guid":{"rendered":"https:\/\/zepestonia.com\/toode\/oleoflor-1l-impregneer-poorsetele-pindadele\/"},"modified":"2026-03-05T07:50:01","modified_gmt":"2026-03-05T07:50:01","slug":"oleoflor-1l-impregneer-poorsetele-pindadele","status":"publish","type":"product","link":"https:\/\/zepestonia.com\/en\/toode\/oleoflor-1l-impregneer-poorsetele-pindadele\/","title":{"rendered":"Oleoflor * 1L &#8211; Impregneer poorsetele pindadele"},"content":{"rendered":"<ul>\n<li><span style=\"font-size:14px\"><span class=\"markedContent\" id=\"page27R_mcid9\"><span dir=\"ltr\" role=\"presentation\" style=\"left: 177.033px;top: 440.111px;font-family: sans-serif\">Puhastada pind, loputa<\/span><span dir=\"ltr\" role=\"presentation\" style=\"left: 381.683px;top: 440.111px;font-family: sans-serif\">da<\/span><span dir=\"ltr\" role=\"presentation\" style=\"left: 404.003px;top: 440.111px;font-family: sans-serif\"> <\/span><span dir=\"ltr\" role=\"presentation\" style=\"left: 409.683px;top: 440.111px;font-family: sans-serif\">veega ja las<\/span><span dir=\"ltr\" role=\"presentation\" style=\"left: 516.483px;top: 440.111px;font-family: sans-serif\">ta<\/span><span dir=\"ltr\" role=\"presentation\" style=\"left: 533.003px;top: 440.111px;font-family: sans-serif\"> <\/span><span dir=\"ltr\" role=\"presentation\" style=\"left: 538.717px;top: 440.111px;font-family: sans-serif\">kuivada.<\/span><\/span><\/span><\/li>\n<li><span style=\"font-size:14px\"><span class=\"markedContent\" id=\"page27R_mcid10\"><span dir=\"ltr\" role=\"presentation\" style=\"left: 177.033px;top: 464.511px;font-family: sans-serif\">Kasuta<\/span><span dir=\"ltr\" role=\"presentation\" style=\"left: 239.433px;top: 464.511px;font-family: sans-serif\">da toodet<\/span><span dir=\"ltr\" role=\"presentation\" style=\"left: 322.713px;top: 464.511px;font-family: sans-serif\"> <\/span><span dir=\"ltr\" role=\"presentation\" style=\"left: 328.483px;top: 464.511px;font-family: sans-serif\">lahjendamata<\/span><span dir=\"ltr\" role=\"presentation\" style=\"left: 448.483px;top: 464.511px;font-family: sans-serif\"> <\/span><span dir=\"ltr\" role=\"presentation\" style=\"left: 454.083px;top: 464.511px;font-family: sans-serif\">kujul<\/span><span dir=\"ltr\" role=\"presentation\" style=\"left: 495.283px;top: 464.511px;font-family: sans-serif\">.<\/span><\/span><\/span><\/li>\n<li><span style=\"font-size:14px\"><span class=\"markedContent\"><span dir=\"ltr\" role=\"presentation\" style=\"left: 177.033px;top: 488.711px;font-family: sans-serif\">Kand<\/span><span dir=\"ltr\" role=\"presentation\" style=\"left: 223.833px;top: 488.711px;font-family: sans-serif\">a t\u00f6\u00f6deldavale pinnale<\/span><span dir=\"ltr\" role=\"presentation\" style=\"left: 427.353px;top: 488.711px;font-family: sans-serif\"> <\/span><span dir=\"ltr\" role=\"presentation\" style=\"left: 434.883px;top: 488.711px;font-family: sans-serif\">harja v\u00f5i pihusti abil. <\/span><\/span><\/span><\/li>\n<li><span style=\"font-size:14px\"><span class=\"markedContent\"><span dir=\"ltr\" role=\"presentation\" style=\"left: 434.883px;top: 488.711px;font-family: sans-serif\">Pihusta<\/span><span dir=\"ltr\" role=\"presentation\" style=\"left: 695.517px;top: 488.711px;font-family: sans-serif\">da<\/span><span dir=\"ltr\" role=\"presentation\" style=\"left: 717.637px;top: 488.711px;font-family: sans-serif\"> <\/span><span dir=\"ltr\" role=\"presentation\" style=\"left: 725.117px;top: 488.711px;font-family: sans-serif\">30 cm kaugusel<\/span><span dir=\"ltr\" role=\"presentation\" style=\"left: 868.767px;top: 488.711px;font-family: sans-serif\">t<\/span> <span dir=\"ltr\" role=\"presentation\" style=\"left: 178.033px;top: 511.711px;font-family: sans-serif\">kogu pinna<\/span><span dir=\"ltr\" role=\"presentation\" style=\"left: 276.033px;top: 511.711px;font-family: sans-serif\">le<\/span><span dir=\"ltr\" role=\"presentation\" style=\"left: 291.633px;top: 511.711px;font-family: sans-serif\">, kuni see on k\u00fcllastunud. <\/span><\/span><\/span><\/li>\n<li><span style=\"font-size:14px\"><span class=\"markedContent\" id=\"page27R_mcid11\"><span dir=\"ltr\" role=\"presentation\" style=\"left: 291.633px;top: 511.711px;font-family: sans-serif\">Sageli on piisav ainult \u00fcks kattekiht.<\/span><\/span><\/span><\/li>\n<li><span style=\"font-size:14px\"><span class=\"markedContent\"><span dir=\"ltr\" role=\"presentation\" style=\"left: 177.033px;top: 536.111px;font-family: sans-serif\">V\u00e4ga poorsetel pindadel on siiski vaja kasutada teist kihti niipea, kui esimene<\/span> <span dir=\"ltr\" role=\"presentation\" style=\"left: 178.033px;top: 559.111px;font-family: sans-serif\">kate kaotab l\u00e4ikiv<\/span><span dir=\"ltr\" role=\"presentation\" style=\"left: 335.883px;top: 559.111px;font-family: sans-serif\">a v\u00e4limuse. <\/span><\/span><\/span><\/li>\n<li><span style=\"font-size:14px\"><span class=\"markedContent\" id=\"page27R_mcid12\"><span dir=\"ltr\" role=\"presentation\" style=\"left: 335.883px;top: 559.111px;font-family: sans-serif\">Vertikaalsete pindade puhul<\/span><span dir=\"ltr\" role=\"presentation\" style=\"left: 697.523px;top: 559.111px;font-family: sans-serif\"> <\/span><span dir=\"ltr\" role=\"presentation\" style=\"left: 705.517px;top: 559.111px;font-family: sans-serif\">alustada t\u00f6\u00f6tlemist<\/span> <span dir=\"ltr\" role=\"presentation\" style=\"left: 178.033px;top: 582.111px;font-family: sans-serif\">alati \u00fclalt alla.<\/span><\/span><\/span><\/li>\n<li><span style=\"font-size:14px\"><span class=\"markedContent\" id=\"page27R_mcid13\"><span dir=\"ltr\" role=\"presentation\" style=\"left: 177.033px;top: 606.511px;font-family: sans-serif\">Las<\/span><span dir=\"ltr\" role=\"presentation\" style=\"left: 209.433px;top: 606.511px;font-family: sans-serif\">ta<\/span><span dir=\"ltr\" role=\"presentation\" style=\"left: 226.153px;top: 606.511px;font-family: sans-serif\"> <\/span><span dir=\"ltr\" role=\"presentation\" style=\"left: 231.633px;top: 606.511px;font-family: sans-serif\">kuivada 24 tundi.<\/span><\/span><\/span><\/li>\n<li><span style=\"font-size:14px\"><span class=\"markedContent\" id=\"page27R_mcid14\"><span dir=\"ltr\" role=\"presentation\" style=\"left: 177.033px;top: 630.911px;font-family: sans-serif\">Katvus s\u00f5ltuvalt materjali poorsusest&nbsp; 2<\/span><span dir=\"ltr\" role=\"presentation\" style=\"left: 544.717px;top: 630.911px;font-family: sans-serif\">&#8211;<\/span><span dir=\"ltr\" role=\"presentation\" style=\"left: 551.317px;top: 630.911px;font-family: sans-serif\">10 m<\/span><\/span><span class=\"markedContent\"><span dir=\"ltr\" role=\"presentation\" style=\"left: 551.317px;top: 630.911px;font-family: sans-serif\">\u00b2\/L kohta<\/span><span dir=\"ltr\" role=\"presentation\" style=\"left: 737.967px;top: 630.911px;font-family: sans-serif\">.<\/span><\/span><\/span><\/li>\n<li><span style=\"font-size:14px\"><span class=\"markedContent\" id=\"page27R_mcid15\"><span dir=\"ltr\" role=\"presentation\" style=\"left: 177.033px;top: 655.111px;font-family: sans-serif\">K\u00f5ige parem on teha kohapealne test k\u00f5igepealt t\u00f6\u00f6deldaval pinnal.<\/span><\/span><\/span><\/li>\n<li><span style=\"font-size:14px\"><span class=\"markedContent\" id=\"page27R_mcid16\"><span dir=\"ltr\" role=\"presentation\" style=\"left: 177.033px;top: 679.511px;font-family: sans-serif\">V\u00e4rs<\/span><span dir=\"ltr\" role=\"presentation\" style=\"left: 218.233px;top: 679.511px;font-family: sans-serif\">ke<\/span><span dir=\"ltr\" role=\"presentation\" style=\"left: 239.353px;top: 679.511px;font-family: sans-serif\"> <\/span><span dir=\"ltr\" role=\"presentation\" style=\"left: 251.793px;top: 679.511px;font-family: sans-serif\">m\u00fc\u00fcritise<\/span><span dir=\"ltr\" role=\"presentation\" style=\"left: 333.053px;top: 679.511px;font-family: sans-serif\"> <\/span><span dir=\"ltr\" role=\"presentation\" style=\"left: 345.493px;top: 679.511px;font-family: sans-serif\">puhul<\/span><span dir=\"ltr\" role=\"presentation\" style=\"left: 394.473px;top: 679.511px;font-family: sans-serif\"> <\/span><span dir=\"ltr\" role=\"presentation\" style=\"left: 407.013px;top: 679.511px;font-family: sans-serif\">on<\/span><span dir=\"ltr\" role=\"presentation\" style=\"left: 429.313px;top: 679.511px;font-family: sans-serif\"> <\/span><span dir=\"ltr\" role=\"presentation\" style=\"left: 441.953px;top: 679.511px;font-family: sans-serif\">soovitatav<\/span><span dir=\"ltr\" role=\"presentation\" style=\"left: 531.893px;top: 679.511px;font-family: sans-serif\"> <\/span><span dir=\"ltr\" role=\"presentation\" style=\"left: 544.473px;top: 679.511px;font-family: sans-serif\">enne<\/span><span dir=\"ltr\" role=\"presentation\" style=\"left: 588.773px;top: 679.511px;font-family: sans-serif\"> <\/span><span dir=\"ltr\" role=\"presentation\" style=\"left: 601.413px;top: 679.511px;font-family: sans-serif\">pin<\/span><span dir=\"ltr\" role=\"presentation\" style=\"left: 628.717px;top: 679.511px;font-family: sans-serif\">n<\/span><span dir=\"ltr\" role=\"presentation\" style=\"left: 639.717px;top: 679.511px;font-family: sans-serif\">a<\/span><span dir=\"ltr\" role=\"presentation\" style=\"left: 650.837px;top: 679.511px;font-family: sans-serif\"> <\/span><span dir=\"ltr\" role=\"presentation\" style=\"left: 663.477px;top: 679.511px;font-family: sans-serif\">immutamist<\/span><span dir=\"ltr\" role=\"presentation\" style=\"left: 765.637px;top: 679.511px;font-family: sans-serif\"> <\/span><span dir=\"ltr\" role=\"presentation\" style=\"left: 778.017px;top: 679.511px;font-family: sans-serif\">oodata<\/span><span dir=\"ltr\" role=\"presentation\" style=\"left: 839.237px;top: 679.511px;font-family: sans-serif\"> <\/span><span dir=\"ltr\" role=\"presentation\" style=\"left: 851.717px;top: 679.511px;font-family: sans-serif\">28<\/span> <span dir=\"ltr\" role=\"presentation\" style=\"left: 178.033px;top: 702.511px;font-family: sans-serif\">p\u00e4eva.<\/span><\/span><\/span><\/li>\n<li><span style=\"font-size:14px\"><span class=\"markedContent\" id=\"page27R_mcid17\"><span dir=\"ltr\" role=\"presentation\" style=\"left: 177.033px;top: 726.911px;font-family: sans-serif\">T<\/span><span dir=\"ltr\" role=\"presentation\" style=\"left: 429.683px;top: 726.911px;font-family: sans-serif\">\u00f6\u00f6riistad koheselt veega pesta.<\/span><\/span><\/span><\/li>\n<li><span style=\"font-size:14px\"><span class=\"markedContent\"><span dir=\"ltr\" role=\"presentation\" style=\"left: 177.033px;top: 751.144px;font-family: sans-serif\">Optimaalne efektiivsus: 7 p\u00e4eva p\u00e4rast manustamist<\/span><span dir=\"ltr\" role=\"presentation\" style=\"left: 640.917px;top: 751.144px;font-family: sans-serif\">.<\/span><\/span><\/span><\/li>\n<\/ul>\n<p><span style=\"color:#FF0000\"><strong><span style=\"font-size:14px\"><span class=\"markedContent\"><span dir=\"ltr\" role=\"presentation\" style=\"left: 640.917px;top: 751.144px;font-family: sans-serif\">NB!<\/span><\/span><\/span><\/strong><\/span><\/p>\n<ul>\n<li><span style=\"font-size:14px\"><span class=\"markedContent\"><span dir=\"ltr\" role=\"presentation\" style=\"left: 517.083px;top: 279.661px;font-family: sans-serif\">Oleoflori ei tohi kasutada<\/span> <span dir=\"ltr\" role=\"presentation\" style=\"left: 118.04px;top: 302.661px;font-family: sans-serif\">vundamentide v\u00f5i terrasside h\u00fcdroisolatsioonina. <\/span><\/span><\/span><\/li>\n<li><span style=\"font-size:14px\"><span class=\"markedContent\"><span dir=\"ltr\" role=\"presentation\" style=\"left: 118.04px;top: 302.661px;font-family: sans-serif\">\u00c4rge kasutage vihmase ega<\/span> <span dir=\"ltr\" role=\"presentation\" style=\"left: 118.04px;top: 325.661px;font-family: sans-serif\">k\u00fclma ilmaga. <\/span><\/span><\/span><\/li>\n<li><span style=\"font-size:14px\"><span class=\"markedContent\" id=\"page27R_mcid4\"><span dir=\"ltr\" role=\"presentation\" style=\"left: 118.04px;top: 325.661px;font-family: sans-serif\">Hoida temperatuuril \u00fcle 5 \u00b0 C.<\/span><\/span><\/span><\/li>\n<\/ul>\n<p><span style=\"font-size:14px\"><span class=\"markedContent\"><span dir=\"ltr\" role=\"presentation\" style=\"left: 640.917px;top: 751.144px;font-family: sans-serif\">pH 4,7<\/span><\/span><\/span><\/p>\n","protected":false},"excerpt":{"rendered":"<p>Impregneer v\u00e4ldib \u00f5li, rasva ja mustuse tungimist pinda.<br \/>\nVett t\u00f5rjuv t\u00f6\u00f6tlemine takistab vee imendumist ja k\u00f5rvaldab niiskuse negatiivse m\u00f5ju (l\u00f5hed, erosioon, praod pinnal).<br \/>\nKaitseb poorseid pindu, liimi vastane toime.<br \/>\nVastupidav agressiivsetele kemikaalidele.<br \/>\nTagab vastupanu happevihmast ja mustusest p\u00f5hjustatud \u00f5husaastele.<br \/>\nTakistab rasvase mustuse kleepumist materjalidele.<br \/>\nN\u00e4rimiskumm on kergesti eemaldatav.<br \/>\nInhibeerib hallituse kasvu ja soodustab salpeetri kadumist.<br \/>\nEnamikul juhtudel sobib ka graffitivastaseks kaitseks.<br \/>\nEi muuda algset pinna v\u00e4limust, laseb pinnal hingata.<br \/>\nToime p\u00e4rast t\u00f6\u00f6tlust kestab 5-10 aastat.<br \/>\nToode on UV-kiirguskindel.<\/p>\n","protected":false},"featured_media":12950,"comment_status":"closed","ping_status":"closed","template":"","meta":[],"product_brand":[],"product_cat":[197],"product_tag":[],"class_list":{"0":"post-12952","1":"product","2":"type-product","3":"status-publish","4":"has-post-thumbnail","6":"product_cat-kaitse","8":"first","9":"instock","10":"taxable","11":"shipping-taxable","12":"purchasable","13":"product-type-simple"},"yoast_head":"<!-- This site is optimized with the Yoast SEO plugin v26.5 - https:\/\/yoast.com\/wordpress\/plugins\/seo\/ -->\n<title>Oleoflor * 1L - Impregneer poorsetele pindadele - ZEP Eesti I Puhastusvahendid I E-pood<\/title>\n<meta name=\"robots\" content=\"index, follow, max-snippet:-1, max-image-preview:large, max-video-preview:-1\" \/>\n<link rel=\"canonical\" href=\"https:\/\/zepestonia.com\/en\/toode\/oleoflor-1l-impregneer-poorsetele-pindadele\/\" \/>\n<meta property=\"og:locale\" content=\"en_US\" \/>\n<meta property=\"og:type\" content=\"article\" \/>\n<meta property=\"og:title\" content=\"Oleoflor * 1L - Impregneer poorsetele pindadele - ZEP Eesti I Puhastusvahendid I E-pood\" \/>\n<meta property=\"og:description\" content=\"Impregneer v\u00e4ldib \u00f5li, rasva ja mustuse tungimist pinda. Vett t\u00f5rjuv t\u00f6\u00f6tlemine takistab vee imendumist ja k\u00f5rvaldab niiskuse negatiivse m\u00f5ju (l\u00f5hed, erosioon, praod pinnal). Kaitseb poorseid pindu, liimi vastane toime. Vastupidav agressiivsetele kemikaalidele. Tagab vastupanu happevihmast ja mustusest p\u00f5hjustatud \u00f5husaastele. Takistab rasvase mustuse kleepumist materjalidele. N\u00e4rimiskumm on kergesti eemaldatav. Inhibeerib hallituse kasvu ja soodustab salpeetri kadumist.  Enamikul juhtudel sobib ka graffitivastaseks kaitseks. Ei muuda algset pinna v\u00e4limust, laseb pinnal hingata. Toime p\u00e4rast t\u00f6\u00f6tlust kestab 5-10 aastat.  Toode on UV-kiirguskindel.\" \/>\n<meta property=\"og:url\" content=\"https:\/\/zepestonia.com\/en\/toode\/oleoflor-1l-impregneer-poorsetele-pindadele\/\" \/>\n<meta property=\"og:site_name\" content=\"ZEP Eesti I Puhastusvahendid I E-pood\" \/>\n<meta property=\"article:publisher\" content=\"https:\/\/www.facebook.com\/ZepEesti\" \/>\n<meta property=\"article:modified_time\" content=\"2026-03-05T07:50:01+00:00\" \/>\n<meta property=\"og:image\" content=\"https:\/\/zepestonia.com\/wp-content\/uploads\/2024\/12\/Oleoflor-1L.jpg\" \/>\n\t<meta property=\"og:image:width\" content=\"750\" \/>\n\t<meta property=\"og:image:height\" content=\"1000\" \/>\n\t<meta property=\"og:image:type\" content=\"image\/jpeg\" \/>\n<meta name=\"twitter:card\" content=\"summary_large_image\" \/>\n<meta name=\"twitter:label1\" content=\"Est. reading time\" \/>\n\t<meta name=\"twitter:data1\" content=\"1 minute\" \/>\n<script type=\"application\/ld+json\" class=\"yoast-schema-graph\">{\"@context\":\"https:\/\/schema.org\",\"@graph\":[{\"@type\":\"WebPage\",\"@id\":\"https:\/\/zepestonia.com\/en\/toode\/oleoflor-1l-impregneer-poorsetele-pindadele\/\",\"url\":\"https:\/\/zepestonia.com\/en\/toode\/oleoflor-1l-impregneer-poorsetele-pindadele\/\",\"name\":\"Oleoflor * 1L - Impregneer poorsetele pindadele - ZEP Eesti I Puhastusvahendid I E-pood\",\"isPartOf\":{\"@id\":\"https:\/\/zepestonia.com\/en\/#website\"},\"primaryImageOfPage\":{\"@id\":\"https:\/\/zepestonia.com\/en\/toode\/oleoflor-1l-impregneer-poorsetele-pindadele\/#primaryimage\"},\"image\":{\"@id\":\"https:\/\/zepestonia.com\/en\/toode\/oleoflor-1l-impregneer-poorsetele-pindadele\/#primaryimage\"},\"thumbnailUrl\":\"https:\/\/zepestonia.com\/wp-content\/uploads\/2024\/12\/Oleoflor-1L.jpg\",\"datePublished\":\"2024-12-28T15:10:41+00:00\",\"dateModified\":\"2026-03-05T07:50:01+00:00\",\"breadcrumb\":{\"@id\":\"https:\/\/zepestonia.com\/en\/toode\/oleoflor-1l-impregneer-poorsetele-pindadele\/#breadcrumb\"},\"inLanguage\":\"en-US\",\"potentialAction\":[{\"@type\":\"ReadAction\",\"target\":[\"https:\/\/zepestonia.com\/en\/toode\/oleoflor-1l-impregneer-poorsetele-pindadele\/\"]}]},{\"@type\":\"ImageObject\",\"inLanguage\":\"en-US\",\"@id\":\"https:\/\/zepestonia.com\/en\/toode\/oleoflor-1l-impregneer-poorsetele-pindadele\/#primaryimage\",\"url\":\"https:\/\/zepestonia.com\/wp-content\/uploads\/2024\/12\/Oleoflor-1L.jpg\",\"contentUrl\":\"https:\/\/zepestonia.com\/wp-content\/uploads\/2024\/12\/Oleoflor-1L.jpg\",\"width\":750,\"height\":1000,\"caption\":\"Oleoflor-1L\"},{\"@type\":\"BreadcrumbList\",\"@id\":\"https:\/\/zepestonia.com\/en\/toode\/oleoflor-1l-impregneer-poorsetele-pindadele\/#breadcrumb\",\"itemListElement\":[{\"@type\":\"ListItem\",\"position\":1,\"name\":\"Home\",\"item\":\"https:\/\/zepestonia.com\/en\/\"},{\"@type\":\"ListItem\",\"position\":2,\"name\":\"Shop\",\"item\":\"https:\/\/zepestonia.com\/en\/?page_id=4643\"},{\"@type\":\"ListItem\",\"position\":3,\"name\":\"Oleoflor * 1L &#8211; Impregneer poorsetele pindadele\"}]},{\"@type\":\"WebSite\",\"@id\":\"https:\/\/zepestonia.com\/en\/#website\",\"url\":\"https:\/\/zepestonia.com\/en\/\",\"name\":\"ZEP Eesti I Puhastusvahendid I E-pood\",\"description\":\"Pakume puhastus- ja hooldusprobleemidele efektiivseid keskkonnas\u00f5bralikke lahendusi!\",\"publisher\":{\"@id\":\"https:\/\/zepestonia.com\/en\/#organization\"},\"potentialAction\":[{\"@type\":\"SearchAction\",\"target\":{\"@type\":\"EntryPoint\",\"urlTemplate\":\"https:\/\/zepestonia.com\/en\/?s={search_term_string}\"},\"query-input\":{\"@type\":\"PropertyValueSpecification\",\"valueRequired\":true,\"valueName\":\"search_term_string\"}}],\"inLanguage\":\"en-US\"},{\"@type\":\"Organization\",\"@id\":\"https:\/\/zepestonia.com\/en\/#organization\",\"name\":\"Zep Estonia\",\"url\":\"https:\/\/zepestonia.com\/en\/\",\"logo\":{\"@type\":\"ImageObject\",\"inLanguage\":\"en-US\",\"@id\":\"https:\/\/zepestonia.com\/en\/#\/schema\/logo\/image\/\",\"url\":\"https:\/\/zepestonia.com\/wp-content\/uploads\/2022\/03\/Zep-Logo_png.jpeg\",\"contentUrl\":\"https:\/\/zepestonia.com\/wp-content\/uploads\/2022\/03\/Zep-Logo_png.jpeg\",\"width\":109,\"height\":70,\"caption\":\"Zep Estonia\"},\"image\":{\"@id\":\"https:\/\/zepestonia.com\/en\/#\/schema\/logo\/image\/\"},\"sameAs\":[\"https:\/\/www.facebook.com\/ZepEesti\"]}]}<\/script>\n<!-- \/ Yoast SEO plugin. -->","yoast_head_json":{"title":"Oleoflor * 1L - Impregneer poorsetele pindadele - ZEP Eesti I Puhastusvahendid I E-pood","robots":{"index":"index","follow":"follow","max-snippet":"max-snippet:-1","max-image-preview":"max-image-preview:large","max-video-preview":"max-video-preview:-1"},"canonical":"https:\/\/zepestonia.com\/en\/toode\/oleoflor-1l-impregneer-poorsetele-pindadele\/","og_locale":"en_US","og_type":"article","og_title":"Oleoflor * 1L - Impregneer poorsetele pindadele - ZEP Eesti I Puhastusvahendid I E-pood","og_description":"Impregneer v\u00e4ldib \u00f5li, rasva ja mustuse tungimist pinda. Vett t\u00f5rjuv t\u00f6\u00f6tlemine takistab vee imendumist ja k\u00f5rvaldab niiskuse negatiivse m\u00f5ju (l\u00f5hed, erosioon, praod pinnal). Kaitseb poorseid pindu, liimi vastane toime. Vastupidav agressiivsetele kemikaalidele. Tagab vastupanu happevihmast ja mustusest p\u00f5hjustatud \u00f5husaastele. Takistab rasvase mustuse kleepumist materjalidele. N\u00e4rimiskumm on kergesti eemaldatav. Inhibeerib hallituse kasvu ja soodustab salpeetri kadumist.  Enamikul juhtudel sobib ka graffitivastaseks kaitseks. Ei muuda algset pinna v\u00e4limust, laseb pinnal hingata. Toime p\u00e4rast t\u00f6\u00f6tlust kestab 5-10 aastat.  Toode on UV-kiirguskindel.","og_url":"https:\/\/zepestonia.com\/en\/toode\/oleoflor-1l-impregneer-poorsetele-pindadele\/","og_site_name":"ZEP Eesti I Puhastusvahendid I E-pood","article_publisher":"https:\/\/www.facebook.com\/ZepEesti","article_modified_time":"2026-03-05T07:50:01+00:00","og_image":[{"width":750,"height":1000,"url":"https:\/\/zepestonia.com\/wp-content\/uploads\/2024\/12\/Oleoflor-1L.jpg","type":"image\/jpeg"}],"twitter_card":"summary_large_image","twitter_misc":{"Est. reading time":"1 minute"},"schema":{"@context":"https:\/\/schema.org","@graph":[{"@type":"WebPage","@id":"https:\/\/zepestonia.com\/en\/toode\/oleoflor-1l-impregneer-poorsetele-pindadele\/","url":"https:\/\/zepestonia.com\/en\/toode\/oleoflor-1l-impregneer-poorsetele-pindadele\/","name":"Oleoflor * 1L - Impregneer poorsetele pindadele - ZEP Eesti I Puhastusvahendid I E-pood","isPartOf":{"@id":"https:\/\/zepestonia.com\/en\/#website"},"primaryImageOfPage":{"@id":"https:\/\/zepestonia.com\/en\/toode\/oleoflor-1l-impregneer-poorsetele-pindadele\/#primaryimage"},"image":{"@id":"https:\/\/zepestonia.com\/en\/toode\/oleoflor-1l-impregneer-poorsetele-pindadele\/#primaryimage"},"thumbnailUrl":"https:\/\/zepestonia.com\/wp-content\/uploads\/2024\/12\/Oleoflor-1L.jpg","datePublished":"2024-12-28T15:10:41+00:00","dateModified":"2026-03-05T07:50:01+00:00","breadcrumb":{"@id":"https:\/\/zepestonia.com\/en\/toode\/oleoflor-1l-impregneer-poorsetele-pindadele\/#breadcrumb"},"inLanguage":"en-US","potentialAction":[{"@type":"ReadAction","target":["https:\/\/zepestonia.com\/en\/toode\/oleoflor-1l-impregneer-poorsetele-pindadele\/"]}]},{"@type":"ImageObject","inLanguage":"en-US","@id":"https:\/\/zepestonia.com\/en\/toode\/oleoflor-1l-impregneer-poorsetele-pindadele\/#primaryimage","url":"https:\/\/zepestonia.com\/wp-content\/uploads\/2024\/12\/Oleoflor-1L.jpg","contentUrl":"https:\/\/zepestonia.com\/wp-content\/uploads\/2024\/12\/Oleoflor-1L.jpg","width":750,"height":1000,"caption":"Oleoflor-1L"},{"@type":"BreadcrumbList","@id":"https:\/\/zepestonia.com\/en\/toode\/oleoflor-1l-impregneer-poorsetele-pindadele\/#breadcrumb","itemListElement":[{"@type":"ListItem","position":1,"name":"Home","item":"https:\/\/zepestonia.com\/en\/"},{"@type":"ListItem","position":2,"name":"Shop","item":"https:\/\/zepestonia.com\/en\/?page_id=4643"},{"@type":"ListItem","position":3,"name":"Oleoflor * 1L &#8211; Impregneer poorsetele pindadele"}]},{"@type":"WebSite","@id":"https:\/\/zepestonia.com\/en\/#website","url":"https:\/\/zepestonia.com\/en\/","name":"ZEP Eesti I Puhastusvahendid I E-pood","description":"Pakume puhastus- ja hooldusprobleemidele efektiivseid keskkonnas\u00f5bralikke lahendusi!","publisher":{"@id":"https:\/\/zepestonia.com\/en\/#organization"},"potentialAction":[{"@type":"SearchAction","target":{"@type":"EntryPoint","urlTemplate":"https:\/\/zepestonia.com\/en\/?s={search_term_string}"},"query-input":{"@type":"PropertyValueSpecification","valueRequired":true,"valueName":"search_term_string"}}],"inLanguage":"en-US"},{"@type":"Organization","@id":"https:\/\/zepestonia.com\/en\/#organization","name":"Zep Estonia","url":"https:\/\/zepestonia.com\/en\/","logo":{"@type":"ImageObject","inLanguage":"en-US","@id":"https:\/\/zepestonia.com\/en\/#\/schema\/logo\/image\/","url":"https:\/\/zepestonia.com\/wp-content\/uploads\/2022\/03\/Zep-Logo_png.jpeg","contentUrl":"https:\/\/zepestonia.com\/wp-content\/uploads\/2022\/03\/Zep-Logo_png.jpeg","width":109,"height":70,"caption":"Zep Estonia"},"image":{"@id":"https:\/\/zepestonia.com\/en\/#\/schema\/logo\/image\/"},"sameAs":["https:\/\/www.facebook.com\/ZepEesti"]}]}},"_links":{"self":[{"href":"https:\/\/zepestonia.com\/en\/wp-json\/wp\/v2\/product\/12952","targetHints":{"allow":["GET"]}}],"collection":[{"href":"https:\/\/zepestonia.com\/en\/wp-json\/wp\/v2\/product"}],"about":[{"href":"https:\/\/zepestonia.com\/en\/wp-json\/wp\/v2\/types\/product"}],"replies":[{"embeddable":true,"href":"https:\/\/zepestonia.com\/en\/wp-json\/wp\/v2\/comments?post=12952"}],"version-history":[{"count":1,"href":"https:\/\/zepestonia.com\/en\/wp-json\/wp\/v2\/product\/12952\/revisions"}],"predecessor-version":[{"id":12953,"href":"https:\/\/zepestonia.com\/en\/wp-json\/wp\/v2\/product\/12952\/revisions\/12953"}],"wp:featuredmedia":[{"embeddable":true,"href":"https:\/\/zepestonia.com\/en\/wp-json\/wp\/v2\/media\/12950"}],"wp:attachment":[{"href":"https:\/\/zepestonia.com\/en\/wp-json\/wp\/v2\/media?parent=12952"}],"wp:term":[{"taxonomy":"product_brand","embeddable":true,"href":"https:\/\/zepestonia.com\/en\/wp-json\/wp\/v2\/product_brand?post=12952"},{"taxonomy":"product_cat","embeddable":true,"href":"https:\/\/zepestonia.com\/en\/wp-json\/wp\/v2\/product_cat?post=12952"},{"taxonomy":"product_tag","embeddable":true,"href":"https:\/\/zepestonia.com\/en\/wp-json\/wp\/v2\/product_tag?post=12952"}],"curies":[{"name":"wp","href":"https:\/\/api.w.org\/{rel}","templated":true}]}}