{"id":12699,"date":"2024-10-05T02:48:02","date_gmt":"2024-10-05T02:48:02","guid":{"rendered":"https:\/\/zepestonia.com\/toode\/biopuhasti-bp-6\/"},"modified":"2025-07-01T00:23:22","modified_gmt":"2025-07-01T00:23:22","slug":"biopuhasti-bp-6","status":"publish","type":"product","link":"https:\/\/zepestonia.com\/en\/toode\/biopuhasti-bp-6\/","title":{"rendered":"BP-6"},"content":{"rendered":"<p><strong>Omadused:<\/strong><\/p>\n<ul>\n<li>Maht &#8211; 1500L<\/li>\n<li>Effektiivne<\/li>\n<li>V\u00e4hem l\u00f5hna<\/li>\n<li>Saab hakkama eba\u00fchtlase vooluhulgaga<\/li>\n<li>Lihtne hooldada<\/li>\n<li>Paigaldus &#8211; maaalune<\/li>\n<li>Kasutusiga +30a.<\/li>\n<li>Materjal &#8211; PE\/klaaskiud<\/li>\n<li>M\u00f5\u00f5tmed&nbsp; 2025x985x955<\/li>\n<li>Kaal &#8211; 63kg (koos poltide ja mutritega)<\/li>\n<li>Garantii 24 kuud<\/li>\n<\/ul>\n<p><strong><span style=\"color:#FF0000\">NB!<\/span> <\/strong>2 aastase t\u00e4isrendi puhul saab tarne, hoolduse ja 8 heitveeanal\u00fc\u00fcsi.<br \/>\n&nbsp;&nbsp;&nbsp;&nbsp;&nbsp;&nbsp; T\u00e4isrent 2a. &#8211; hind 144\u20ac\/ kuu (koos KM-ga)<br \/>\n<strong>&nbsp;&nbsp;&nbsp;&nbsp;&nbsp;&nbsp; <\/strong>Hind ei sisalda paigaldust.<\/p>\n","protected":false},"excerpt":{"rendered":"<p>BP-6 on sobilik biopuhasti eramusse kuni 6-le inimesele.<br \/>\nKasutusel olev Bio-Puhtik\u00ae  (patent nr.018669480) on bioloogiline lahendus, mis eemaldab haisud, hoiab puhtana torustiku, kaevud ja pumplad.<br \/>\nEns\u00fc\u00fcmide ja bakterite loomulikul toimel alandab \u00fclereostuse n\u00e4itajaid miinimumini, ohutu inimestele ning kasulik keskkonnale.<\/p>\n","protected":false},"featured_media":12729,"comment_status":"closed","ping_status":"closed","template":"","meta":[],"product_brand":[],"product_cat":[234],"product_tag":[],"class_list":{"0":"post-12699","1":"product","2":"type-product","3":"status-publish","4":"has-post-thumbnail","6":"product_cat-biopuhastid","8":"first","9":"instock","10":"taxable","11":"shipping-taxable","12":"purchasable","13":"product-type-simple"},"yoast_head":"<!-- This site is optimized with the Yoast SEO plugin v26.5 - https:\/\/yoast.com\/wordpress\/plugins\/seo\/ -->\n<title>BP-6 - ZEP Eesti I Puhastusvahendid I E-pood<\/title>\n<meta name=\"robots\" content=\"index, follow, max-snippet:-1, max-image-preview:large, max-video-preview:-1\" \/>\n<link rel=\"canonical\" href=\"https:\/\/zepestonia.com\/en\/toode\/biopuhasti-bp-6\/\" \/>\n<meta property=\"og:locale\" content=\"en_US\" \/>\n<meta property=\"og:type\" content=\"article\" \/>\n<meta property=\"og:title\" content=\"BP-6 - ZEP Eesti I Puhastusvahendid I E-pood\" \/>\n<meta property=\"og:description\" content=\"BP-6 on sobilik biopuhasti eramusse kuni 6-le inimesele. Kasutusel olev Bio-Puhtik\u00ae (patent nr.018669480) on bioloogiline lahendus, mis eemaldab haisud, hoiab puhtana torustiku, kaevud ja pumplad.  Ens\u00fc\u00fcmide ja bakterite loomulikul toimel alandab \u00fclereostuse n\u00e4itajaid miinimumini, ohutu inimestele ning kasulik keskkonnale.\" \/>\n<meta property=\"og:url\" content=\"https:\/\/zepestonia.com\/en\/toode\/biopuhasti-bp-6\/\" \/>\n<meta property=\"og:site_name\" content=\"ZEP Eesti I Puhastusvahendid I E-pood\" \/>\n<meta property=\"article:publisher\" content=\"https:\/\/www.facebook.com\/ZepEesti\" \/>\n<meta property=\"article:modified_time\" content=\"2025-07-01T00:23:22+00:00\" \/>\n<meta property=\"og:image\" content=\"https:\/\/zepestonia.com\/wp-content\/uploads\/2024\/10\/Biopuhasti-BP-2-10-10.png\" \/>\n\t<meta property=\"og:image:width\" content=\"909\" \/>\n\t<meta property=\"og:image:height\" content=\"682\" \/>\n\t<meta property=\"og:image:type\" content=\"image\/png\" \/>\n<meta name=\"twitter:card\" content=\"summary_large_image\" \/>\n<script type=\"application\/ld+json\" class=\"yoast-schema-graph\">{\"@context\":\"https:\/\/schema.org\",\"@graph\":[{\"@type\":\"WebPage\",\"@id\":\"https:\/\/zepestonia.com\/en\/toode\/biopuhasti-bp-6\/\",\"url\":\"https:\/\/zepestonia.com\/en\/toode\/biopuhasti-bp-6\/\",\"name\":\"BP-6 - ZEP Eesti I Puhastusvahendid I E-pood\",\"isPartOf\":{\"@id\":\"https:\/\/zepestonia.com\/en\/#website\"},\"primaryImageOfPage\":{\"@id\":\"https:\/\/zepestonia.com\/en\/toode\/biopuhasti-bp-6\/#primaryimage\"},\"image\":{\"@id\":\"https:\/\/zepestonia.com\/en\/toode\/biopuhasti-bp-6\/#primaryimage\"},\"thumbnailUrl\":\"https:\/\/zepestonia.com\/wp-content\/uploads\/2024\/10\/Biopuhasti-BP-2-10-10.png\",\"datePublished\":\"2024-10-05T02:48:02+00:00\",\"dateModified\":\"2025-07-01T00:23:22+00:00\",\"breadcrumb\":{\"@id\":\"https:\/\/zepestonia.com\/en\/toode\/biopuhasti-bp-6\/#breadcrumb\"},\"inLanguage\":\"en-US\",\"potentialAction\":[{\"@type\":\"ReadAction\",\"target\":[\"https:\/\/zepestonia.com\/en\/toode\/biopuhasti-bp-6\/\"]}]},{\"@type\":\"ImageObject\",\"inLanguage\":\"en-US\",\"@id\":\"https:\/\/zepestonia.com\/en\/toode\/biopuhasti-bp-6\/#primaryimage\",\"url\":\"https:\/\/zepestonia.com\/wp-content\/uploads\/2024\/10\/Biopuhasti-BP-2-10-10.png\",\"contentUrl\":\"https:\/\/zepestonia.com\/wp-content\/uploads\/2024\/10\/Biopuhasti-BP-2-10-10.png\",\"width\":909,\"height\":682,\"caption\":\"Biopuhasti-BP-2-10-10\"},{\"@type\":\"BreadcrumbList\",\"@id\":\"https:\/\/zepestonia.com\/en\/toode\/biopuhasti-bp-6\/#breadcrumb\",\"itemListElement\":[{\"@type\":\"ListItem\",\"position\":1,\"name\":\"Home\",\"item\":\"https:\/\/zepestonia.com\/en\/\"},{\"@type\":\"ListItem\",\"position\":2,\"name\":\"Shop\",\"item\":\"https:\/\/zepestonia.com\/en\/?page_id=4643\"},{\"@type\":\"ListItem\",\"position\":3,\"name\":\"BP-6\"}]},{\"@type\":\"WebSite\",\"@id\":\"https:\/\/zepestonia.com\/en\/#website\",\"url\":\"https:\/\/zepestonia.com\/en\/\",\"name\":\"ZEP Eesti I Puhastusvahendid I E-pood\",\"description\":\"Pakume puhastus- ja hooldusprobleemidele efektiivseid keskkonnas\u00f5bralikke lahendusi!\",\"publisher\":{\"@id\":\"https:\/\/zepestonia.com\/en\/#organization\"},\"potentialAction\":[{\"@type\":\"SearchAction\",\"target\":{\"@type\":\"EntryPoint\",\"urlTemplate\":\"https:\/\/zepestonia.com\/en\/?s={search_term_string}\"},\"query-input\":{\"@type\":\"PropertyValueSpecification\",\"valueRequired\":true,\"valueName\":\"search_term_string\"}}],\"inLanguage\":\"en-US\"},{\"@type\":\"Organization\",\"@id\":\"https:\/\/zepestonia.com\/en\/#organization\",\"name\":\"Zep Estonia\",\"url\":\"https:\/\/zepestonia.com\/en\/\",\"logo\":{\"@type\":\"ImageObject\",\"inLanguage\":\"en-US\",\"@id\":\"https:\/\/zepestonia.com\/en\/#\/schema\/logo\/image\/\",\"url\":\"https:\/\/zepestonia.com\/wp-content\/uploads\/2022\/03\/Zep-Logo_png.jpeg\",\"contentUrl\":\"https:\/\/zepestonia.com\/wp-content\/uploads\/2022\/03\/Zep-Logo_png.jpeg\",\"width\":109,\"height\":70,\"caption\":\"Zep Estonia\"},\"image\":{\"@id\":\"https:\/\/zepestonia.com\/en\/#\/schema\/logo\/image\/\"},\"sameAs\":[\"https:\/\/www.facebook.com\/ZepEesti\"]}]}<\/script>\n<!-- \/ Yoast SEO plugin. -->","yoast_head_json":{"title":"BP-6 - ZEP Eesti I Puhastusvahendid I E-pood","robots":{"index":"index","follow":"follow","max-snippet":"max-snippet:-1","max-image-preview":"max-image-preview:large","max-video-preview":"max-video-preview:-1"},"canonical":"https:\/\/zepestonia.com\/en\/toode\/biopuhasti-bp-6\/","og_locale":"en_US","og_type":"article","og_title":"BP-6 - ZEP Eesti I Puhastusvahendid I E-pood","og_description":"BP-6 on sobilik biopuhasti eramusse kuni 6-le inimesele. Kasutusel olev Bio-Puhtik\u00ae (patent nr.018669480) on bioloogiline lahendus, mis eemaldab haisud, hoiab puhtana torustiku, kaevud ja pumplad.  Ens\u00fc\u00fcmide ja bakterite loomulikul toimel alandab \u00fclereostuse n\u00e4itajaid miinimumini, ohutu inimestele ning kasulik keskkonnale.","og_url":"https:\/\/zepestonia.com\/en\/toode\/biopuhasti-bp-6\/","og_site_name":"ZEP Eesti I Puhastusvahendid I E-pood","article_publisher":"https:\/\/www.facebook.com\/ZepEesti","article_modified_time":"2025-07-01T00:23:22+00:00","og_image":[{"width":909,"height":682,"url":"https:\/\/zepestonia.com\/wp-content\/uploads\/2024\/10\/Biopuhasti-BP-2-10-10.png","type":"image\/png"}],"twitter_card":"summary_large_image","schema":{"@context":"https:\/\/schema.org","@graph":[{"@type":"WebPage","@id":"https:\/\/zepestonia.com\/en\/toode\/biopuhasti-bp-6\/","url":"https:\/\/zepestonia.com\/en\/toode\/biopuhasti-bp-6\/","name":"BP-6 - ZEP Eesti I Puhastusvahendid I E-pood","isPartOf":{"@id":"https:\/\/zepestonia.com\/en\/#website"},"primaryImageOfPage":{"@id":"https:\/\/zepestonia.com\/en\/toode\/biopuhasti-bp-6\/#primaryimage"},"image":{"@id":"https:\/\/zepestonia.com\/en\/toode\/biopuhasti-bp-6\/#primaryimage"},"thumbnailUrl":"https:\/\/zepestonia.com\/wp-content\/uploads\/2024\/10\/Biopuhasti-BP-2-10-10.png","datePublished":"2024-10-05T02:48:02+00:00","dateModified":"2025-07-01T00:23:22+00:00","breadcrumb":{"@id":"https:\/\/zepestonia.com\/en\/toode\/biopuhasti-bp-6\/#breadcrumb"},"inLanguage":"en-US","potentialAction":[{"@type":"ReadAction","target":["https:\/\/zepestonia.com\/en\/toode\/biopuhasti-bp-6\/"]}]},{"@type":"ImageObject","inLanguage":"en-US","@id":"https:\/\/zepestonia.com\/en\/toode\/biopuhasti-bp-6\/#primaryimage","url":"https:\/\/zepestonia.com\/wp-content\/uploads\/2024\/10\/Biopuhasti-BP-2-10-10.png","contentUrl":"https:\/\/zepestonia.com\/wp-content\/uploads\/2024\/10\/Biopuhasti-BP-2-10-10.png","width":909,"height":682,"caption":"Biopuhasti-BP-2-10-10"},{"@type":"BreadcrumbList","@id":"https:\/\/zepestonia.com\/en\/toode\/biopuhasti-bp-6\/#breadcrumb","itemListElement":[{"@type":"ListItem","position":1,"name":"Home","item":"https:\/\/zepestonia.com\/en\/"},{"@type":"ListItem","position":2,"name":"Shop","item":"https:\/\/zepestonia.com\/en\/?page_id=4643"},{"@type":"ListItem","position":3,"name":"BP-6"}]},{"@type":"WebSite","@id":"https:\/\/zepestonia.com\/en\/#website","url":"https:\/\/zepestonia.com\/en\/","name":"ZEP Eesti I Puhastusvahendid I E-pood","description":"Pakume puhastus- ja hooldusprobleemidele efektiivseid keskkonnas\u00f5bralikke lahendusi!","publisher":{"@id":"https:\/\/zepestonia.com\/en\/#organization"},"potentialAction":[{"@type":"SearchAction","target":{"@type":"EntryPoint","urlTemplate":"https:\/\/zepestonia.com\/en\/?s={search_term_string}"},"query-input":{"@type":"PropertyValueSpecification","valueRequired":true,"valueName":"search_term_string"}}],"inLanguage":"en-US"},{"@type":"Organization","@id":"https:\/\/zepestonia.com\/en\/#organization","name":"Zep Estonia","url":"https:\/\/zepestonia.com\/en\/","logo":{"@type":"ImageObject","inLanguage":"en-US","@id":"https:\/\/zepestonia.com\/en\/#\/schema\/logo\/image\/","url":"https:\/\/zepestonia.com\/wp-content\/uploads\/2022\/03\/Zep-Logo_png.jpeg","contentUrl":"https:\/\/zepestonia.com\/wp-content\/uploads\/2022\/03\/Zep-Logo_png.jpeg","width":109,"height":70,"caption":"Zep Estonia"},"image":{"@id":"https:\/\/zepestonia.com\/en\/#\/schema\/logo\/image\/"},"sameAs":["https:\/\/www.facebook.com\/ZepEesti"]}]}},"_links":{"self":[{"href":"https:\/\/zepestonia.com\/en\/wp-json\/wp\/v2\/product\/12699","targetHints":{"allow":["GET"]}}],"collection":[{"href":"https:\/\/zepestonia.com\/en\/wp-json\/wp\/v2\/product"}],"about":[{"href":"https:\/\/zepestonia.com\/en\/wp-json\/wp\/v2\/types\/product"}],"replies":[{"embeddable":true,"href":"https:\/\/zepestonia.com\/en\/wp-json\/wp\/v2\/comments?post=12699"}],"version-history":[{"count":10,"href":"https:\/\/zepestonia.com\/en\/wp-json\/wp\/v2\/product\/12699\/revisions"}],"predecessor-version":[{"id":13739,"href":"https:\/\/zepestonia.com\/en\/wp-json\/wp\/v2\/product\/12699\/revisions\/13739"}],"wp:featuredmedia":[{"embeddable":true,"href":"https:\/\/zepestonia.com\/en\/wp-json\/wp\/v2\/media\/12729"}],"wp:attachment":[{"href":"https:\/\/zepestonia.com\/en\/wp-json\/wp\/v2\/media?parent=12699"}],"wp:term":[{"taxonomy":"product_brand","embeddable":true,"href":"https:\/\/zepestonia.com\/en\/wp-json\/wp\/v2\/product_brand?post=12699"},{"taxonomy":"product_cat","embeddable":true,"href":"https:\/\/zepestonia.com\/en\/wp-json\/wp\/v2\/product_cat?post=12699"},{"taxonomy":"product_tag","embeddable":true,"href":"https:\/\/zepestonia.com\/en\/wp-json\/wp\/v2\/product_tag?post=12699"}],"curies":[{"name":"wp","href":"https:\/\/api.w.org\/{rel}","templated":true}]}}