{"id":12415,"date":"2024-02-08T12:32:24","date_gmt":"2024-02-08T12:32:24","guid":{"rendered":"https:\/\/zepestonia.com\/toode\/q7-1-sanitizer-rtu-20l-desinfitseeriv-puhastusvahend\/"},"modified":"2025-07-08T00:00:09","modified_gmt":"2025-07-08T00:00:09","slug":"q7-1-sanitizer-rtu-20l-desinfitseeriv-puhastusvahend","status":"publish","type":"product","link":"https:\/\/zepestonia.com\/en\/toode\/q7-1-sanitizer-rtu-20l-desinfitseeriv-puhastusvahend\/","title":{"rendered":"Q7.1 Sanitizer RTU **  20L- Desinfitseeriv puhastusvahend"},"content":{"rendered":"<ul>\n<li><span style=\"font-family: Arial;font-size: 13px;font-style: normal;font-weight: 400;letter-spacing: normal;text-align: left;text-indent: 0px;text-transform: none;display: inline !important;float: none\">Piserdada pinnale. <\/span><\/li>\n<li><span style=\"font-family: Arial;font-size: 13px;font-style: normal;font-weight: 400;letter-spacing: normal;text-align: left;text-indent: 0px;text-transform: none;display: inline !important;float: none\">P\u00fchkida puhta lapi v\u00f5i paberiga.<\/span><\/li>\n<li><span style=\"font-family: Arial;font-size: 13px;font-style: normal;font-weight: 400;letter-spacing: normal;text-align: left;text-indent: 0px;text-transform: none;display: inline !important;float: none\">Ei vaja loputamist!<\/span><\/li>\n<\/ul>\n","protected":false},"excerpt":{"rendered":"<p>Loputusvaba toode lagundab mustuse kiiresti ning h\u00e4vitab ebameeldivad l\u00f5hnad ja bakterid lihtsalt.<br \/>\nVahend ei sisalda l\u00f5hnaaineid, mis rikuksid toiduaineid. <\/p>\n","protected":false},"featured_media":12470,"comment_status":"closed","ping_status":"closed","template":"","meta":[],"product_brand":[],"product_cat":[211],"product_tag":[],"class_list":{"0":"post-12415","1":"product","2":"type-product","3":"status-publish","4":"has-post-thumbnail","6":"product_cat-desinfitseerimine","8":"first","9":"instock","10":"taxable","11":"shipping-taxable","12":"purchasable","13":"product-type-simple"},"yoast_head":"<!-- This site is optimized with the Yoast SEO plugin v26.5 - https:\/\/yoast.com\/wordpress\/plugins\/seo\/ -->\n<title>Q7.1 Sanitizer RTU ** 20L- Desinfitseeriv puhastusvahend - ZEP Eesti I Puhastusvahendid I E-pood<\/title>\n<meta name=\"robots\" content=\"index, follow, max-snippet:-1, max-image-preview:large, max-video-preview:-1\" \/>\n<link rel=\"canonical\" href=\"https:\/\/zepestonia.com\/en\/toode\/q7-1-sanitizer-rtu-20l-desinfitseeriv-puhastusvahend\/\" \/>\n<meta property=\"og:locale\" content=\"en_US\" \/>\n<meta property=\"og:type\" content=\"article\" \/>\n<meta property=\"og:title\" content=\"Q7.1 Sanitizer RTU ** 20L- Desinfitseeriv puhastusvahend - ZEP Eesti I Puhastusvahendid I E-pood\" \/>\n<meta property=\"og:description\" content=\"Loputusvaba toode lagundab mustuse kiiresti ning h\u00e4vitab ebameeldivad l\u00f5hnad ja bakterid lihtsalt.  Vahend ei sisalda l\u00f5hnaaineid, mis rikuksid toiduaineid.\" \/>\n<meta property=\"og:url\" content=\"https:\/\/zepestonia.com\/en\/toode\/q7-1-sanitizer-rtu-20l-desinfitseeriv-puhastusvahend\/\" \/>\n<meta property=\"og:site_name\" content=\"ZEP Eesti I Puhastusvahendid I E-pood\" \/>\n<meta property=\"article:publisher\" content=\"https:\/\/www.facebook.com\/ZepEesti\" \/>\n<meta property=\"article:modified_time\" content=\"2025-07-08T00:00:09+00:00\" \/>\n<meta property=\"og:image\" content=\"https:\/\/zepestonia.com\/wp-content\/uploads\/2024\/03\/Q7-1-Sanitizer-DEBAC-4.png\" \/>\n\t<meta property=\"og:image:width\" content=\"400\" \/>\n\t<meta property=\"og:image:height\" content=\"600\" \/>\n\t<meta property=\"og:image:type\" content=\"image\/png\" \/>\n<meta name=\"twitter:card\" content=\"summary_large_image\" \/>\n<script type=\"application\/ld+json\" class=\"yoast-schema-graph\">{\"@context\":\"https:\/\/schema.org\",\"@graph\":[{\"@type\":\"WebPage\",\"@id\":\"https:\/\/zepestonia.com\/en\/toode\/q7-1-sanitizer-rtu-20l-desinfitseeriv-puhastusvahend\/\",\"url\":\"https:\/\/zepestonia.com\/en\/toode\/q7-1-sanitizer-rtu-20l-desinfitseeriv-puhastusvahend\/\",\"name\":\"Q7.1 Sanitizer RTU ** 20L- Desinfitseeriv puhastusvahend - ZEP Eesti I Puhastusvahendid I E-pood\",\"isPartOf\":{\"@id\":\"https:\/\/zepestonia.com\/en\/#website\"},\"primaryImageOfPage\":{\"@id\":\"https:\/\/zepestonia.com\/en\/toode\/q7-1-sanitizer-rtu-20l-desinfitseeriv-puhastusvahend\/#primaryimage\"},\"image\":{\"@id\":\"https:\/\/zepestonia.com\/en\/toode\/q7-1-sanitizer-rtu-20l-desinfitseeriv-puhastusvahend\/#primaryimage\"},\"thumbnailUrl\":\"https:\/\/zepestonia.com\/wp-content\/uploads\/2024\/03\/Q7-1-Sanitizer-DEBAC-4.png\",\"datePublished\":\"2024-02-08T12:32:24+00:00\",\"dateModified\":\"2025-07-08T00:00:09+00:00\",\"breadcrumb\":{\"@id\":\"https:\/\/zepestonia.com\/en\/toode\/q7-1-sanitizer-rtu-20l-desinfitseeriv-puhastusvahend\/#breadcrumb\"},\"inLanguage\":\"en-US\",\"potentialAction\":[{\"@type\":\"ReadAction\",\"target\":[\"https:\/\/zepestonia.com\/en\/toode\/q7-1-sanitizer-rtu-20l-desinfitseeriv-puhastusvahend\/\"]}]},{\"@type\":\"ImageObject\",\"inLanguage\":\"en-US\",\"@id\":\"https:\/\/zepestonia.com\/en\/toode\/q7-1-sanitizer-rtu-20l-desinfitseeriv-puhastusvahend\/#primaryimage\",\"url\":\"https:\/\/zepestonia.com\/wp-content\/uploads\/2024\/03\/Q7-1-Sanitizer-DEBAC-4.png\",\"contentUrl\":\"https:\/\/zepestonia.com\/wp-content\/uploads\/2024\/03\/Q7-1-Sanitizer-DEBAC-4.png\",\"width\":400,\"height\":600,\"caption\":\"Q7-1-Sanitizer-DEBAC-4\"},{\"@type\":\"BreadcrumbList\",\"@id\":\"https:\/\/zepestonia.com\/en\/toode\/q7-1-sanitizer-rtu-20l-desinfitseeriv-puhastusvahend\/#breadcrumb\",\"itemListElement\":[{\"@type\":\"ListItem\",\"position\":1,\"name\":\"Home\",\"item\":\"https:\/\/zepestonia.com\/en\/\"},{\"@type\":\"ListItem\",\"position\":2,\"name\":\"Shop\",\"item\":\"https:\/\/zepestonia.com\/en\/?page_id=4643\"},{\"@type\":\"ListItem\",\"position\":3,\"name\":\"Q7.1 Sanitizer RTU ** 20L- Desinfitseeriv puhastusvahend\"}]},{\"@type\":\"WebSite\",\"@id\":\"https:\/\/zepestonia.com\/en\/#website\",\"url\":\"https:\/\/zepestonia.com\/en\/\",\"name\":\"ZEP Eesti I Puhastusvahendid I E-pood\",\"description\":\"Pakume puhastus- ja hooldusprobleemidele efektiivseid keskkonnas\u00f5bralikke lahendusi!\",\"publisher\":{\"@id\":\"https:\/\/zepestonia.com\/en\/#organization\"},\"potentialAction\":[{\"@type\":\"SearchAction\",\"target\":{\"@type\":\"EntryPoint\",\"urlTemplate\":\"https:\/\/zepestonia.com\/en\/?s={search_term_string}\"},\"query-input\":{\"@type\":\"PropertyValueSpecification\",\"valueRequired\":true,\"valueName\":\"search_term_string\"}}],\"inLanguage\":\"en-US\"},{\"@type\":\"Organization\",\"@id\":\"https:\/\/zepestonia.com\/en\/#organization\",\"name\":\"Zep Estonia\",\"url\":\"https:\/\/zepestonia.com\/en\/\",\"logo\":{\"@type\":\"ImageObject\",\"inLanguage\":\"en-US\",\"@id\":\"https:\/\/zepestonia.com\/en\/#\/schema\/logo\/image\/\",\"url\":\"https:\/\/zepestonia.com\/wp-content\/uploads\/2022\/03\/Zep-Logo_png.jpeg\",\"contentUrl\":\"https:\/\/zepestonia.com\/wp-content\/uploads\/2022\/03\/Zep-Logo_png.jpeg\",\"width\":109,\"height\":70,\"caption\":\"Zep Estonia\"},\"image\":{\"@id\":\"https:\/\/zepestonia.com\/en\/#\/schema\/logo\/image\/\"},\"sameAs\":[\"https:\/\/www.facebook.com\/ZepEesti\"]}]}<\/script>\n<!-- \/ Yoast SEO plugin. -->","yoast_head_json":{"title":"Q7.1 Sanitizer RTU ** 20L- Desinfitseeriv puhastusvahend - ZEP Eesti I Puhastusvahendid I E-pood","robots":{"index":"index","follow":"follow","max-snippet":"max-snippet:-1","max-image-preview":"max-image-preview:large","max-video-preview":"max-video-preview:-1"},"canonical":"https:\/\/zepestonia.com\/en\/toode\/q7-1-sanitizer-rtu-20l-desinfitseeriv-puhastusvahend\/","og_locale":"en_US","og_type":"article","og_title":"Q7.1 Sanitizer RTU ** 20L- Desinfitseeriv puhastusvahend - ZEP Eesti I Puhastusvahendid I E-pood","og_description":"Loputusvaba toode lagundab mustuse kiiresti ning h\u00e4vitab ebameeldivad l\u00f5hnad ja bakterid lihtsalt.  Vahend ei sisalda l\u00f5hnaaineid, mis rikuksid toiduaineid.","og_url":"https:\/\/zepestonia.com\/en\/toode\/q7-1-sanitizer-rtu-20l-desinfitseeriv-puhastusvahend\/","og_site_name":"ZEP Eesti I Puhastusvahendid I E-pood","article_publisher":"https:\/\/www.facebook.com\/ZepEesti","article_modified_time":"2025-07-08T00:00:09+00:00","og_image":[{"width":400,"height":600,"url":"https:\/\/zepestonia.com\/wp-content\/uploads\/2024\/03\/Q7-1-Sanitizer-DEBAC-4.png","type":"image\/png"}],"twitter_card":"summary_large_image","schema":{"@context":"https:\/\/schema.org","@graph":[{"@type":"WebPage","@id":"https:\/\/zepestonia.com\/en\/toode\/q7-1-sanitizer-rtu-20l-desinfitseeriv-puhastusvahend\/","url":"https:\/\/zepestonia.com\/en\/toode\/q7-1-sanitizer-rtu-20l-desinfitseeriv-puhastusvahend\/","name":"Q7.1 Sanitizer RTU ** 20L- Desinfitseeriv puhastusvahend - ZEP Eesti I Puhastusvahendid I E-pood","isPartOf":{"@id":"https:\/\/zepestonia.com\/en\/#website"},"primaryImageOfPage":{"@id":"https:\/\/zepestonia.com\/en\/toode\/q7-1-sanitizer-rtu-20l-desinfitseeriv-puhastusvahend\/#primaryimage"},"image":{"@id":"https:\/\/zepestonia.com\/en\/toode\/q7-1-sanitizer-rtu-20l-desinfitseeriv-puhastusvahend\/#primaryimage"},"thumbnailUrl":"https:\/\/zepestonia.com\/wp-content\/uploads\/2024\/03\/Q7-1-Sanitizer-DEBAC-4.png","datePublished":"2024-02-08T12:32:24+00:00","dateModified":"2025-07-08T00:00:09+00:00","breadcrumb":{"@id":"https:\/\/zepestonia.com\/en\/toode\/q7-1-sanitizer-rtu-20l-desinfitseeriv-puhastusvahend\/#breadcrumb"},"inLanguage":"en-US","potentialAction":[{"@type":"ReadAction","target":["https:\/\/zepestonia.com\/en\/toode\/q7-1-sanitizer-rtu-20l-desinfitseeriv-puhastusvahend\/"]}]},{"@type":"ImageObject","inLanguage":"en-US","@id":"https:\/\/zepestonia.com\/en\/toode\/q7-1-sanitizer-rtu-20l-desinfitseeriv-puhastusvahend\/#primaryimage","url":"https:\/\/zepestonia.com\/wp-content\/uploads\/2024\/03\/Q7-1-Sanitizer-DEBAC-4.png","contentUrl":"https:\/\/zepestonia.com\/wp-content\/uploads\/2024\/03\/Q7-1-Sanitizer-DEBAC-4.png","width":400,"height":600,"caption":"Q7-1-Sanitizer-DEBAC-4"},{"@type":"BreadcrumbList","@id":"https:\/\/zepestonia.com\/en\/toode\/q7-1-sanitizer-rtu-20l-desinfitseeriv-puhastusvahend\/#breadcrumb","itemListElement":[{"@type":"ListItem","position":1,"name":"Home","item":"https:\/\/zepestonia.com\/en\/"},{"@type":"ListItem","position":2,"name":"Shop","item":"https:\/\/zepestonia.com\/en\/?page_id=4643"},{"@type":"ListItem","position":3,"name":"Q7.1 Sanitizer RTU ** 20L- Desinfitseeriv puhastusvahend"}]},{"@type":"WebSite","@id":"https:\/\/zepestonia.com\/en\/#website","url":"https:\/\/zepestonia.com\/en\/","name":"ZEP Eesti I Puhastusvahendid I E-pood","description":"Pakume puhastus- ja hooldusprobleemidele efektiivseid keskkonnas\u00f5bralikke lahendusi!","publisher":{"@id":"https:\/\/zepestonia.com\/en\/#organization"},"potentialAction":[{"@type":"SearchAction","target":{"@type":"EntryPoint","urlTemplate":"https:\/\/zepestonia.com\/en\/?s={search_term_string}"},"query-input":{"@type":"PropertyValueSpecification","valueRequired":true,"valueName":"search_term_string"}}],"inLanguage":"en-US"},{"@type":"Organization","@id":"https:\/\/zepestonia.com\/en\/#organization","name":"Zep Estonia","url":"https:\/\/zepestonia.com\/en\/","logo":{"@type":"ImageObject","inLanguage":"en-US","@id":"https:\/\/zepestonia.com\/en\/#\/schema\/logo\/image\/","url":"https:\/\/zepestonia.com\/wp-content\/uploads\/2022\/03\/Zep-Logo_png.jpeg","contentUrl":"https:\/\/zepestonia.com\/wp-content\/uploads\/2022\/03\/Zep-Logo_png.jpeg","width":109,"height":70,"caption":"Zep Estonia"},"image":{"@id":"https:\/\/zepestonia.com\/en\/#\/schema\/logo\/image\/"},"sameAs":["https:\/\/www.facebook.com\/ZepEesti"]}]}},"_links":{"self":[{"href":"https:\/\/zepestonia.com\/en\/wp-json\/wp\/v2\/product\/12415","targetHints":{"allow":["GET"]}}],"collection":[{"href":"https:\/\/zepestonia.com\/en\/wp-json\/wp\/v2\/product"}],"about":[{"href":"https:\/\/zepestonia.com\/en\/wp-json\/wp\/v2\/types\/product"}],"replies":[{"embeddable":true,"href":"https:\/\/zepestonia.com\/en\/wp-json\/wp\/v2\/comments?post=12415"}],"version-history":[{"count":2,"href":"https:\/\/zepestonia.com\/en\/wp-json\/wp\/v2\/product\/12415\/revisions"}],"predecessor-version":[{"id":12472,"href":"https:\/\/zepestonia.com\/en\/wp-json\/wp\/v2\/product\/12415\/revisions\/12472"}],"wp:featuredmedia":[{"embeddable":true,"href":"https:\/\/zepestonia.com\/en\/wp-json\/wp\/v2\/media\/12470"}],"wp:attachment":[{"href":"https:\/\/zepestonia.com\/en\/wp-json\/wp\/v2\/media?parent=12415"}],"wp:term":[{"taxonomy":"product_brand","embeddable":true,"href":"https:\/\/zepestonia.com\/en\/wp-json\/wp\/v2\/product_brand?post=12415"},{"taxonomy":"product_cat","embeddable":true,"href":"https:\/\/zepestonia.com\/en\/wp-json\/wp\/v2\/product_cat?post=12415"},{"taxonomy":"product_tag","embeddable":true,"href":"https:\/\/zepestonia.com\/en\/wp-json\/wp\/v2\/product_tag?post=12415"}],"curies":[{"name":"wp","href":"https:\/\/api.w.org\/{rel}","templated":true}]}}