{"id":12414,"date":"2024-02-08T12:32:24","date_gmt":"2024-02-08T12:32:24","guid":{"rendered":"https:\/\/zepestonia.com\/toode\/snoneige-4kg-lume-ja-jaa-sulatusgraanulid\/"},"modified":"2026-02-18T00:00:08","modified_gmt":"2026-02-18T00:00:08","slug":"snoneige-4kg-lume-ja-jaa-sulatusgraanulid","status":"publish","type":"product","link":"https:\/\/zepestonia.com\/en\/toode\/snoneige-4kg-lume-ja-jaa-sulatusgraanulid\/","title":{"rendered":"Snoneige* 5kg. &#8211; Lume ja j\u00e4\u00e4 sulatusgraanulid"},"content":{"rendered":"<ul>\n<li><span class=\"VIiyi\" lang=\"et\"><span class=\"JLqJ4b ChMk0b\" data-language-for-alternatives=\"et\" data-language-to-translate-into=\"fr\" data-number-of-phrases=\"47\" data-phrase-index=\"12\"><span class=\"Q4iAWc\">P<\/span><\/span><span class=\"JLqJ4b ChMk0b\" data-language-for-alternatives=\"et\" data-language-to-translate-into=\"fr\" data-number-of-phrases=\"47\" data-phrase-index=\"14\"><span class=\"Q4iAWc\">uista lumele 0,5 -2kg 50 m\u00b2 kohta<\/span><\/span><span class=\"JLqJ4b\" data-language-for-alternatives=\"et\" data-language-to-translate-into=\"fr\" data-number-of-phrases=\"47\" data-phrase-index=\"15\"><span class=\"Q4iAWc\"> <\/span><\/span><span class=\"JLqJ4b ChMk0b\" data-language-for-alternatives=\"et\" data-language-to-translate-into=\"fr\" data-number-of-phrases=\"47\" data-phrase-index=\"16\"><span class=\"Q4iAWc\">s\u00f5ltuvalt selle paksusest.<\/span><\/span> <\/span><\/li>\n<li><span class=\"VIiyi\" lang=\"et\"><span class=\"JLqJ4b ChMk0b\" data-language-for-alternatives=\"et\" data-language-to-translate-into=\"fr\" data-number-of-phrases=\"47\" data-phrase-index=\"9\"><span class=\"Q4iAWc\">V\u00f5ib kasutada kui<\/span><\/span><span class=\"JLqJ4b\" data-language-for-alternatives=\"et\" data-language-to-translate-into=\"fr\" data-number-of-phrases=\"47\" data-phrase-index=\"10\"><span class=\"Q4iAWc\"> <\/span><\/span><span class=\"JLqJ4b ChMk0b\" data-language-for-alternatives=\"et\" data-language-to-translate-into=\"fr\" data-number-of-phrases=\"47\" data-phrase-index=\"11\"><span class=\"Q4iAWc\">ennetav ainult 12 tundi enne lumetormi.<\/span><\/span> <\/span><\/li>\n<li><span class=\"VIiyi\" lang=\"et\"><span class=\"JLqJ4b ChMk0b\" data-language-for-alternatives=\"et\" data-language-to-translate-into=\"fr\" data-number-of-phrases=\"47\" data-phrase-index=\"17\"><span class=\"Q4iAWc\">Olenevalt tingimustest,<\/span><\/span><span class=\"JLqJ4b\" data-language-for-alternatives=\"et\" data-language-to-translate-into=\"fr\" data-number-of-phrases=\"47\" data-phrase-index=\"18\"><span class=\"Q4iAWc\"> <\/span><\/span><span class=\"JLqJ4b ChMk0b\" data-language-for-alternatives=\"et\" data-language-to-translate-into=\"fr\" data-number-of-phrases=\"47\" data-phrase-index=\"19\"><span class=\"Q4iAWc\">lahuse p\u00fcsivus v\u00f5ib olla 48 tundi <\/span><\/span><\/span><\/li>\n<li><span class=\"VIiyi\" lang=\"et\"><span class=\"JLqJ4b ChMk0b\" data-language-for-alternatives=\"et\" data-language-to-translate-into=\"fr\" data-number-of-phrases=\"47\" data-phrase-index=\"19\"><span class=\"Q4iAWc\">T\u00f6\u00f6tab temperatuuril \u201328 \u00b0C<\/span><\/span><\/span><\/li>\n<li><span class=\"VIiyi\" lang=\"et\"><span class=\"JLqJ4b ChMk0b\" data-language-for-alternatives=\"et\" data-language-to-translate-into=\"fr\" data-number-of-phrases=\"47\" data-phrase-index=\"19\"><span class=\"Q4iAWc\">5kg jagub kuni 500 m\u00b2<\/span><\/span><\/span><\/li>\n<\/ul>\n<p><span class=\"VIiyi\" lang=\"et\"><span style=\"color:#FF0000\"><strong>NB!<\/strong> <\/span><span class=\"JLqJ4b ChMk0b\" data-language-for-alternatives=\"et\" data-language-to-translate-into=\"fr\" data-number-of-phrases=\"47\" data-phrase-index=\"25\"><span class=\"Q4iAWc\">Mitte kasutada alla 1 aasta vanusel betoonil.<\/span><\/span> <\/span><\/p>\n","protected":false},"excerpt":{"rendered":"<p>Sulatab peaaegu kohe j\u00e4\u00e4kihid.<br \/>\nEi m\u00f5juta metalle ega betooni, mis on vanem kui 1 aasta.<br \/>\nT\u00e4iesti neutraalne asfaldil.<br \/>\nRoosa v\u00e4rv v\u00f5imaldab t\u00f6\u00f6deldud alasid tuvastada.<br \/>\nSisaldab lisandit, mis takistab paakumist.<br \/>\nKahjutu taimestikule.<br \/>\nV\u00e4ljast tulles ei m\u00e4\u00e4ri vaipu.<br \/>\nOhutu nahale: kingad, kindad ja muud nahkesemed ei ole kahjustatud.<br \/>\nEi sisalda s\u00f6\u00f6vitavaid aure.<br \/>\nSelle tera suurus 1\u20133 mm tagab ajutise libisemisvastase efekti<\/p>\n","protected":false},"featured_media":0,"comment_status":"closed","ping_status":"closed","template":"","meta":[],"product_brand":[],"product_cat":[204],"product_tag":[],"class_list":{"0":"post-12414","1":"product","2":"type-product","3":"status-publish","5":"product_cat-keskkond","7":"first","8":"instock","9":"taxable","10":"shipping-taxable","11":"purchasable","12":"product-type-simple"},"yoast_head":"<!-- This site is optimized with the Yoast SEO plugin v26.5 - https:\/\/yoast.com\/wordpress\/plugins\/seo\/ -->\n<title>Snoneige* 5kg. - Lume ja j\u00e4\u00e4 sulatusgraanulid - ZEP Eesti I Puhastusvahendid I E-pood<\/title>\n<meta name=\"robots\" content=\"index, follow, max-snippet:-1, max-image-preview:large, max-video-preview:-1\" \/>\n<link rel=\"canonical\" href=\"https:\/\/zepestonia.com\/en\/toode\/snoneige-4kg-lume-ja-jaa-sulatusgraanulid\/\" \/>\n<meta property=\"og:locale\" content=\"en_US\" \/>\n<meta property=\"og:type\" content=\"article\" \/>\n<meta property=\"og:title\" content=\"Snoneige* 5kg. - Lume ja j\u00e4\u00e4 sulatusgraanulid - ZEP Eesti I Puhastusvahendid I E-pood\" \/>\n<meta property=\"og:description\" content=\"Sulatab peaaegu kohe j\u00e4\u00e4kihid. Ei m\u00f5juta metalle ega betooni, mis on vanem kui 1 aasta. T\u00e4iesti neutraalne asfaldil. Roosa v\u00e4rv v\u00f5imaldab t\u00f6\u00f6deldud alasid tuvastada. Sisaldab lisandit, mis takistab paakumist.  Kahjutu taimestikule.  V\u00e4ljast tulles ei m\u00e4\u00e4ri vaipu. Ohutu nahale: kingad, kindad ja muud nahkesemed ei ole kahjustatud. Ei sisalda s\u00f6\u00f6vitavaid aure. Selle tera suurus 1\u20133 mm tagab ajutise libisemisvastase efekti\" \/>\n<meta property=\"og:url\" content=\"https:\/\/zepestonia.com\/en\/toode\/snoneige-4kg-lume-ja-jaa-sulatusgraanulid\/\" \/>\n<meta property=\"og:site_name\" content=\"ZEP Eesti I Puhastusvahendid I E-pood\" \/>\n<meta property=\"article:publisher\" content=\"https:\/\/www.facebook.com\/ZepEesti\" \/>\n<meta property=\"article:modified_time\" content=\"2026-02-18T00:00:08+00:00\" \/>\n<meta name=\"twitter:card\" content=\"summary_large_image\" \/>\n<meta name=\"twitter:label1\" content=\"Est. reading time\" \/>\n\t<meta name=\"twitter:data1\" content=\"1 minute\" \/>\n<script type=\"application\/ld+json\" class=\"yoast-schema-graph\">{\"@context\":\"https:\/\/schema.org\",\"@graph\":[{\"@type\":\"WebPage\",\"@id\":\"https:\/\/zepestonia.com\/en\/toode\/snoneige-4kg-lume-ja-jaa-sulatusgraanulid\/\",\"url\":\"https:\/\/zepestonia.com\/en\/toode\/snoneige-4kg-lume-ja-jaa-sulatusgraanulid\/\",\"name\":\"Snoneige* 5kg. - Lume ja j\u00e4\u00e4 sulatusgraanulid - ZEP Eesti I Puhastusvahendid I E-pood\",\"isPartOf\":{\"@id\":\"https:\/\/zepestonia.com\/en\/#website\"},\"datePublished\":\"2024-02-08T12:32:24+00:00\",\"dateModified\":\"2026-02-18T00:00:08+00:00\",\"breadcrumb\":{\"@id\":\"https:\/\/zepestonia.com\/en\/toode\/snoneige-4kg-lume-ja-jaa-sulatusgraanulid\/#breadcrumb\"},\"inLanguage\":\"en-US\",\"potentialAction\":[{\"@type\":\"ReadAction\",\"target\":[\"https:\/\/zepestonia.com\/en\/toode\/snoneige-4kg-lume-ja-jaa-sulatusgraanulid\/\"]}]},{\"@type\":\"BreadcrumbList\",\"@id\":\"https:\/\/zepestonia.com\/en\/toode\/snoneige-4kg-lume-ja-jaa-sulatusgraanulid\/#breadcrumb\",\"itemListElement\":[{\"@type\":\"ListItem\",\"position\":1,\"name\":\"Home\",\"item\":\"https:\/\/zepestonia.com\/en\/\"},{\"@type\":\"ListItem\",\"position\":2,\"name\":\"Shop\",\"item\":\"https:\/\/zepestonia.com\/en\/?page_id=4643\"},{\"@type\":\"ListItem\",\"position\":3,\"name\":\"Snoneige* 5kg. &#8211; Lume ja j\u00e4\u00e4 sulatusgraanulid\"}]},{\"@type\":\"WebSite\",\"@id\":\"https:\/\/zepestonia.com\/en\/#website\",\"url\":\"https:\/\/zepestonia.com\/en\/\",\"name\":\"ZEP Eesti I Puhastusvahendid I E-pood\",\"description\":\"Pakume puhastus- ja hooldusprobleemidele efektiivseid keskkonnas\u00f5bralikke lahendusi!\",\"publisher\":{\"@id\":\"https:\/\/zepestonia.com\/en\/#organization\"},\"potentialAction\":[{\"@type\":\"SearchAction\",\"target\":{\"@type\":\"EntryPoint\",\"urlTemplate\":\"https:\/\/zepestonia.com\/en\/?s={search_term_string}\"},\"query-input\":{\"@type\":\"PropertyValueSpecification\",\"valueRequired\":true,\"valueName\":\"search_term_string\"}}],\"inLanguage\":\"en-US\"},{\"@type\":\"Organization\",\"@id\":\"https:\/\/zepestonia.com\/en\/#organization\",\"name\":\"Zep Estonia\",\"url\":\"https:\/\/zepestonia.com\/en\/\",\"logo\":{\"@type\":\"ImageObject\",\"inLanguage\":\"en-US\",\"@id\":\"https:\/\/zepestonia.com\/en\/#\/schema\/logo\/image\/\",\"url\":\"https:\/\/zepestonia.com\/wp-content\/uploads\/2022\/03\/Zep-Logo_png.jpeg\",\"contentUrl\":\"https:\/\/zepestonia.com\/wp-content\/uploads\/2022\/03\/Zep-Logo_png.jpeg\",\"width\":109,\"height\":70,\"caption\":\"Zep Estonia\"},\"image\":{\"@id\":\"https:\/\/zepestonia.com\/en\/#\/schema\/logo\/image\/\"},\"sameAs\":[\"https:\/\/www.facebook.com\/ZepEesti\"]}]}<\/script>\n<!-- \/ Yoast SEO plugin. -->","yoast_head_json":{"title":"Snoneige* 5kg. - Lume ja j\u00e4\u00e4 sulatusgraanulid - ZEP Eesti I Puhastusvahendid I E-pood","robots":{"index":"index","follow":"follow","max-snippet":"max-snippet:-1","max-image-preview":"max-image-preview:large","max-video-preview":"max-video-preview:-1"},"canonical":"https:\/\/zepestonia.com\/en\/toode\/snoneige-4kg-lume-ja-jaa-sulatusgraanulid\/","og_locale":"en_US","og_type":"article","og_title":"Snoneige* 5kg. - Lume ja j\u00e4\u00e4 sulatusgraanulid - ZEP Eesti I Puhastusvahendid I E-pood","og_description":"Sulatab peaaegu kohe j\u00e4\u00e4kihid. Ei m\u00f5juta metalle ega betooni, mis on vanem kui 1 aasta. T\u00e4iesti neutraalne asfaldil. Roosa v\u00e4rv v\u00f5imaldab t\u00f6\u00f6deldud alasid tuvastada. Sisaldab lisandit, mis takistab paakumist.  Kahjutu taimestikule.  V\u00e4ljast tulles ei m\u00e4\u00e4ri vaipu. Ohutu nahale: kingad, kindad ja muud nahkesemed ei ole kahjustatud. Ei sisalda s\u00f6\u00f6vitavaid aure. Selle tera suurus 1\u20133 mm tagab ajutise libisemisvastase efekti","og_url":"https:\/\/zepestonia.com\/en\/toode\/snoneige-4kg-lume-ja-jaa-sulatusgraanulid\/","og_site_name":"ZEP Eesti I Puhastusvahendid I E-pood","article_publisher":"https:\/\/www.facebook.com\/ZepEesti","article_modified_time":"2026-02-18T00:00:08+00:00","twitter_card":"summary_large_image","twitter_misc":{"Est. reading time":"1 minute"},"schema":{"@context":"https:\/\/schema.org","@graph":[{"@type":"WebPage","@id":"https:\/\/zepestonia.com\/en\/toode\/snoneige-4kg-lume-ja-jaa-sulatusgraanulid\/","url":"https:\/\/zepestonia.com\/en\/toode\/snoneige-4kg-lume-ja-jaa-sulatusgraanulid\/","name":"Snoneige* 5kg. - Lume ja j\u00e4\u00e4 sulatusgraanulid - ZEP Eesti I Puhastusvahendid I E-pood","isPartOf":{"@id":"https:\/\/zepestonia.com\/en\/#website"},"datePublished":"2024-02-08T12:32:24+00:00","dateModified":"2026-02-18T00:00:08+00:00","breadcrumb":{"@id":"https:\/\/zepestonia.com\/en\/toode\/snoneige-4kg-lume-ja-jaa-sulatusgraanulid\/#breadcrumb"},"inLanguage":"en-US","potentialAction":[{"@type":"ReadAction","target":["https:\/\/zepestonia.com\/en\/toode\/snoneige-4kg-lume-ja-jaa-sulatusgraanulid\/"]}]},{"@type":"BreadcrumbList","@id":"https:\/\/zepestonia.com\/en\/toode\/snoneige-4kg-lume-ja-jaa-sulatusgraanulid\/#breadcrumb","itemListElement":[{"@type":"ListItem","position":1,"name":"Home","item":"https:\/\/zepestonia.com\/en\/"},{"@type":"ListItem","position":2,"name":"Shop","item":"https:\/\/zepestonia.com\/en\/?page_id=4643"},{"@type":"ListItem","position":3,"name":"Snoneige* 5kg. &#8211; Lume ja j\u00e4\u00e4 sulatusgraanulid"}]},{"@type":"WebSite","@id":"https:\/\/zepestonia.com\/en\/#website","url":"https:\/\/zepestonia.com\/en\/","name":"ZEP Eesti I Puhastusvahendid I E-pood","description":"Pakume puhastus- ja hooldusprobleemidele efektiivseid keskkonnas\u00f5bralikke lahendusi!","publisher":{"@id":"https:\/\/zepestonia.com\/en\/#organization"},"potentialAction":[{"@type":"SearchAction","target":{"@type":"EntryPoint","urlTemplate":"https:\/\/zepestonia.com\/en\/?s={search_term_string}"},"query-input":{"@type":"PropertyValueSpecification","valueRequired":true,"valueName":"search_term_string"}}],"inLanguage":"en-US"},{"@type":"Organization","@id":"https:\/\/zepestonia.com\/en\/#organization","name":"Zep Estonia","url":"https:\/\/zepestonia.com\/en\/","logo":{"@type":"ImageObject","inLanguage":"en-US","@id":"https:\/\/zepestonia.com\/en\/#\/schema\/logo\/image\/","url":"https:\/\/zepestonia.com\/wp-content\/uploads\/2022\/03\/Zep-Logo_png.jpeg","contentUrl":"https:\/\/zepestonia.com\/wp-content\/uploads\/2022\/03\/Zep-Logo_png.jpeg","width":109,"height":70,"caption":"Zep Estonia"},"image":{"@id":"https:\/\/zepestonia.com\/en\/#\/schema\/logo\/image\/"},"sameAs":["https:\/\/www.facebook.com\/ZepEesti"]}]}},"_links":{"self":[{"href":"https:\/\/zepestonia.com\/en\/wp-json\/wp\/v2\/product\/12414","targetHints":{"allow":["GET"]}}],"collection":[{"href":"https:\/\/zepestonia.com\/en\/wp-json\/wp\/v2\/product"}],"about":[{"href":"https:\/\/zepestonia.com\/en\/wp-json\/wp\/v2\/types\/product"}],"replies":[{"embeddable":true,"href":"https:\/\/zepestonia.com\/en\/wp-json\/wp\/v2\/comments?post=12414"}],"version-history":[{"count":3,"href":"https:\/\/zepestonia.com\/en\/wp-json\/wp\/v2\/product\/12414\/revisions"}],"predecessor-version":[{"id":13628,"href":"https:\/\/zepestonia.com\/en\/wp-json\/wp\/v2\/product\/12414\/revisions\/13628"}],"wp:attachment":[{"href":"https:\/\/zepestonia.com\/en\/wp-json\/wp\/v2\/media?parent=12414"}],"wp:term":[{"taxonomy":"product_brand","embeddable":true,"href":"https:\/\/zepestonia.com\/en\/wp-json\/wp\/v2\/product_brand?post=12414"},{"taxonomy":"product_cat","embeddable":true,"href":"https:\/\/zepestonia.com\/en\/wp-json\/wp\/v2\/product_cat?post=12414"},{"taxonomy":"product_tag","embeddable":true,"href":"https:\/\/zepestonia.com\/en\/wp-json\/wp\/v2\/product_tag?post=12414"}],"curies":[{"name":"wp","href":"https:\/\/api.w.org\/{rel}","templated":true}]}}