{"id":12165,"date":"2023-11-20T12:38:02","date_gmt":"2023-11-20T12:38:02","guid":{"rendered":"https:\/\/zepestonia.com\/toode\/neutramax\/"},"modified":"2025-10-27T04:40:49","modified_gmt":"2025-10-27T04:40:49","slug":"neutramax","status":"publish","type":"product","link":"https:\/\/zepestonia.com\/en\/toode\/neutramax\/","title":{"rendered":"NEUTRAMAX &#8211; L\u00f5hna neutraliseeriv geelpadi"},"content":{"rendered":"<p>Geeli toimeained reageerivad \u00f5hus leiduvate ebameeldivate l\u00f5hnadega (ammoniaak, vesiniksulfiid, amiinid jne).&nbsp;<br \/>\nNeed neutraliseerivad l\u00f5hna ja takistavad l\u00f5hna teket.<br \/>\nL\u00f5hna neutraliseeriv geelpadi metsamarja aroomiga eemaldab l\u00f5hnad sublimatsiooni teel ega vaja pihustuss\u00fcsteeme.&nbsp;<br \/>\nAsetage padi \u00f5huvoolu alla 2\u20134 \u200b\u200bkuuks, et saavutada pikaajaline efektiivsus erinevates ruumides.<\/p>\n<p>Geelpadja puhastusmaht on j\u00e4rgmine:<\/p>\n<ul>\n<li>Pr\u00fcgikastid: 250 kuni 700 liitrit<\/li>\n<li>Suitsetamisalad: 10 kuni 35 m\u00b2<\/li>\n<li>Tualettruumid: 10 kuni 20 m\u00b2<\/li>\n<li>Suure liiklusega alad: 40 kuni 90 m\u00b2<\/li>\n<\/ul>\n<p><span class=\"HwtZe\" lang=\"et\"><span class=\"jCAhz ChMk0b\"><span class=\"ryNqvb\">Omadused:<br \/>\nKaal: 40 grammi<br \/>\nV\u00e4rvus: Lilla<br \/>\nL\u00f5hn: Metsamarjad<br \/>\nNEUTRAMAX on veekindel, kuid s<\/span><\/span><span class=\"jCAhz ChMk0b\"><span class=\"ryNqvb\">iiski \u00e4rge kastke kogu geelpadjakest vette.<br \/>\nS\u00e4ilivusaeg suletud pakendis: 1 aasta (max. s\u00e4ilitustemperatuur: 30 \u00b0C)<\/span><\/span><\/span><br \/>\n&nbsp;<\/p>\n","protected":false},"excerpt":{"rendered":"<p>Ideaalne kasutamiseks institutsioonides ja toiduainetet\u00f6\u00f6stuses ning paljudes muudes rakendustes:<br \/>\nvannitoad, k\u00f6\u00f6gid ja \u00f5hupuhastid, pr\u00fcgikastid ja j\u00e4\u00e4tmekonteinerid, bussid, kodud, surnukuurid ja muud ruumid, kus on vaja l\u00f5hnakontrolli.<br \/>\nToode neutraliseerib ebameeldivaid l\u00f5hnu lihtsalt, kiiresti ja ohutult. See ei kapselda l\u00f5hnu, vaid k\u00f5rvaldab need. <\/p>\n","protected":false},"featured_media":13995,"comment_status":"closed","ping_status":"closed","template":"","meta":[],"product_brand":[],"product_cat":[195],"product_tag":[],"class_list":{"0":"post-12165","1":"product","2":"type-product","3":"status-publish","4":"has-post-thumbnail","6":"product_cat-hooldus","8":"first","9":"instock","10":"taxable","11":"shipping-taxable","12":"purchasable","13":"product-type-simple"},"yoast_head":"<!-- This site is optimized with the Yoast SEO plugin v26.5 - https:\/\/yoast.com\/wordpress\/plugins\/seo\/ -->\n<title>NEUTRAMAX - L\u00f5hna neutraliseeriv geelpadi - ZEP Eesti I Puhastusvahendid I E-pood<\/title>\n<meta name=\"robots\" content=\"index, follow, max-snippet:-1, max-image-preview:large, max-video-preview:-1\" \/>\n<link rel=\"canonical\" href=\"https:\/\/zepestonia.com\/en\/toode\/neutramax\/\" \/>\n<meta property=\"og:locale\" content=\"en_US\" \/>\n<meta property=\"og:type\" content=\"article\" \/>\n<meta property=\"og:title\" content=\"NEUTRAMAX - L\u00f5hna neutraliseeriv geelpadi - ZEP Eesti I Puhastusvahendid I E-pood\" \/>\n<meta property=\"og:description\" content=\"Ideaalne kasutamiseks institutsioonides ja toiduainetet\u00f6\u00f6stuses ning paljudes muudes rakendustes:  vannitoad, k\u00f6\u00f6gid ja \u00f5hupuhastid, pr\u00fcgikastid ja j\u00e4\u00e4tmekonteinerid, bussid, kodud, surnukuurid ja muud ruumid, kus on vaja l\u00f5hnakontrolli. Toode neutraliseerib ebameeldivaid l\u00f5hnu lihtsalt, kiiresti ja ohutult. See ei kapselda l\u00f5hnu, vaid k\u00f5rvaldab need.\" \/>\n<meta property=\"og:url\" content=\"https:\/\/zepestonia.com\/en\/toode\/neutramax\/\" \/>\n<meta property=\"og:site_name\" content=\"ZEP Eesti I Puhastusvahendid I E-pood\" \/>\n<meta property=\"article:publisher\" content=\"https:\/\/www.facebook.com\/ZepEesti\" \/>\n<meta property=\"article:modified_time\" content=\"2025-10-27T04:40:49+00:00\" \/>\n<meta name=\"twitter:card\" content=\"summary_large_image\" \/>\n<script type=\"application\/ld+json\" class=\"yoast-schema-graph\">{\"@context\":\"https:\/\/schema.org\",\"@graph\":[{\"@type\":\"WebPage\",\"@id\":\"https:\/\/zepestonia.com\/en\/toode\/neutramax\/\",\"url\":\"https:\/\/zepestonia.com\/en\/toode\/neutramax\/\",\"name\":\"NEUTRAMAX - L\u00f5hna neutraliseeriv geelpadi - ZEP Eesti I Puhastusvahendid I E-pood\",\"isPartOf\":{\"@id\":\"https:\/\/zepestonia.com\/en\/#website\"},\"primaryImageOfPage\":{\"@id\":\"https:\/\/zepestonia.com\/en\/toode\/neutramax\/#primaryimage\"},\"image\":{\"@id\":\"https:\/\/zepestonia.com\/en\/toode\/neutramax\/#primaryimage\"},\"thumbnailUrl\":\"https:\/\/zepestonia.com\/wp-content\/uploads\/2025\/10\/Neutramax.png\",\"datePublished\":\"2023-11-20T12:38:02+00:00\",\"dateModified\":\"2025-10-27T04:40:49+00:00\",\"breadcrumb\":{\"@id\":\"https:\/\/zepestonia.com\/en\/toode\/neutramax\/#breadcrumb\"},\"inLanguage\":\"en-US\",\"potentialAction\":[{\"@type\":\"ReadAction\",\"target\":[\"https:\/\/zepestonia.com\/en\/toode\/neutramax\/\"]}]},{\"@type\":\"ImageObject\",\"inLanguage\":\"en-US\",\"@id\":\"https:\/\/zepestonia.com\/en\/toode\/neutramax\/#primaryimage\",\"url\":\"https:\/\/zepestonia.com\/wp-content\/uploads\/2025\/10\/Neutramax.png\",\"contentUrl\":\"https:\/\/zepestonia.com\/wp-content\/uploads\/2025\/10\/Neutramax.png\",\"width\":200,\"height\":300,\"caption\":\"Neutramax\"},{\"@type\":\"BreadcrumbList\",\"@id\":\"https:\/\/zepestonia.com\/en\/toode\/neutramax\/#breadcrumb\",\"itemListElement\":[{\"@type\":\"ListItem\",\"position\":1,\"name\":\"Home\",\"item\":\"https:\/\/zepestonia.com\/en\/\"},{\"@type\":\"ListItem\",\"position\":2,\"name\":\"Shop\",\"item\":\"https:\/\/zepestonia.com\/en\/?page_id=4643\"},{\"@type\":\"ListItem\",\"position\":3,\"name\":\"NEUTRAMAX &#8211; L\u00f5hna neutraliseeriv geelpadi\"}]},{\"@type\":\"WebSite\",\"@id\":\"https:\/\/zepestonia.com\/en\/#website\",\"url\":\"https:\/\/zepestonia.com\/en\/\",\"name\":\"ZEP Eesti I Puhastusvahendid I E-pood\",\"description\":\"Pakume puhastus- ja hooldusprobleemidele efektiivseid keskkonnas\u00f5bralikke lahendusi!\",\"publisher\":{\"@id\":\"https:\/\/zepestonia.com\/en\/#organization\"},\"potentialAction\":[{\"@type\":\"SearchAction\",\"target\":{\"@type\":\"EntryPoint\",\"urlTemplate\":\"https:\/\/zepestonia.com\/en\/?s={search_term_string}\"},\"query-input\":{\"@type\":\"PropertyValueSpecification\",\"valueRequired\":true,\"valueName\":\"search_term_string\"}}],\"inLanguage\":\"en-US\"},{\"@type\":\"Organization\",\"@id\":\"https:\/\/zepestonia.com\/en\/#organization\",\"name\":\"Zep Estonia\",\"url\":\"https:\/\/zepestonia.com\/en\/\",\"logo\":{\"@type\":\"ImageObject\",\"inLanguage\":\"en-US\",\"@id\":\"https:\/\/zepestonia.com\/en\/#\/schema\/logo\/image\/\",\"url\":\"https:\/\/zepestonia.com\/wp-content\/uploads\/2022\/03\/Zep-Logo_png.jpeg\",\"contentUrl\":\"https:\/\/zepestonia.com\/wp-content\/uploads\/2022\/03\/Zep-Logo_png.jpeg\",\"width\":109,\"height\":70,\"caption\":\"Zep Estonia\"},\"image\":{\"@id\":\"https:\/\/zepestonia.com\/en\/#\/schema\/logo\/image\/\"},\"sameAs\":[\"https:\/\/www.facebook.com\/ZepEesti\"]}]}<\/script>\n<!-- \/ Yoast SEO plugin. -->","yoast_head_json":{"title":"NEUTRAMAX - L\u00f5hna neutraliseeriv geelpadi - ZEP Eesti I Puhastusvahendid I E-pood","robots":{"index":"index","follow":"follow","max-snippet":"max-snippet:-1","max-image-preview":"max-image-preview:large","max-video-preview":"max-video-preview:-1"},"canonical":"https:\/\/zepestonia.com\/en\/toode\/neutramax\/","og_locale":"en_US","og_type":"article","og_title":"NEUTRAMAX - L\u00f5hna neutraliseeriv geelpadi - ZEP Eesti I Puhastusvahendid I E-pood","og_description":"Ideaalne kasutamiseks institutsioonides ja toiduainetet\u00f6\u00f6stuses ning paljudes muudes rakendustes:  vannitoad, k\u00f6\u00f6gid ja \u00f5hupuhastid, pr\u00fcgikastid ja j\u00e4\u00e4tmekonteinerid, bussid, kodud, surnukuurid ja muud ruumid, kus on vaja l\u00f5hnakontrolli. Toode neutraliseerib ebameeldivaid l\u00f5hnu lihtsalt, kiiresti ja ohutult. See ei kapselda l\u00f5hnu, vaid k\u00f5rvaldab need.","og_url":"https:\/\/zepestonia.com\/en\/toode\/neutramax\/","og_site_name":"ZEP Eesti I Puhastusvahendid I E-pood","article_publisher":"https:\/\/www.facebook.com\/ZepEesti","article_modified_time":"2025-10-27T04:40:49+00:00","twitter_card":"summary_large_image","schema":{"@context":"https:\/\/schema.org","@graph":[{"@type":"WebPage","@id":"https:\/\/zepestonia.com\/en\/toode\/neutramax\/","url":"https:\/\/zepestonia.com\/en\/toode\/neutramax\/","name":"NEUTRAMAX - L\u00f5hna neutraliseeriv geelpadi - ZEP Eesti I Puhastusvahendid I E-pood","isPartOf":{"@id":"https:\/\/zepestonia.com\/en\/#website"},"primaryImageOfPage":{"@id":"https:\/\/zepestonia.com\/en\/toode\/neutramax\/#primaryimage"},"image":{"@id":"https:\/\/zepestonia.com\/en\/toode\/neutramax\/#primaryimage"},"thumbnailUrl":"https:\/\/zepestonia.com\/wp-content\/uploads\/2025\/10\/Neutramax.png","datePublished":"2023-11-20T12:38:02+00:00","dateModified":"2025-10-27T04:40:49+00:00","breadcrumb":{"@id":"https:\/\/zepestonia.com\/en\/toode\/neutramax\/#breadcrumb"},"inLanguage":"en-US","potentialAction":[{"@type":"ReadAction","target":["https:\/\/zepestonia.com\/en\/toode\/neutramax\/"]}]},{"@type":"ImageObject","inLanguage":"en-US","@id":"https:\/\/zepestonia.com\/en\/toode\/neutramax\/#primaryimage","url":"https:\/\/zepestonia.com\/wp-content\/uploads\/2025\/10\/Neutramax.png","contentUrl":"https:\/\/zepestonia.com\/wp-content\/uploads\/2025\/10\/Neutramax.png","width":200,"height":300,"caption":"Neutramax"},{"@type":"BreadcrumbList","@id":"https:\/\/zepestonia.com\/en\/toode\/neutramax\/#breadcrumb","itemListElement":[{"@type":"ListItem","position":1,"name":"Home","item":"https:\/\/zepestonia.com\/en\/"},{"@type":"ListItem","position":2,"name":"Shop","item":"https:\/\/zepestonia.com\/en\/?page_id=4643"},{"@type":"ListItem","position":3,"name":"NEUTRAMAX &#8211; L\u00f5hna neutraliseeriv geelpadi"}]},{"@type":"WebSite","@id":"https:\/\/zepestonia.com\/en\/#website","url":"https:\/\/zepestonia.com\/en\/","name":"ZEP Eesti I Puhastusvahendid I E-pood","description":"Pakume puhastus- ja hooldusprobleemidele efektiivseid keskkonnas\u00f5bralikke lahendusi!","publisher":{"@id":"https:\/\/zepestonia.com\/en\/#organization"},"potentialAction":[{"@type":"SearchAction","target":{"@type":"EntryPoint","urlTemplate":"https:\/\/zepestonia.com\/en\/?s={search_term_string}"},"query-input":{"@type":"PropertyValueSpecification","valueRequired":true,"valueName":"search_term_string"}}],"inLanguage":"en-US"},{"@type":"Organization","@id":"https:\/\/zepestonia.com\/en\/#organization","name":"Zep Estonia","url":"https:\/\/zepestonia.com\/en\/","logo":{"@type":"ImageObject","inLanguage":"en-US","@id":"https:\/\/zepestonia.com\/en\/#\/schema\/logo\/image\/","url":"https:\/\/zepestonia.com\/wp-content\/uploads\/2022\/03\/Zep-Logo_png.jpeg","contentUrl":"https:\/\/zepestonia.com\/wp-content\/uploads\/2022\/03\/Zep-Logo_png.jpeg","width":109,"height":70,"caption":"Zep Estonia"},"image":{"@id":"https:\/\/zepestonia.com\/en\/#\/schema\/logo\/image\/"},"sameAs":["https:\/\/www.facebook.com\/ZepEesti"]}]}},"_links":{"self":[{"href":"https:\/\/zepestonia.com\/en\/wp-json\/wp\/v2\/product\/12165","targetHints":{"allow":["GET"]}}],"collection":[{"href":"https:\/\/zepestonia.com\/en\/wp-json\/wp\/v2\/product"}],"about":[{"href":"https:\/\/zepestonia.com\/en\/wp-json\/wp\/v2\/types\/product"}],"replies":[{"embeddable":true,"href":"https:\/\/zepestonia.com\/en\/wp-json\/wp\/v2\/comments?post=12165"}],"version-history":[{"count":2,"href":"https:\/\/zepestonia.com\/en\/wp-json\/wp\/v2\/product\/12165\/revisions"}],"predecessor-version":[{"id":13999,"href":"https:\/\/zepestonia.com\/en\/wp-json\/wp\/v2\/product\/12165\/revisions\/13999"}],"wp:featuredmedia":[{"embeddable":true,"href":"https:\/\/zepestonia.com\/en\/wp-json\/wp\/v2\/media\/13995"}],"wp:attachment":[{"href":"https:\/\/zepestonia.com\/en\/wp-json\/wp\/v2\/media?parent=12165"}],"wp:term":[{"taxonomy":"product_brand","embeddable":true,"href":"https:\/\/zepestonia.com\/en\/wp-json\/wp\/v2\/product_brand?post=12165"},{"taxonomy":"product_cat","embeddable":true,"href":"https:\/\/zepestonia.com\/en\/wp-json\/wp\/v2\/product_cat?post=12165"},{"taxonomy":"product_tag","embeddable":true,"href":"https:\/\/zepestonia.com\/en\/wp-json\/wp\/v2\/product_tag?post=12165"}],"curies":[{"name":"wp","href":"https:\/\/api.w.org\/{rel}","templated":true}]}}