{"id":10926,"date":"2023-03-24T04:16:13","date_gmt":"2023-03-24T04:16:13","guid":{"rendered":"https:\/\/zepestonia.com\/toode\/supasol-hydro-5l-lahusti-rasvaeemalduseks\/"},"modified":"2025-07-01T00:24:20","modified_gmt":"2025-07-01T00:24:20","slug":"supasol-hydro-5l-lahusti-rasvaeemalduseks","status":"publish","type":"product","link":"https:\/\/zepestonia.com\/en\/toode\/supasol-hydro-5l-lahusti-rasvaeemalduseks\/","title":{"rendered":"SUPASOL HYDRO 5L &#8211; Lahusti rasvaeemalduseks"},"content":{"rendered":"<ul>\n<li><span style=\"font-size:14px\"><span class=\"markedContent\"><span dir=\"ltr\" role=\"presentation\" style=\"left: 90px;top: 859.344px;font-family: sans-serif\">Vala<\/span><span dir=\"ltr\" role=\"presentation\" style=\"left: 130.24px;top: 859.344px;font-family: sans-serif\">da<\/span><span dir=\"ltr\" role=\"presentation\" style=\"left: 152.44px;top: 859.344px;font-family: sans-serif\">,<\/span><span dir=\"ltr\" role=\"presentation\" style=\"left: 158px;top: 859.344px;font-family: sans-serif\"> <\/span><span dir=\"ltr\" role=\"presentation\" style=\"left: 175.02px;top: 859.344px;font-family: sans-serif\">pintseld<\/span><span dir=\"ltr\" role=\"presentation\" style=\"left: 244.033px;top: 859.344px;font-family: sans-serif\">ada<\/span><span dir=\"ltr\" role=\"presentation\" style=\"left: 277.333px;top: 859.344px;font-family: sans-serif\"> <\/span><span dir=\"ltr\" role=\"presentation\" style=\"left: 294.433px;top: 859.344px;font-family: sans-serif\">v\u00f5i<\/span><span dir=\"ltr\" role=\"presentation\" style=\"left: 320.053px;top: 859.344px;font-family: sans-serif\"> <\/span><span dir=\"ltr\" role=\"presentation\" style=\"left: 337.193px;top: 859.344px;font-family: sans-serif\">pihusta<\/span><span dir=\"ltr\" role=\"presentation\" style=\"left: 401.683px;top: 859.344px;font-family: sans-serif\">da<\/span><span dir=\"ltr\" role=\"presentation\" style=\"left: 424.003px;top: 859.344px;font-family: sans-serif\"> <\/span><span dir=\"ltr\" role=\"presentation\" style=\"left: 441.083px;top: 859.344px;font-family: sans-serif\">puhastatavale<\/span><span dir=\"ltr\" role=\"presentation\" style=\"left: 565.523px;top: 859.344px;font-family: sans-serif\"> <\/span><span dir=\"ltr\" role=\"presentation\" style=\"left: 582.717px;top: 859.344px;font-family: sans-serif\">pinnale<\/span><span dir=\"ltr\" role=\"presentation\" style=\"left: 647.317px;top: 859.344px;font-family: sans-serif\">.<\/span><span dir=\"ltr\" role=\"presentation\" style=\"left: 652.877px;top: 859.344px;font-family: sans-serif\"> <\/span><\/span><\/span><\/li>\n<li><span style=\"font-size:14px\"><span class=\"markedContent\"><span dir=\"ltr\" role=\"presentation\" style=\"left: 669.897px;top: 859.344px;font-family: sans-serif\">Las<\/span><span dir=\"ltr\" role=\"presentation\" style=\"left: 702.117px;top: 859.344px;font-family: sans-serif\">ta<\/span><span dir=\"ltr\" role=\"presentation\" style=\"left: 718.837px;top: 859.344px;font-family: sans-serif\"> <\/span><span dir=\"ltr\" role=\"presentation\" style=\"left: 736.117px;top: 859.344px;font-family: sans-serif\">tootel<\/span><span dir=\"ltr\" role=\"presentation\" style=\"left: 784.897px;top: 859.344px;font-family: sans-serif\"> <\/span><span dir=\"ltr\" role=\"presentation\" style=\"left: 802.167px;top: 859.344px;font-family: sans-serif\">im<\/span><span dir=\"ltr\" role=\"presentation\" style=\"left: 823.167px;top: 859.344px;font-family: sans-serif\">bu<\/span><span dir=\"ltr\" role=\"presentation\" style=\"left: 845.567px;top: 859.344px;font-family: sans-serif\">da<\/span><span dir=\"ltr\" role=\"presentation\" style=\"left: 867.687px;top: 859.344px;font-family: sans-serif\"> <\/span><span dir=\"ltr\" role=\"presentation\" style=\"left: 884.967px;top: 859.344px;font-family: sans-serif\">ja<\/span> <span dir=\"ltr\" role=\"presentation\" style=\"left: 90px;top: 882.344px;font-family: sans-serif\">saasteaine<\/span><span dir=\"ltr\" role=\"presentation\" style=\"left: 187.033px;top: 882.344px;font-family: sans-serif\">tel<\/span><span dir=\"ltr\" role=\"presentation\" style=\"left: 208.053px;top: 882.344px;font-family: sans-serif\"> <\/span><span dir=\"ltr\" role=\"presentation\" style=\"left: 219.233px;top: 882.344px;font-family: sans-serif\">lahustuda.<\/span><span dir=\"ltr\" role=\"presentation\" style=\"left: 311.313px;top: 882.344px;font-family: sans-serif\"> <\/span><\/span><\/span><\/li>\n<li><span style=\"font-size:14px\"><span class=\"markedContent\" id=\"page3R_mcid33\"><span dir=\"ltr\" role=\"presentation\" style=\"left: 317.083px;top: 882.344px;font-family: sans-serif\">P\u00fchki<\/span><span dir=\"ltr\" role=\"presentation\" style=\"left: 367.083px;top: 882.344px;font-family: sans-serif\">da<\/span><span dir=\"ltr\" role=\"presentation\" style=\"left: 389.383px;top: 882.344px;font-family: sans-serif\"> <\/span><span dir=\"ltr\" role=\"presentation\" style=\"left: 394.883px;top: 882.344px;font-family: sans-serif\">eraldunud mustus<\/span><span dir=\"ltr\" role=\"presentation\" style=\"left: 553.743px;top: 882.344px;font-family: sans-serif\"> <\/span><span dir=\"ltr\" role=\"presentation\" style=\"left: 559.517px;top: 882.344px;font-family: sans-serif\">imav<\/span><span dir=\"ltr\" role=\"presentation\" style=\"left: 601.717px;top: 882.344px;font-family: sans-serif\">a lapiga \u00e4ra.<\/span><\/span><\/span><\/li>\n<\/ul>\n<p><span style=\"font-size:14px\"><span class=\"markedContent\" id=\"page3R_mcid41\"><span dir=\"ltr\" role=\"presentation\" style=\"left: 90px;top: 1066.34px;font-family: sans-serif\">Leekpunkt <\/span><\/span><span class=\"markedContent\">~<span dir=\"ltr\" role=\"presentation\" style=\"left: 343.683px;top: 1066.34px;font-family: sans-serif\"> 67\u00baC<\/span><\/span><\/span><\/p>\n","protected":false},"excerpt":{"rendered":"<p>Puhastab k\u00f5vasid pindu, sealhulgas mootoreid, raame, masinadetaile, masinaid ja betoonpindu.<br \/>\nKiiresti imenduv lahustades rasked mineraal\u00f5lid, t\u00f5rva, bituumeni, liimid, vaigud, n\u00e4rimiskummi, tindid, taime\u00f5lid, m\u00e4\u00e4rded, liikluskile ja muu mustuse ning m\u00e4\u00e4rdumise.<br \/>\nNeutraalne ja mittes\u00f6\u00f6vitav ega mittes\u00fcttiv<br \/>\n\u00d6konoomne, v\u00f5ib lahjendada kuni 1: 20<br \/>\nLoputamiseks pole vaja kasutada kalleid lahusteid<\/p>\n","protected":false},"featured_media":10930,"comment_status":"closed","ping_status":"closed","template":"","meta":[],"product_brand":[],"product_cat":[199],"product_tag":[],"class_list":{"0":"post-10926","1":"product","2":"type-product","3":"status-publish","4":"has-post-thumbnail","6":"product_cat-autod","8":"first","9":"instock","10":"taxable","11":"shipping-taxable","12":"purchasable","13":"product-type-simple"},"yoast_head":"<!-- This site is optimized with the Yoast SEO plugin v26.5 - https:\/\/yoast.com\/wordpress\/plugins\/seo\/ -->\n<title>SUPASOL HYDRO 5L - Lahusti rasvaeemalduseks - ZEP Eesti I Puhastusvahendid I E-pood<\/title>\n<meta name=\"robots\" content=\"index, follow, max-snippet:-1, max-image-preview:large, max-video-preview:-1\" \/>\n<link rel=\"canonical\" href=\"https:\/\/zepestonia.com\/en\/toode\/supasol-hydro-5l-lahusti-rasvaeemalduseks\/\" \/>\n<meta property=\"og:locale\" content=\"en_US\" \/>\n<meta property=\"og:type\" content=\"article\" \/>\n<meta property=\"og:title\" content=\"SUPASOL HYDRO 5L - Lahusti rasvaeemalduseks - ZEP Eesti I Puhastusvahendid I E-pood\" \/>\n<meta property=\"og:description\" content=\"Puhastab k\u00f5vasid pindu, sealhulgas mootoreid, raame, masinadetaile, masinaid ja betoonpindu. Kiiresti imenduv lahustades rasked mineraal\u00f5lid, t\u00f5rva, bituumeni, liimid, vaigud, n\u00e4rimiskummi, tindid, taime\u00f5lid, m\u00e4\u00e4rded, liikluskile ja muu mustuse ning m\u00e4\u00e4rdumise. Neutraalne ja mittes\u00f6\u00f6vitav ega mittes\u00fcttiv \u00d6konoomne, v\u00f5ib lahjendada kuni 1: 20  Loputamiseks pole vaja kasutada kalleid lahusteid\" \/>\n<meta property=\"og:url\" content=\"https:\/\/zepestonia.com\/en\/toode\/supasol-hydro-5l-lahusti-rasvaeemalduseks\/\" \/>\n<meta property=\"og:site_name\" content=\"ZEP Eesti I Puhastusvahendid I E-pood\" \/>\n<meta property=\"article:publisher\" content=\"https:\/\/www.facebook.com\/ZepEesti\" \/>\n<meta property=\"article:modified_time\" content=\"2025-07-01T00:24:20+00:00\" \/>\n<meta property=\"og:image\" content=\"https:\/\/zepestonia.com\/wp-content\/uploads\/2023\/03\/SUPASOL-HYDRO.png\" \/>\n\t<meta property=\"og:image:width\" content=\"400\" \/>\n\t<meta property=\"og:image:height\" content=\"600\" \/>\n\t<meta property=\"og:image:type\" content=\"image\/png\" \/>\n<meta name=\"twitter:card\" content=\"summary_large_image\" \/>\n<script type=\"application\/ld+json\" class=\"yoast-schema-graph\">{\"@context\":\"https:\/\/schema.org\",\"@graph\":[{\"@type\":\"WebPage\",\"@id\":\"https:\/\/zepestonia.com\/en\/toode\/supasol-hydro-5l-lahusti-rasvaeemalduseks\/\",\"url\":\"https:\/\/zepestonia.com\/en\/toode\/supasol-hydro-5l-lahusti-rasvaeemalduseks\/\",\"name\":\"SUPASOL HYDRO 5L - Lahusti rasvaeemalduseks - ZEP Eesti I Puhastusvahendid I E-pood\",\"isPartOf\":{\"@id\":\"https:\/\/zepestonia.com\/en\/#website\"},\"primaryImageOfPage\":{\"@id\":\"https:\/\/zepestonia.com\/en\/toode\/supasol-hydro-5l-lahusti-rasvaeemalduseks\/#primaryimage\"},\"image\":{\"@id\":\"https:\/\/zepestonia.com\/en\/toode\/supasol-hydro-5l-lahusti-rasvaeemalduseks\/#primaryimage\"},\"thumbnailUrl\":\"https:\/\/zepestonia.com\/wp-content\/uploads\/2023\/03\/SUPASOL-HYDRO.png\",\"datePublished\":\"2023-03-24T04:16:13+00:00\",\"dateModified\":\"2025-07-01T00:24:20+00:00\",\"breadcrumb\":{\"@id\":\"https:\/\/zepestonia.com\/en\/toode\/supasol-hydro-5l-lahusti-rasvaeemalduseks\/#breadcrumb\"},\"inLanguage\":\"en-US\",\"potentialAction\":[{\"@type\":\"ReadAction\",\"target\":[\"https:\/\/zepestonia.com\/en\/toode\/supasol-hydro-5l-lahusti-rasvaeemalduseks\/\"]}]},{\"@type\":\"ImageObject\",\"inLanguage\":\"en-US\",\"@id\":\"https:\/\/zepestonia.com\/en\/toode\/supasol-hydro-5l-lahusti-rasvaeemalduseks\/#primaryimage\",\"url\":\"https:\/\/zepestonia.com\/wp-content\/uploads\/2023\/03\/SUPASOL-HYDRO.png\",\"contentUrl\":\"https:\/\/zepestonia.com\/wp-content\/uploads\/2023\/03\/SUPASOL-HYDRO.png\",\"width\":400,\"height\":600,\"caption\":\"SUPASOL-HYDRO\"},{\"@type\":\"BreadcrumbList\",\"@id\":\"https:\/\/zepestonia.com\/en\/toode\/supasol-hydro-5l-lahusti-rasvaeemalduseks\/#breadcrumb\",\"itemListElement\":[{\"@type\":\"ListItem\",\"position\":1,\"name\":\"Home\",\"item\":\"https:\/\/zepestonia.com\/en\/\"},{\"@type\":\"ListItem\",\"position\":2,\"name\":\"Shop\",\"item\":\"https:\/\/zepestonia.com\/en\/?page_id=4643\"},{\"@type\":\"ListItem\",\"position\":3,\"name\":\"SUPASOL HYDRO 5L &#8211; Lahusti rasvaeemalduseks\"}]},{\"@type\":\"WebSite\",\"@id\":\"https:\/\/zepestonia.com\/en\/#website\",\"url\":\"https:\/\/zepestonia.com\/en\/\",\"name\":\"ZEP Eesti I Puhastusvahendid I E-pood\",\"description\":\"Pakume puhastus- ja hooldusprobleemidele efektiivseid keskkonnas\u00f5bralikke lahendusi!\",\"publisher\":{\"@id\":\"https:\/\/zepestonia.com\/en\/#organization\"},\"potentialAction\":[{\"@type\":\"SearchAction\",\"target\":{\"@type\":\"EntryPoint\",\"urlTemplate\":\"https:\/\/zepestonia.com\/en\/?s={search_term_string}\"},\"query-input\":{\"@type\":\"PropertyValueSpecification\",\"valueRequired\":true,\"valueName\":\"search_term_string\"}}],\"inLanguage\":\"en-US\"},{\"@type\":\"Organization\",\"@id\":\"https:\/\/zepestonia.com\/en\/#organization\",\"name\":\"Zep Estonia\",\"url\":\"https:\/\/zepestonia.com\/en\/\",\"logo\":{\"@type\":\"ImageObject\",\"inLanguage\":\"en-US\",\"@id\":\"https:\/\/zepestonia.com\/en\/#\/schema\/logo\/image\/\",\"url\":\"https:\/\/zepestonia.com\/wp-content\/uploads\/2022\/03\/Zep-Logo_png.jpeg\",\"contentUrl\":\"https:\/\/zepestonia.com\/wp-content\/uploads\/2022\/03\/Zep-Logo_png.jpeg\",\"width\":109,\"height\":70,\"caption\":\"Zep Estonia\"},\"image\":{\"@id\":\"https:\/\/zepestonia.com\/en\/#\/schema\/logo\/image\/\"},\"sameAs\":[\"https:\/\/www.facebook.com\/ZepEesti\"]}]}<\/script>\n<!-- \/ Yoast SEO plugin. -->","yoast_head_json":{"title":"SUPASOL HYDRO 5L - Lahusti rasvaeemalduseks - ZEP Eesti I Puhastusvahendid I E-pood","robots":{"index":"index","follow":"follow","max-snippet":"max-snippet:-1","max-image-preview":"max-image-preview:large","max-video-preview":"max-video-preview:-1"},"canonical":"https:\/\/zepestonia.com\/en\/toode\/supasol-hydro-5l-lahusti-rasvaeemalduseks\/","og_locale":"en_US","og_type":"article","og_title":"SUPASOL HYDRO 5L - Lahusti rasvaeemalduseks - ZEP Eesti I Puhastusvahendid I E-pood","og_description":"Puhastab k\u00f5vasid pindu, sealhulgas mootoreid, raame, masinadetaile, masinaid ja betoonpindu. Kiiresti imenduv lahustades rasked mineraal\u00f5lid, t\u00f5rva, bituumeni, liimid, vaigud, n\u00e4rimiskummi, tindid, taime\u00f5lid, m\u00e4\u00e4rded, liikluskile ja muu mustuse ning m\u00e4\u00e4rdumise. Neutraalne ja mittes\u00f6\u00f6vitav ega mittes\u00fcttiv \u00d6konoomne, v\u00f5ib lahjendada kuni 1: 20  Loputamiseks pole vaja kasutada kalleid lahusteid","og_url":"https:\/\/zepestonia.com\/en\/toode\/supasol-hydro-5l-lahusti-rasvaeemalduseks\/","og_site_name":"ZEP Eesti I Puhastusvahendid I E-pood","article_publisher":"https:\/\/www.facebook.com\/ZepEesti","article_modified_time":"2025-07-01T00:24:20+00:00","og_image":[{"width":400,"height":600,"url":"https:\/\/zepestonia.com\/wp-content\/uploads\/2023\/03\/SUPASOL-HYDRO.png","type":"image\/png"}],"twitter_card":"summary_large_image","schema":{"@context":"https:\/\/schema.org","@graph":[{"@type":"WebPage","@id":"https:\/\/zepestonia.com\/en\/toode\/supasol-hydro-5l-lahusti-rasvaeemalduseks\/","url":"https:\/\/zepestonia.com\/en\/toode\/supasol-hydro-5l-lahusti-rasvaeemalduseks\/","name":"SUPASOL HYDRO 5L - Lahusti rasvaeemalduseks - ZEP Eesti I Puhastusvahendid I E-pood","isPartOf":{"@id":"https:\/\/zepestonia.com\/en\/#website"},"primaryImageOfPage":{"@id":"https:\/\/zepestonia.com\/en\/toode\/supasol-hydro-5l-lahusti-rasvaeemalduseks\/#primaryimage"},"image":{"@id":"https:\/\/zepestonia.com\/en\/toode\/supasol-hydro-5l-lahusti-rasvaeemalduseks\/#primaryimage"},"thumbnailUrl":"https:\/\/zepestonia.com\/wp-content\/uploads\/2023\/03\/SUPASOL-HYDRO.png","datePublished":"2023-03-24T04:16:13+00:00","dateModified":"2025-07-01T00:24:20+00:00","breadcrumb":{"@id":"https:\/\/zepestonia.com\/en\/toode\/supasol-hydro-5l-lahusti-rasvaeemalduseks\/#breadcrumb"},"inLanguage":"en-US","potentialAction":[{"@type":"ReadAction","target":["https:\/\/zepestonia.com\/en\/toode\/supasol-hydro-5l-lahusti-rasvaeemalduseks\/"]}]},{"@type":"ImageObject","inLanguage":"en-US","@id":"https:\/\/zepestonia.com\/en\/toode\/supasol-hydro-5l-lahusti-rasvaeemalduseks\/#primaryimage","url":"https:\/\/zepestonia.com\/wp-content\/uploads\/2023\/03\/SUPASOL-HYDRO.png","contentUrl":"https:\/\/zepestonia.com\/wp-content\/uploads\/2023\/03\/SUPASOL-HYDRO.png","width":400,"height":600,"caption":"SUPASOL-HYDRO"},{"@type":"BreadcrumbList","@id":"https:\/\/zepestonia.com\/en\/toode\/supasol-hydro-5l-lahusti-rasvaeemalduseks\/#breadcrumb","itemListElement":[{"@type":"ListItem","position":1,"name":"Home","item":"https:\/\/zepestonia.com\/en\/"},{"@type":"ListItem","position":2,"name":"Shop","item":"https:\/\/zepestonia.com\/en\/?page_id=4643"},{"@type":"ListItem","position":3,"name":"SUPASOL HYDRO 5L &#8211; Lahusti rasvaeemalduseks"}]},{"@type":"WebSite","@id":"https:\/\/zepestonia.com\/en\/#website","url":"https:\/\/zepestonia.com\/en\/","name":"ZEP Eesti I Puhastusvahendid I E-pood","description":"Pakume puhastus- ja hooldusprobleemidele efektiivseid keskkonnas\u00f5bralikke lahendusi!","publisher":{"@id":"https:\/\/zepestonia.com\/en\/#organization"},"potentialAction":[{"@type":"SearchAction","target":{"@type":"EntryPoint","urlTemplate":"https:\/\/zepestonia.com\/en\/?s={search_term_string}"},"query-input":{"@type":"PropertyValueSpecification","valueRequired":true,"valueName":"search_term_string"}}],"inLanguage":"en-US"},{"@type":"Organization","@id":"https:\/\/zepestonia.com\/en\/#organization","name":"Zep Estonia","url":"https:\/\/zepestonia.com\/en\/","logo":{"@type":"ImageObject","inLanguage":"en-US","@id":"https:\/\/zepestonia.com\/en\/#\/schema\/logo\/image\/","url":"https:\/\/zepestonia.com\/wp-content\/uploads\/2022\/03\/Zep-Logo_png.jpeg","contentUrl":"https:\/\/zepestonia.com\/wp-content\/uploads\/2022\/03\/Zep-Logo_png.jpeg","width":109,"height":70,"caption":"Zep Estonia"},"image":{"@id":"https:\/\/zepestonia.com\/en\/#\/schema\/logo\/image\/"},"sameAs":["https:\/\/www.facebook.com\/ZepEesti"]}]}},"_links":{"self":[{"href":"https:\/\/zepestonia.com\/en\/wp-json\/wp\/v2\/product\/10926","targetHints":{"allow":["GET"]}}],"collection":[{"href":"https:\/\/zepestonia.com\/en\/wp-json\/wp\/v2\/product"}],"about":[{"href":"https:\/\/zepestonia.com\/en\/wp-json\/wp\/v2\/types\/product"}],"replies":[{"embeddable":true,"href":"https:\/\/zepestonia.com\/en\/wp-json\/wp\/v2\/comments?post=10926"}],"version-history":[{"count":2,"href":"https:\/\/zepestonia.com\/en\/wp-json\/wp\/v2\/product\/10926\/revisions"}],"predecessor-version":[{"id":11252,"href":"https:\/\/zepestonia.com\/en\/wp-json\/wp\/v2\/product\/10926\/revisions\/11252"}],"wp:featuredmedia":[{"embeddable":true,"href":"https:\/\/zepestonia.com\/en\/wp-json\/wp\/v2\/media\/10930"}],"wp:attachment":[{"href":"https:\/\/zepestonia.com\/en\/wp-json\/wp\/v2\/media?parent=10926"}],"wp:term":[{"taxonomy":"product_brand","embeddable":true,"href":"https:\/\/zepestonia.com\/en\/wp-json\/wp\/v2\/product_brand?post=10926"},{"taxonomy":"product_cat","embeddable":true,"href":"https:\/\/zepestonia.com\/en\/wp-json\/wp\/v2\/product_cat?post=10926"},{"taxonomy":"product_tag","embeddable":true,"href":"https:\/\/zepestonia.com\/en\/wp-json\/wp\/v2\/product_tag?post=10926"}],"curies":[{"name":"wp","href":"https:\/\/api.w.org\/{rel}","templated":true}]}}