{"id":10707,"date":"2022-12-15T05:21:27","date_gmt":"2022-12-15T05:21:27","guid":{"rendered":"https:\/\/zepestonia.com\/toode\/spillaway-20l-oli-ja-tuleohtlike-reostuste-likvideerimisvahend\/"},"modified":"2025-07-01T00:24:02","modified_gmt":"2025-07-01T00:24:02","slug":"spillaway-20l-oli-ja-tuleohtlike-reostuste-likvideerimisvahend","status":"publish","type":"product","link":"https:\/\/zepestonia.com\/en\/toode\/spillaway-20l-oli-ja-tuleohtlike-reostuste-likvideerimisvahend\/","title":{"rendered":"Spillaway 20L- \u00f5li ja tuleohtlike reostuste likvideerimisvahend"},"content":{"rendered":"<p><span class=\"HwtZe\" lang=\"et\"><strong><span class=\"jCAhz ChMk0b\"><span class=\"ryNqvb\">KASUTAMINE:<\/span><\/span><\/strong><\/span><\/p>\n<ul>\n<li><span class=\"HwtZe\" lang=\"et\"><span class=\"jCAhz ChMk0b\"><span class=\"ryNqvb\">valmistada lahus 1:4-6<\/span><\/span><\/span><\/li>\n<li><span class=\"HwtZe\" lang=\"et\"><span class=\"jCAhz ChMk0b\"><span class=\"ryNqvb\">pihustada pinnale liikudes v\u00e4lisservast siisepoole<\/span><\/span><\/span><\/li>\n<li><span class=\"HwtZe\" lang=\"et\">kulu <span class=\"HwtZe\" lang=\"et\"><span class=\"jCAhz ChMk0b\"><span class=\"ryNqvb\">1L<span class=\"jCAhz\"><span class=\"ryNqvb\"> <\/span><\/span>\/ 2 m\u00b2<\/span><\/span><\/span><\/span><\/li>\n<li><span class=\"HwtZe\" lang=\"et\"><span class=\"HwtZe\" lang=\"et\"><span class=\"jCAhz ChMk0b\"><span class=\"ryNqvb\">h\u00f5\u00f5ru harjaga v\u00f5i survepesuriga, et<\/span><\/span><span class=\"jCAhz\"><span class=\"ryNqvb\"> <\/span><\/span><span class=\"jCAhz ChMk0b\"><span class=\"ryNqvb\">soodustada emulsiooni teket<\/span><\/span><\/span><\/span><\/li>\n<li><span class=\"HwtZe\" lang=\"et\"><span class=\"HwtZe\" lang=\"et\"><span class=\"jCAhz ChMk0b\"><span class=\"ryNqvb\">loputage hoolikalt veega<\/span><\/span><\/span><\/span><\/li>\n<\/ul>\n<p><span class=\"HwtZe\" lang=\"et\">OMADUSED:<\/span><\/p>\n<ul>\n<li>hele vedelik<\/li>\n<li>pesuainel\u00f5hnaline<\/li>\n<li>veega segunev<\/li>\n<li>pH neutraalne<\/li>\n<\/ul>\n","protected":false},"excerpt":{"rendered":"<p>\u00d5li ja tuleohtlike vedelike k\u00f5vadelt pindadelt ning veepinnalt likvideerimise vahend, sobilik mahutite puhastamiseks.<br \/>\nLikvideerib \u00f5lireostuse, k\u00f5rvaldades libisemisohu ning lahustab lahustid ja muud tuleohtlikud vedelikud, muutes need ohutuks.<br \/>\nK\u00f5rge biolagunevus, ohutu keskkonnale, ei ole happeline ega m\u00fcrgine toode.<\/p>\n","protected":false},"featured_media":10705,"comment_status":"closed","ping_status":"closed","template":"","meta":[],"product_brand":[],"product_cat":[204],"product_tag":[],"class_list":{"0":"post-10707","1":"product","2":"type-product","3":"status-publish","4":"has-post-thumbnail","6":"product_cat-keskkond","8":"first","9":"instock","10":"taxable","11":"shipping-taxable","12":"purchasable","13":"product-type-simple"},"yoast_head":"<!-- This site is optimized with the Yoast SEO plugin v26.5 - https:\/\/yoast.com\/wordpress\/plugins\/seo\/ -->\n<title>Spillaway 20L- \u00f5li ja tuleohtlike reostuste likvideerimisvahend - ZEP Eesti I Puhastusvahendid I E-pood<\/title>\n<meta name=\"robots\" content=\"index, follow, max-snippet:-1, max-image-preview:large, max-video-preview:-1\" \/>\n<link rel=\"canonical\" href=\"https:\/\/zepestonia.com\/en\/toode\/spillaway-20l-oli-ja-tuleohtlike-reostuste-likvideerimisvahend\/\" \/>\n<meta property=\"og:locale\" content=\"en_US\" \/>\n<meta property=\"og:type\" content=\"article\" \/>\n<meta property=\"og:title\" content=\"Spillaway 20L- \u00f5li ja tuleohtlike reostuste likvideerimisvahend - ZEP Eesti I Puhastusvahendid I E-pood\" \/>\n<meta property=\"og:description\" content=\"\u00d5li ja tuleohtlike vedelike k\u00f5vadelt pindadelt ning veepinnalt likvideerimise vahend, sobilik mahutite puhastamiseks. Likvideerib \u00f5lireostuse, k\u00f5rvaldades libisemisohu ning lahustab lahustid ja muud tuleohtlikud vedelikud, muutes need ohutuks.  K\u00f5rge biolagunevus, ohutu keskkonnale, ei ole happeline ega m\u00fcrgine toode.\" \/>\n<meta property=\"og:url\" content=\"https:\/\/zepestonia.com\/en\/toode\/spillaway-20l-oli-ja-tuleohtlike-reostuste-likvideerimisvahend\/\" \/>\n<meta property=\"og:site_name\" content=\"ZEP Eesti I Puhastusvahendid I E-pood\" \/>\n<meta property=\"article:publisher\" content=\"https:\/\/www.facebook.com\/ZepEesti\" \/>\n<meta property=\"article:modified_time\" content=\"2025-07-01T00:24:02+00:00\" \/>\n<meta property=\"og:image\" content=\"https:\/\/zepestonia.com\/wp-content\/uploads\/2022\/12\/SPILLAWAY.png\" \/>\n\t<meta property=\"og:image:width\" content=\"200\" \/>\n\t<meta property=\"og:image:height\" content=\"300\" \/>\n\t<meta property=\"og:image:type\" content=\"image\/png\" \/>\n<meta name=\"twitter:card\" content=\"summary_large_image\" \/>\n<meta name=\"twitter:label1\" content=\"Est. reading time\" \/>\n\t<meta name=\"twitter:data1\" content=\"1 minute\" \/>\n<script type=\"application\/ld+json\" class=\"yoast-schema-graph\">{\"@context\":\"https:\/\/schema.org\",\"@graph\":[{\"@type\":\"WebPage\",\"@id\":\"https:\/\/zepestonia.com\/en\/toode\/spillaway-20l-oli-ja-tuleohtlike-reostuste-likvideerimisvahend\/\",\"url\":\"https:\/\/zepestonia.com\/en\/toode\/spillaway-20l-oli-ja-tuleohtlike-reostuste-likvideerimisvahend\/\",\"name\":\"Spillaway 20L- \u00f5li ja tuleohtlike reostuste likvideerimisvahend - ZEP Eesti I Puhastusvahendid I E-pood\",\"isPartOf\":{\"@id\":\"https:\/\/zepestonia.com\/en\/#website\"},\"primaryImageOfPage\":{\"@id\":\"https:\/\/zepestonia.com\/en\/toode\/spillaway-20l-oli-ja-tuleohtlike-reostuste-likvideerimisvahend\/#primaryimage\"},\"image\":{\"@id\":\"https:\/\/zepestonia.com\/en\/toode\/spillaway-20l-oli-ja-tuleohtlike-reostuste-likvideerimisvahend\/#primaryimage\"},\"thumbnailUrl\":\"https:\/\/zepestonia.com\/wp-content\/uploads\/2022\/12\/SPILLAWAY.png\",\"datePublished\":\"2022-12-15T05:21:27+00:00\",\"dateModified\":\"2025-07-01T00:24:02+00:00\",\"breadcrumb\":{\"@id\":\"https:\/\/zepestonia.com\/en\/toode\/spillaway-20l-oli-ja-tuleohtlike-reostuste-likvideerimisvahend\/#breadcrumb\"},\"inLanguage\":\"en-US\",\"potentialAction\":[{\"@type\":\"ReadAction\",\"target\":[\"https:\/\/zepestonia.com\/en\/toode\/spillaway-20l-oli-ja-tuleohtlike-reostuste-likvideerimisvahend\/\"]}]},{\"@type\":\"ImageObject\",\"inLanguage\":\"en-US\",\"@id\":\"https:\/\/zepestonia.com\/en\/toode\/spillaway-20l-oli-ja-tuleohtlike-reostuste-likvideerimisvahend\/#primaryimage\",\"url\":\"https:\/\/zepestonia.com\/wp-content\/uploads\/2022\/12\/SPILLAWAY.png\",\"contentUrl\":\"https:\/\/zepestonia.com\/wp-content\/uploads\/2022\/12\/SPILLAWAY.png\",\"width\":200,\"height\":300,\"caption\":\"SPILLAWAY\"},{\"@type\":\"BreadcrumbList\",\"@id\":\"https:\/\/zepestonia.com\/en\/toode\/spillaway-20l-oli-ja-tuleohtlike-reostuste-likvideerimisvahend\/#breadcrumb\",\"itemListElement\":[{\"@type\":\"ListItem\",\"position\":1,\"name\":\"Home\",\"item\":\"https:\/\/zepestonia.com\/en\/\"},{\"@type\":\"ListItem\",\"position\":2,\"name\":\"Shop\",\"item\":\"https:\/\/zepestonia.com\/en\/?page_id=4643\"},{\"@type\":\"ListItem\",\"position\":3,\"name\":\"Spillaway 20L- \u00f5li ja tuleohtlike reostuste likvideerimisvahend\"}]},{\"@type\":\"WebSite\",\"@id\":\"https:\/\/zepestonia.com\/en\/#website\",\"url\":\"https:\/\/zepestonia.com\/en\/\",\"name\":\"ZEP Eesti I Puhastusvahendid I E-pood\",\"description\":\"Pakume puhastus- ja hooldusprobleemidele efektiivseid keskkonnas\u00f5bralikke lahendusi!\",\"publisher\":{\"@id\":\"https:\/\/zepestonia.com\/en\/#organization\"},\"potentialAction\":[{\"@type\":\"SearchAction\",\"target\":{\"@type\":\"EntryPoint\",\"urlTemplate\":\"https:\/\/zepestonia.com\/en\/?s={search_term_string}\"},\"query-input\":{\"@type\":\"PropertyValueSpecification\",\"valueRequired\":true,\"valueName\":\"search_term_string\"}}],\"inLanguage\":\"en-US\"},{\"@type\":\"Organization\",\"@id\":\"https:\/\/zepestonia.com\/en\/#organization\",\"name\":\"Zep Estonia\",\"url\":\"https:\/\/zepestonia.com\/en\/\",\"logo\":{\"@type\":\"ImageObject\",\"inLanguage\":\"en-US\",\"@id\":\"https:\/\/zepestonia.com\/en\/#\/schema\/logo\/image\/\",\"url\":\"https:\/\/zepestonia.com\/wp-content\/uploads\/2022\/03\/Zep-Logo_png.jpeg\",\"contentUrl\":\"https:\/\/zepestonia.com\/wp-content\/uploads\/2022\/03\/Zep-Logo_png.jpeg\",\"width\":109,\"height\":70,\"caption\":\"Zep Estonia\"},\"image\":{\"@id\":\"https:\/\/zepestonia.com\/en\/#\/schema\/logo\/image\/\"},\"sameAs\":[\"https:\/\/www.facebook.com\/ZepEesti\"]}]}<\/script>\n<!-- \/ Yoast SEO plugin. -->","yoast_head_json":{"title":"Spillaway 20L- \u00f5li ja tuleohtlike reostuste likvideerimisvahend - ZEP Eesti I Puhastusvahendid I E-pood","robots":{"index":"index","follow":"follow","max-snippet":"max-snippet:-1","max-image-preview":"max-image-preview:large","max-video-preview":"max-video-preview:-1"},"canonical":"https:\/\/zepestonia.com\/en\/toode\/spillaway-20l-oli-ja-tuleohtlike-reostuste-likvideerimisvahend\/","og_locale":"en_US","og_type":"article","og_title":"Spillaway 20L- \u00f5li ja tuleohtlike reostuste likvideerimisvahend - ZEP Eesti I Puhastusvahendid I E-pood","og_description":"\u00d5li ja tuleohtlike vedelike k\u00f5vadelt pindadelt ning veepinnalt likvideerimise vahend, sobilik mahutite puhastamiseks. Likvideerib \u00f5lireostuse, k\u00f5rvaldades libisemisohu ning lahustab lahustid ja muud tuleohtlikud vedelikud, muutes need ohutuks.  K\u00f5rge biolagunevus, ohutu keskkonnale, ei ole happeline ega m\u00fcrgine toode.","og_url":"https:\/\/zepestonia.com\/en\/toode\/spillaway-20l-oli-ja-tuleohtlike-reostuste-likvideerimisvahend\/","og_site_name":"ZEP Eesti I Puhastusvahendid I E-pood","article_publisher":"https:\/\/www.facebook.com\/ZepEesti","article_modified_time":"2025-07-01T00:24:02+00:00","og_image":[{"width":200,"height":300,"url":"https:\/\/zepestonia.com\/wp-content\/uploads\/2022\/12\/SPILLAWAY.png","type":"image\/png"}],"twitter_card":"summary_large_image","twitter_misc":{"Est. reading time":"1 minute"},"schema":{"@context":"https:\/\/schema.org","@graph":[{"@type":"WebPage","@id":"https:\/\/zepestonia.com\/en\/toode\/spillaway-20l-oli-ja-tuleohtlike-reostuste-likvideerimisvahend\/","url":"https:\/\/zepestonia.com\/en\/toode\/spillaway-20l-oli-ja-tuleohtlike-reostuste-likvideerimisvahend\/","name":"Spillaway 20L- \u00f5li ja tuleohtlike reostuste likvideerimisvahend - ZEP Eesti I Puhastusvahendid I E-pood","isPartOf":{"@id":"https:\/\/zepestonia.com\/en\/#website"},"primaryImageOfPage":{"@id":"https:\/\/zepestonia.com\/en\/toode\/spillaway-20l-oli-ja-tuleohtlike-reostuste-likvideerimisvahend\/#primaryimage"},"image":{"@id":"https:\/\/zepestonia.com\/en\/toode\/spillaway-20l-oli-ja-tuleohtlike-reostuste-likvideerimisvahend\/#primaryimage"},"thumbnailUrl":"https:\/\/zepestonia.com\/wp-content\/uploads\/2022\/12\/SPILLAWAY.png","datePublished":"2022-12-15T05:21:27+00:00","dateModified":"2025-07-01T00:24:02+00:00","breadcrumb":{"@id":"https:\/\/zepestonia.com\/en\/toode\/spillaway-20l-oli-ja-tuleohtlike-reostuste-likvideerimisvahend\/#breadcrumb"},"inLanguage":"en-US","potentialAction":[{"@type":"ReadAction","target":["https:\/\/zepestonia.com\/en\/toode\/spillaway-20l-oli-ja-tuleohtlike-reostuste-likvideerimisvahend\/"]}]},{"@type":"ImageObject","inLanguage":"en-US","@id":"https:\/\/zepestonia.com\/en\/toode\/spillaway-20l-oli-ja-tuleohtlike-reostuste-likvideerimisvahend\/#primaryimage","url":"https:\/\/zepestonia.com\/wp-content\/uploads\/2022\/12\/SPILLAWAY.png","contentUrl":"https:\/\/zepestonia.com\/wp-content\/uploads\/2022\/12\/SPILLAWAY.png","width":200,"height":300,"caption":"SPILLAWAY"},{"@type":"BreadcrumbList","@id":"https:\/\/zepestonia.com\/en\/toode\/spillaway-20l-oli-ja-tuleohtlike-reostuste-likvideerimisvahend\/#breadcrumb","itemListElement":[{"@type":"ListItem","position":1,"name":"Home","item":"https:\/\/zepestonia.com\/en\/"},{"@type":"ListItem","position":2,"name":"Shop","item":"https:\/\/zepestonia.com\/en\/?page_id=4643"},{"@type":"ListItem","position":3,"name":"Spillaway 20L- \u00f5li ja tuleohtlike reostuste likvideerimisvahend"}]},{"@type":"WebSite","@id":"https:\/\/zepestonia.com\/en\/#website","url":"https:\/\/zepestonia.com\/en\/","name":"ZEP Eesti I Puhastusvahendid I E-pood","description":"Pakume puhastus- ja hooldusprobleemidele efektiivseid keskkonnas\u00f5bralikke lahendusi!","publisher":{"@id":"https:\/\/zepestonia.com\/en\/#organization"},"potentialAction":[{"@type":"SearchAction","target":{"@type":"EntryPoint","urlTemplate":"https:\/\/zepestonia.com\/en\/?s={search_term_string}"},"query-input":{"@type":"PropertyValueSpecification","valueRequired":true,"valueName":"search_term_string"}}],"inLanguage":"en-US"},{"@type":"Organization","@id":"https:\/\/zepestonia.com\/en\/#organization","name":"Zep Estonia","url":"https:\/\/zepestonia.com\/en\/","logo":{"@type":"ImageObject","inLanguage":"en-US","@id":"https:\/\/zepestonia.com\/en\/#\/schema\/logo\/image\/","url":"https:\/\/zepestonia.com\/wp-content\/uploads\/2022\/03\/Zep-Logo_png.jpeg","contentUrl":"https:\/\/zepestonia.com\/wp-content\/uploads\/2022\/03\/Zep-Logo_png.jpeg","width":109,"height":70,"caption":"Zep Estonia"},"image":{"@id":"https:\/\/zepestonia.com\/en\/#\/schema\/logo\/image\/"},"sameAs":["https:\/\/www.facebook.com\/ZepEesti"]}]}},"_links":{"self":[{"href":"https:\/\/zepestonia.com\/en\/wp-json\/wp\/v2\/product\/10707","targetHints":{"allow":["GET"]}}],"collection":[{"href":"https:\/\/zepestonia.com\/en\/wp-json\/wp\/v2\/product"}],"about":[{"href":"https:\/\/zepestonia.com\/en\/wp-json\/wp\/v2\/types\/product"}],"replies":[{"embeddable":true,"href":"https:\/\/zepestonia.com\/en\/wp-json\/wp\/v2\/comments?post=10707"}],"version-history":[{"count":4,"href":"https:\/\/zepestonia.com\/en\/wp-json\/wp\/v2\/product\/10707\/revisions"}],"predecessor-version":[{"id":12512,"href":"https:\/\/zepestonia.com\/en\/wp-json\/wp\/v2\/product\/10707\/revisions\/12512"}],"wp:featuredmedia":[{"embeddable":true,"href":"https:\/\/zepestonia.com\/en\/wp-json\/wp\/v2\/media\/10705"}],"wp:attachment":[{"href":"https:\/\/zepestonia.com\/en\/wp-json\/wp\/v2\/media?parent=10707"}],"wp:term":[{"taxonomy":"product_brand","embeddable":true,"href":"https:\/\/zepestonia.com\/en\/wp-json\/wp\/v2\/product_brand?post=10707"},{"taxonomy":"product_cat","embeddable":true,"href":"https:\/\/zepestonia.com\/en\/wp-json\/wp\/v2\/product_cat?post=10707"},{"taxonomy":"product_tag","embeddable":true,"href":"https:\/\/zepestonia.com\/en\/wp-json\/wp\/v2\/product_tag?post=10707"}],"curies":[{"name":"wp","href":"https:\/\/api.w.org\/{rel}","templated":true}]}}