{"id":10703,"date":"2022-12-15T03:23:30","date_gmt":"2022-12-15T03:23:30","guid":{"rendered":"https:\/\/zepestonia.com\/toode\/tm-smart-gel-puhtuse-kontroll-toiduainetetoostusele\/"},"modified":"2025-07-01T00:24:33","modified_gmt":"2025-07-01T00:24:33","slug":"tm-smart-gel-puhtuse-kontroll-toiduainetetoostusele","status":"publish","type":"product","link":"https:\/\/zepestonia.com\/en\/toode\/tm-smart-gel-puhtuse-kontroll-toiduainetetoostusele\/","title":{"rendered":"TM Smart Gel*  &#8211; puhtuse kontroll toiduainetet\u00f6\u00f6stusele"},"content":{"rendered":"<p><span class=\"HwtZe\" lang=\"et\"><strong><em><span class=\"jCAhz ChMk0b\"><span class=\"ryNqvb\">EELISED<\/span><\/span><\/em><\/strong><span class=\"jCAhz\"><span class=\"ryNqvb\"><strong><em>:<\/em><\/strong><\/span><\/span><\/span><\/p>\n<ul>\n<li><span class=\"HwtZe\" lang=\"et\"><span class=\"jCAhz ChMk0b\"><span class=\"ryNqvb\">\u00d6konoomne suuremahuliseks kasutamiseks.<\/span><\/span> <span class=\"jCAhz ChMk0b\"><span class=\"ryNqvb\">Toetab ettevalmistust\u00f6\u00f6d HACCP ja<\/span><\/span><span class=\"jCAhz\"><span class=\"ryNqvb\"> <\/span><\/span><span class=\"jCAhz ChMk0b\"><span class=\"ryNqvb\">IFS-i auditid.<\/span><\/span> <\/span><\/li>\n<li><span class=\"HwtZe\" lang=\"et\"><span class=\"jCAhz ChMk0b\"><span class=\"ryNqvb\">Kinnitab puhastusprotsessi ja muudab selle parandamise lihtsaks \u2013 ilma<\/span><\/span><span class=\"jCAhz\"><span class=\"ryNqvb\"> <\/span><\/span><span class=\"jCAhz ChMk0b\"><span class=\"ryNqvb\">aja kaotus.<\/span><\/span> <\/span><\/li>\n<li><span class=\"HwtZe\" lang=\"et\"><span class=\"jCAhz ChMk0b\"><span class=\"ryNqvb\">Lihtne kasutada.<\/span><\/span> <\/span><\/li>\n<li><span class=\"HwtZe\" lang=\"et\"><span class=\"jCAhz ChMk0b\"><span class=\"ryNqvb\">Selle kasutamiseks pole vaja koolitust ega erivarustust.<\/span><\/span><span class=\"jCAhz\"><span class=\"ryNqvb\"> <\/span><\/span><\/span><\/li>\n<\/ul>\n<p><span class=\"HwtZe\" lang=\"et\"><strong><span class=\"jCAhz ChMk0b\"><span class=\"ryNqvb\">JUHISED:<\/span><\/span><span class=\"jCAhz\"><span class=\"ryNqvb\"> <\/span><\/span><\/strong><\/span><\/p>\n<ol>\n<li><span class=\"HwtZe\" lang=\"et\"><span class=\"jCAhz ChMk0b\"><span class=\"ryNqvb\">Puhastage pinnad nagu tavaliselt ja loputage P\u00d5HJALIKULT.<\/span><\/span><span class=\"jCAhz\"><span class=\"ryNqvb\"> <\/span><\/span><span class=\"jCAhz ChMk0b\"><span class=\"ryNqvb\">Kandke kaitsekindaid ja kaitseprille.<\/span><\/span><span class=\"jCAhz\"><span class=\"ryNqvb\"> <\/span><\/span><\/span><\/li>\n<li><span class=\"HwtZe\" lang=\"et\"><span class=\"jCAhz ChMk0b\"><span class=\"ryNqvb\">Lisa KOMPONENT B t\u00e4ielikult KOMPONENDile A ja keerake kinni<\/span><\/span><span class=\"jCAhz\"><span class=\"ryNqvb\"> <\/span><\/span><span class=\"jCAhz ChMk0b\"><span class=\"ryNqvb\">pihustuspea peale.<\/span><\/span> <span class=\"jCAhz ChMk0b\"><span class=\"ryNqvb\">Loksutage pudelit 3\u20135 korda, geel peaks olema a<\/span><\/span><span class=\"jCAhz\"><span class=\"ryNqvb\"> <\/span><\/span><span class=\"jCAhz ChMk0b\"><span class=\"ryNqvb\">neil on \u00fchtlane lilla v\u00e4rv.<\/span><\/span> <span class=\"jCAhz ChMk0b\"><span class=\"ryNqvb\">S\u00fcstige esimene geelijuga<\/span><\/span><span class=\"jCAhz\"><span class=\"ryNqvb\"> <\/span><\/span><span class=\"jCAhz ChMk0b\"><span class=\"ryNqvb\">\u00e4ravoolu, kuna pihustustorus olev geel v\u00f5ib olla v\u00e4rvi muutnud<\/span><\/span><span class=\"jCAhz\"><span class=\"ryNqvb\"> <\/span><\/span><span class=\"jCAhz ChMk0b\"><span class=\"ryNqvb\">muutunud.<\/span><\/span><span class=\"jCAhz\"><span class=\"ryNqvb\"> <\/span><\/span><\/span><\/li>\n<li><span class=\"HwtZe\" lang=\"et\"><span class=\"jCAhz ChMk0b\"><span class=\"ryNqvb\">Kandke segu umbes 30 cm kauguselt alt \u00fcles<\/span><\/span><span class=\"jCAhz\"><span class=\"ryNqvb\"> <\/span><\/span><span class=\"jCAhz ChMk0b\"><span class=\"ryNqvb\">vahemaa.<\/span><\/span> <span class=\"jCAhz ChMk0b\"><span class=\"ryNqvb\">Mida paksem on kiht, seda selgem on v\u00e4rvimuutus<\/span><\/span><span class=\"jCAhz\"><span class=\"ryNqvb\"> <\/span><\/span><span class=\"jCAhz ChMk0b\"><span class=\"ryNqvb\">on j\u00e4lgitav.<\/span><\/span><span class=\"jCAhz\"><span class=\"ryNqvb\"> <\/span><\/span><\/span><\/li>\n<li><span class=\"HwtZe\" lang=\"et\"><span class=\"jCAhz ChMk0b\"><span class=\"ryNqvb\">TM SMART GEL n\u00e4itab tugevat m\u00e4\u00e4rdumist juba m\u00f5ne sekundi p\u00e4rast<\/span><\/span><span class=\"jCAhz\"><span class=\"ryNqvb\"> <\/span><\/span><span class=\"jCAhz ChMk0b\"><span class=\"ryNqvb\">rohelise v\u00e4rvi abil.<\/span><\/span> <span class=\"jCAhz ChMk0b\"><span class=\"ryNqvb\">Kergemad saasteained<\/span><\/span><span class=\"jCAhz\"><span class=\"ryNqvb\"> <\/span><\/span><span class=\"jCAhz ChMk0b\"><span class=\"ryNqvb\">n\u00e4htav p\u00e4rast pikemat kokkupuuteaega.<\/span><\/span><span class=\"jCAhz\"><span class=\"ryNqvb\"> <\/span><\/span><\/span><\/li>\n<li><span class=\"HwtZe\" lang=\"et\"><span class=\"jCAhz ChMk0b\"><span class=\"ryNqvb\">N\u00d5UANNE. Kui v\u00e4rvi ei saa selgelt m\u00e4\u00e4rata, p\u00fchkige see \u00e4ra<\/span><\/span><span class=\"jCAhz\"><span class=\"ryNqvb\"> <\/span><\/span><span class=\"jCAhz ChMk0b\"><span class=\"ryNqvb\">pind valge, vastupidava \u00fchekordse lapiga &#8211; v\u00e4rvi<\/span><\/span><span class=\"jCAhz\"><span class=\"ryNqvb\"> <\/span><\/span><span class=\"jCAhz ChMk0b\"><span class=\"ryNqvb\">kestab olenevalt materjalist 3 kuni 5 sekundit.<\/span><\/span><span class=\"jCAhz\"><span class=\"ryNqvb\"> <\/span><\/span><\/span><\/li>\n<li><span class=\"HwtZe\" lang=\"et\"><span class=\"jCAhz ChMk0b\"><span class=\"ryNqvb\">V\u00f5imalusel loputage kohe, kuid mitte hiljem kui k\u00fcmne minuti jooksul<\/span><\/span><span class=\"jCAhz\"><span class=\"ryNqvb\"> <\/span><\/span><span class=\"jCAhz ChMk0b\"><span class=\"ryNqvb\">p\u00e4rast pealekandmist loputage hoolikalt leige veega m\u00f5\u00f5duka<\/span><\/span><span class=\"jCAhz\"><span class=\"ryNqvb\"> <\/span><\/span><span class=\"jCAhz ChMk0b\"><span class=\"ryNqvb\">survet.<\/span><\/span><span class=\"jCAhz\"><span class=\"ryNqvb\"> <\/span><\/span><\/span><\/li>\n<li><span class=\"HwtZe\" lang=\"et\"><span class=\"jCAhz ChMk0b\"><span class=\"ryNqvb\">P\u00fchkige pind \u00fchekordselt kasutatava lapiga.<\/span><\/span><span class=\"jCAhz\"><span class=\"ryNqvb\"> <\/span><\/span><\/span><\/li>\n<\/ol>\n<p>\n<strong><em><span class=\"jCAhz ChMk0b\"><span class=\"ryNqvb\">\u00dcHILDAVUS:<\/span><\/span><span class=\"jCAhz\"><span class=\"ryNqvb\"> <\/span><\/span><\/em><\/strong><\/p>\n<ul>\n<li><span class=\"jCAhz ChMk0b\"><span class=\"ryNqvb\">Keraamilised plaadid, plastik ja roostevaba teras ning tihendid<\/span><\/span><span class=\"jCAhz\"><span class=\"ryNqvb\"> <\/span><\/span><span class=\"jCAhz ChMk0b\"><span class=\"ryNqvb\">EPDM, FKM, HNBR ja VNQ.<\/span><\/span><\/li>\n<li><span class=\"jCAhz ChMk0b\"><span class=\"ryNqvb\">M\u00e4rkus: ei ole vase suhtes vastupidav,<\/span><\/span><span class=\"jCAhz\"><span class=\"ryNqvb\"> <\/span><\/span><span class=\"jCAhz ChMk0b\"><span class=\"ryNqvb\">alumiinium, tsingitud pinnad ja kummitihendid.<\/span><\/span><\/li>\n<\/ul>\n<p><span class=\"HwtZe\" lang=\"et\"><strong><span class=\"jCAhz ChMk0b\"><span class=\"ryNqvb\">SPETSIFIKATSIOON: (KOMPONENDID A JA B)<\/span><\/span><\/strong><\/span><\/p>\n<ul>\n<li><span class=\"HwtZe\" lang=\"et\"><span class=\"jCAhz ChMk0b\"><span class=\"ryNqvb\">V\u00e4rv &#8211;&nbsp; lilla<\/span><\/span><\/span><\/li>\n<li><span class=\"HwtZe\" lang=\"et\"><span class=\"jCAhz ChMk0b\"><span class=\"ryNqvb\">Kasutustemperatuur &#8211; 10-30 \u00b0C (mitte kasutada kuumal<\/span><\/span><span class=\"jCAhz\"><span class=\"ryNqvb\">&nbsp;<\/span><\/span><span class=\"jCAhz ChMk0b\"><span class=\"ryNqvb\"> pinnad!)<\/span><\/span><span class=\"jCAhz\"><span class=\"ryNqvb\"> <\/span><\/span><\/span><\/li>\n<li><span class=\"HwtZe\" lang=\"et\"><span class=\"jCAhz ChMk0b\"><span class=\"ryNqvb\">pH &#8211; 12,5 &#8211; 13<\/span><\/span><span class=\"jCAhz\"><span class=\"ryNqvb\"> <\/span><\/span><\/span><\/li>\n<li><span class=\"HwtZe\" lang=\"et\"><span class=\"jCAhz ChMk0b\"><span class=\"ryNqvb\">Vahemik &#8211;&nbsp; \u00b1 1,5 m2<\/span><\/span><span class=\"jCAhz\"><span class=\"ryNqvb\"> <\/span><\/span><\/span><\/li>\n<li><span class=\"HwtZe\" lang=\"et\"><span class=\"jCAhz ChMk0b\"><span class=\"ryNqvb\">2&#215;500 ml pihustuspudelis komponent A- 0,5 kg<\/span><\/span><span class=\"jCAhz\"><span class=\"ryNqvb\">&nbsp;<\/span><\/span><\/span><\/li>\n<li><span class=\"HwtZe\" lang=\"et\"><span class=\"jCAhz ChMk0b\"><span class=\"ryNqvb\">Komponent B: 2&#215;25 ml<\/span><\/span><span class=\"jCAhz\"><span class=\"ryNqvb\"> <\/span><\/span><\/span><\/li>\n<li><span class=\"HwtZe\" lang=\"et\"><span class=\"jCAhz ChMk0b\"><span class=\"ryNqvb\">K\u00f5lblikkusaeg v\u00e4hemalt 1 n\u00e4dal<\/span><\/span><span class=\"jCAhz\"><span class=\"ryNqvb\"> <\/span><\/span><\/span><\/li>\n<li><span class=\"HwtZe\" lang=\"et\"><span class=\"jCAhz ChMk0b\"><span class=\"ryNqvb\">S\u00e4ilitustemperatuur&nbsp; 1- 25\u00b0C (soovitavalt jahedas), mitte<\/span><\/span><span class=\"jCAhz\"><span class=\"ryNqvb\"> <\/span><\/span><span class=\"jCAhz ChMk0b\"><span class=\"ryNqvb\">lasta k\u00fclmuda.<\/span><\/span><span class=\"jCAhz\"><span class=\"ryNqvb\"> <\/span><\/span><\/span><\/li>\n<li><span class=\"HwtZe\" lang=\"et\"><span class=\"jCAhz ChMk0b\"><span class=\"ryNqvb\">Koostis : Geel + 1% NaOH, PST komponent.<\/span><\/span><\/span><\/li>\n<\/ul>\n<p>&nbsp; &nbsp; &nbsp;&nbsp; <a href=\"https:\/\/www.youtube.com\/watch?v=f_qE-KFPp0E\">Video: <\/a><\/p>\n","protected":false},"excerpt":{"rendered":"<p>P\u00f5hineb patenteeritud ja t\u00f6\u00f6stusharu tunnustatud tipptasemel persulfaaditehnoloogial.<br \/>\nN\u00e4itab tulemusi 60 sekundi jooksul: LILLA on puhas, ROHELINE on m\u00e4\u00e4rdunud ja KOLLANE on v\u00e4ga m\u00e4\u00e4rdunud.<br \/>\nRoheline tehnoloogia<br \/>\nToode reageerib K\u00d5IKI orgaanilise aine saastumisega: toiduj\u00e4\u00e4kidega nagu<br \/>\nvalgud, rasvad, suhkrud, l\u00f5hna- ja maitseained, fenoolsed \u00fchendid, oksalaadid ja mikroorganismid; samal ajal<br \/>\nenamik kiirteste piirdub gl\u00fckoosi, laktoosi v\u00f5i ATP valkude spetsiifilise tuvastamisega<br \/>\nmikroorganismidest. Mittetoksiline, ei tekita keskkonnale kahjulikke heitmeid.<\/p>\n","protected":false},"featured_media":10701,"comment_status":"closed","ping_status":"closed","template":"","meta":[],"product_brand":[],"product_cat":[216],"product_tag":[],"class_list":{"0":"post-10703","1":"product","2":"type-product","3":"status-publish","4":"has-post-thumbnail","6":"product_cat-igapaevane-puhastus","8":"first","9":"instock","10":"taxable","11":"shipping-taxable","12":"purchasable","13":"product-type-simple"},"yoast_head":"<!-- This site is optimized with the Yoast SEO plugin v26.5 - https:\/\/yoast.com\/wordpress\/plugins\/seo\/ -->\n<title>TM Smart Gel* - puhtuse kontroll toiduainetet\u00f6\u00f6stusele - ZEP Eesti I Puhastusvahendid I E-pood<\/title>\n<meta name=\"robots\" content=\"index, follow, max-snippet:-1, max-image-preview:large, max-video-preview:-1\" \/>\n<link rel=\"canonical\" href=\"https:\/\/zepestonia.com\/en\/toode\/tm-smart-gel-puhtuse-kontroll-toiduainetetoostusele\/\" \/>\n<meta property=\"og:locale\" content=\"en_US\" \/>\n<meta property=\"og:type\" content=\"article\" \/>\n<meta property=\"og:title\" content=\"TM Smart Gel* - puhtuse kontroll toiduainetet\u00f6\u00f6stusele - ZEP Eesti I Puhastusvahendid I E-pood\" \/>\n<meta property=\"og:description\" content=\"P\u00f5hineb patenteeritud ja t\u00f6\u00f6stusharu tunnustatud tipptasemel persulfaaditehnoloogial. N\u00e4itab tulemusi 60 sekundi jooksul: LILLA on puhas, ROHELINE on m\u00e4\u00e4rdunud ja KOLLANE on v\u00e4ga m\u00e4\u00e4rdunud. Roheline tehnoloogia Toode reageerib K\u00d5IKI orgaanilise aine saastumisega: toiduj\u00e4\u00e4kidega nagu valgud, rasvad, suhkrud, l\u00f5hna- ja maitseained, fenoolsed \u00fchendid, oksalaadid ja mikroorganismid; samal ajal enamik kiirteste piirdub gl\u00fckoosi, laktoosi v\u00f5i ATP valkude spetsiifilise tuvastamisega mikroorganismidest. Mittetoksiline, ei tekita keskkonnale kahjulikke heitmeid.\" \/>\n<meta property=\"og:url\" content=\"https:\/\/zepestonia.com\/en\/toode\/tm-smart-gel-puhtuse-kontroll-toiduainetetoostusele\/\" \/>\n<meta property=\"og:site_name\" content=\"ZEP Eesti I Puhastusvahendid I E-pood\" \/>\n<meta property=\"article:publisher\" content=\"https:\/\/www.facebook.com\/ZepEesti\" \/>\n<meta property=\"article:modified_time\" content=\"2025-07-01T00:24:33+00:00\" \/>\n<meta property=\"og:image\" content=\"https:\/\/zepestonia.com\/wp-content\/uploads\/2022\/12\/TM-Smart-Gel.png\" \/>\n\t<meta property=\"og:image:width\" content=\"200\" \/>\n\t<meta property=\"og:image:height\" content=\"300\" \/>\n\t<meta property=\"og:image:type\" content=\"image\/png\" \/>\n<meta name=\"twitter:card\" content=\"summary_large_image\" \/>\n<meta name=\"twitter:label1\" content=\"Est. reading time\" \/>\n\t<meta name=\"twitter:data1\" content=\"1 minute\" \/>\n<script type=\"application\/ld+json\" class=\"yoast-schema-graph\">{\"@context\":\"https:\/\/schema.org\",\"@graph\":[{\"@type\":\"WebPage\",\"@id\":\"https:\/\/zepestonia.com\/en\/toode\/tm-smart-gel-puhtuse-kontroll-toiduainetetoostusele\/\",\"url\":\"https:\/\/zepestonia.com\/en\/toode\/tm-smart-gel-puhtuse-kontroll-toiduainetetoostusele\/\",\"name\":\"TM Smart Gel* - puhtuse kontroll toiduainetet\u00f6\u00f6stusele - ZEP Eesti I Puhastusvahendid I E-pood\",\"isPartOf\":{\"@id\":\"https:\/\/zepestonia.com\/en\/#website\"},\"primaryImageOfPage\":{\"@id\":\"https:\/\/zepestonia.com\/en\/toode\/tm-smart-gel-puhtuse-kontroll-toiduainetetoostusele\/#primaryimage\"},\"image\":{\"@id\":\"https:\/\/zepestonia.com\/en\/toode\/tm-smart-gel-puhtuse-kontroll-toiduainetetoostusele\/#primaryimage\"},\"thumbnailUrl\":\"https:\/\/zepestonia.com\/wp-content\/uploads\/2022\/12\/TM-Smart-Gel.png\",\"datePublished\":\"2022-12-15T03:23:30+00:00\",\"dateModified\":\"2025-07-01T00:24:33+00:00\",\"breadcrumb\":{\"@id\":\"https:\/\/zepestonia.com\/en\/toode\/tm-smart-gel-puhtuse-kontroll-toiduainetetoostusele\/#breadcrumb\"},\"inLanguage\":\"en-US\",\"potentialAction\":[{\"@type\":\"ReadAction\",\"target\":[\"https:\/\/zepestonia.com\/en\/toode\/tm-smart-gel-puhtuse-kontroll-toiduainetetoostusele\/\"]}]},{\"@type\":\"ImageObject\",\"inLanguage\":\"en-US\",\"@id\":\"https:\/\/zepestonia.com\/en\/toode\/tm-smart-gel-puhtuse-kontroll-toiduainetetoostusele\/#primaryimage\",\"url\":\"https:\/\/zepestonia.com\/wp-content\/uploads\/2022\/12\/TM-Smart-Gel.png\",\"contentUrl\":\"https:\/\/zepestonia.com\/wp-content\/uploads\/2022\/12\/TM-Smart-Gel.png\",\"width\":200,\"height\":300,\"caption\":\"TM-Smart-Gel\"},{\"@type\":\"BreadcrumbList\",\"@id\":\"https:\/\/zepestonia.com\/en\/toode\/tm-smart-gel-puhtuse-kontroll-toiduainetetoostusele\/#breadcrumb\",\"itemListElement\":[{\"@type\":\"ListItem\",\"position\":1,\"name\":\"Home\",\"item\":\"https:\/\/zepestonia.com\/en\/\"},{\"@type\":\"ListItem\",\"position\":2,\"name\":\"Shop\",\"item\":\"https:\/\/zepestonia.com\/en\/?page_id=4643\"},{\"@type\":\"ListItem\",\"position\":3,\"name\":\"TM Smart Gel* &#8211; puhtuse kontroll toiduainetet\u00f6\u00f6stusele\"}]},{\"@type\":\"WebSite\",\"@id\":\"https:\/\/zepestonia.com\/en\/#website\",\"url\":\"https:\/\/zepestonia.com\/en\/\",\"name\":\"ZEP Eesti I Puhastusvahendid I E-pood\",\"description\":\"Pakume puhastus- ja hooldusprobleemidele efektiivseid keskkonnas\u00f5bralikke lahendusi!\",\"publisher\":{\"@id\":\"https:\/\/zepestonia.com\/en\/#organization\"},\"potentialAction\":[{\"@type\":\"SearchAction\",\"target\":{\"@type\":\"EntryPoint\",\"urlTemplate\":\"https:\/\/zepestonia.com\/en\/?s={search_term_string}\"},\"query-input\":{\"@type\":\"PropertyValueSpecification\",\"valueRequired\":true,\"valueName\":\"search_term_string\"}}],\"inLanguage\":\"en-US\"},{\"@type\":\"Organization\",\"@id\":\"https:\/\/zepestonia.com\/en\/#organization\",\"name\":\"Zep Estonia\",\"url\":\"https:\/\/zepestonia.com\/en\/\",\"logo\":{\"@type\":\"ImageObject\",\"inLanguage\":\"en-US\",\"@id\":\"https:\/\/zepestonia.com\/en\/#\/schema\/logo\/image\/\",\"url\":\"https:\/\/zepestonia.com\/wp-content\/uploads\/2022\/03\/Zep-Logo_png.jpeg\",\"contentUrl\":\"https:\/\/zepestonia.com\/wp-content\/uploads\/2022\/03\/Zep-Logo_png.jpeg\",\"width\":109,\"height\":70,\"caption\":\"Zep Estonia\"},\"image\":{\"@id\":\"https:\/\/zepestonia.com\/en\/#\/schema\/logo\/image\/\"},\"sameAs\":[\"https:\/\/www.facebook.com\/ZepEesti\"]}]}<\/script>\n<!-- \/ Yoast SEO plugin. -->","yoast_head_json":{"title":"TM Smart Gel* - puhtuse kontroll toiduainetet\u00f6\u00f6stusele - ZEP Eesti I Puhastusvahendid I E-pood","robots":{"index":"index","follow":"follow","max-snippet":"max-snippet:-1","max-image-preview":"max-image-preview:large","max-video-preview":"max-video-preview:-1"},"canonical":"https:\/\/zepestonia.com\/en\/toode\/tm-smart-gel-puhtuse-kontroll-toiduainetetoostusele\/","og_locale":"en_US","og_type":"article","og_title":"TM Smart Gel* - puhtuse kontroll toiduainetet\u00f6\u00f6stusele - ZEP Eesti I Puhastusvahendid I E-pood","og_description":"P\u00f5hineb patenteeritud ja t\u00f6\u00f6stusharu tunnustatud tipptasemel persulfaaditehnoloogial. N\u00e4itab tulemusi 60 sekundi jooksul: LILLA on puhas, ROHELINE on m\u00e4\u00e4rdunud ja KOLLANE on v\u00e4ga m\u00e4\u00e4rdunud. Roheline tehnoloogia Toode reageerib K\u00d5IKI orgaanilise aine saastumisega: toiduj\u00e4\u00e4kidega nagu valgud, rasvad, suhkrud, l\u00f5hna- ja maitseained, fenoolsed \u00fchendid, oksalaadid ja mikroorganismid; samal ajal enamik kiirteste piirdub gl\u00fckoosi, laktoosi v\u00f5i ATP valkude spetsiifilise tuvastamisega mikroorganismidest. Mittetoksiline, ei tekita keskkonnale kahjulikke heitmeid.","og_url":"https:\/\/zepestonia.com\/en\/toode\/tm-smart-gel-puhtuse-kontroll-toiduainetetoostusele\/","og_site_name":"ZEP Eesti I Puhastusvahendid I E-pood","article_publisher":"https:\/\/www.facebook.com\/ZepEesti","article_modified_time":"2025-07-01T00:24:33+00:00","og_image":[{"width":200,"height":300,"url":"https:\/\/zepestonia.com\/wp-content\/uploads\/2022\/12\/TM-Smart-Gel.png","type":"image\/png"}],"twitter_card":"summary_large_image","twitter_misc":{"Est. reading time":"1 minute"},"schema":{"@context":"https:\/\/schema.org","@graph":[{"@type":"WebPage","@id":"https:\/\/zepestonia.com\/en\/toode\/tm-smart-gel-puhtuse-kontroll-toiduainetetoostusele\/","url":"https:\/\/zepestonia.com\/en\/toode\/tm-smart-gel-puhtuse-kontroll-toiduainetetoostusele\/","name":"TM Smart Gel* - puhtuse kontroll toiduainetet\u00f6\u00f6stusele - ZEP Eesti I Puhastusvahendid I E-pood","isPartOf":{"@id":"https:\/\/zepestonia.com\/en\/#website"},"primaryImageOfPage":{"@id":"https:\/\/zepestonia.com\/en\/toode\/tm-smart-gel-puhtuse-kontroll-toiduainetetoostusele\/#primaryimage"},"image":{"@id":"https:\/\/zepestonia.com\/en\/toode\/tm-smart-gel-puhtuse-kontroll-toiduainetetoostusele\/#primaryimage"},"thumbnailUrl":"https:\/\/zepestonia.com\/wp-content\/uploads\/2022\/12\/TM-Smart-Gel.png","datePublished":"2022-12-15T03:23:30+00:00","dateModified":"2025-07-01T00:24:33+00:00","breadcrumb":{"@id":"https:\/\/zepestonia.com\/en\/toode\/tm-smart-gel-puhtuse-kontroll-toiduainetetoostusele\/#breadcrumb"},"inLanguage":"en-US","potentialAction":[{"@type":"ReadAction","target":["https:\/\/zepestonia.com\/en\/toode\/tm-smart-gel-puhtuse-kontroll-toiduainetetoostusele\/"]}]},{"@type":"ImageObject","inLanguage":"en-US","@id":"https:\/\/zepestonia.com\/en\/toode\/tm-smart-gel-puhtuse-kontroll-toiduainetetoostusele\/#primaryimage","url":"https:\/\/zepestonia.com\/wp-content\/uploads\/2022\/12\/TM-Smart-Gel.png","contentUrl":"https:\/\/zepestonia.com\/wp-content\/uploads\/2022\/12\/TM-Smart-Gel.png","width":200,"height":300,"caption":"TM-Smart-Gel"},{"@type":"BreadcrumbList","@id":"https:\/\/zepestonia.com\/en\/toode\/tm-smart-gel-puhtuse-kontroll-toiduainetetoostusele\/#breadcrumb","itemListElement":[{"@type":"ListItem","position":1,"name":"Home","item":"https:\/\/zepestonia.com\/en\/"},{"@type":"ListItem","position":2,"name":"Shop","item":"https:\/\/zepestonia.com\/en\/?page_id=4643"},{"@type":"ListItem","position":3,"name":"TM Smart Gel* &#8211; puhtuse kontroll toiduainetet\u00f6\u00f6stusele"}]},{"@type":"WebSite","@id":"https:\/\/zepestonia.com\/en\/#website","url":"https:\/\/zepestonia.com\/en\/","name":"ZEP Eesti I Puhastusvahendid I E-pood","description":"Pakume puhastus- ja hooldusprobleemidele efektiivseid keskkonnas\u00f5bralikke lahendusi!","publisher":{"@id":"https:\/\/zepestonia.com\/en\/#organization"},"potentialAction":[{"@type":"SearchAction","target":{"@type":"EntryPoint","urlTemplate":"https:\/\/zepestonia.com\/en\/?s={search_term_string}"},"query-input":{"@type":"PropertyValueSpecification","valueRequired":true,"valueName":"search_term_string"}}],"inLanguage":"en-US"},{"@type":"Organization","@id":"https:\/\/zepestonia.com\/en\/#organization","name":"Zep Estonia","url":"https:\/\/zepestonia.com\/en\/","logo":{"@type":"ImageObject","inLanguage":"en-US","@id":"https:\/\/zepestonia.com\/en\/#\/schema\/logo\/image\/","url":"https:\/\/zepestonia.com\/wp-content\/uploads\/2022\/03\/Zep-Logo_png.jpeg","contentUrl":"https:\/\/zepestonia.com\/wp-content\/uploads\/2022\/03\/Zep-Logo_png.jpeg","width":109,"height":70,"caption":"Zep Estonia"},"image":{"@id":"https:\/\/zepestonia.com\/en\/#\/schema\/logo\/image\/"},"sameAs":["https:\/\/www.facebook.com\/ZepEesti"]}]}},"_links":{"self":[{"href":"https:\/\/zepestonia.com\/en\/wp-json\/wp\/v2\/product\/10703","targetHints":{"allow":["GET"]}}],"collection":[{"href":"https:\/\/zepestonia.com\/en\/wp-json\/wp\/v2\/product"}],"about":[{"href":"https:\/\/zepestonia.com\/en\/wp-json\/wp\/v2\/types\/product"}],"replies":[{"embeddable":true,"href":"https:\/\/zepestonia.com\/en\/wp-json\/wp\/v2\/comments?post=10703"}],"version-history":[{"count":3,"href":"https:\/\/zepestonia.com\/en\/wp-json\/wp\/v2\/product\/10703\/revisions"}],"predecessor-version":[{"id":10718,"href":"https:\/\/zepestonia.com\/en\/wp-json\/wp\/v2\/product\/10703\/revisions\/10718"}],"wp:featuredmedia":[{"embeddable":true,"href":"https:\/\/zepestonia.com\/en\/wp-json\/wp\/v2\/media\/10701"}],"wp:attachment":[{"href":"https:\/\/zepestonia.com\/en\/wp-json\/wp\/v2\/media?parent=10703"}],"wp:term":[{"taxonomy":"product_brand","embeddable":true,"href":"https:\/\/zepestonia.com\/en\/wp-json\/wp\/v2\/product_brand?post=10703"},{"taxonomy":"product_cat","embeddable":true,"href":"https:\/\/zepestonia.com\/en\/wp-json\/wp\/v2\/product_cat?post=10703"},{"taxonomy":"product_tag","embeddable":true,"href":"https:\/\/zepestonia.com\/en\/wp-json\/wp\/v2\/product_tag?post=10703"}],"curies":[{"name":"wp","href":"https:\/\/api.w.org\/{rel}","templated":true}]}}