{"id":10573,"date":"2022-10-24T02:02:55","date_gmt":"2022-10-24T02:02:55","guid":{"rendered":"https:\/\/zepestonia.com\/toode\/canafoam-kanalisatsiooni-hooldusvaht\/"},"modified":"2026-02-18T00:00:08","modified_gmt":"2026-02-18T00:00:08","slug":"canafoam-kanalisatsiooni-hooldusvaht","status":"publish","type":"product","link":"https:\/\/zepestonia.com\/en\/toode\/canafoam-kanalisatsiooni-hooldusvaht\/","title":{"rendered":"CANAFOAM* &#8211; Bioloogiline kanalisatsiooni hooldusvaht"},"content":{"rendered":"<p>Valem p\u00f5hineb k\u00f5rgekvaliteedilistel looduslikel mikroobide spooridel, mis on kokkupuutel aktiivsed orgaanilise ainega.<br \/>\nSee lagundab orgaanilisi saasteaineid, mis on p\u00f5hjustatud valkudest, suhkrutest, t\u00e4rklis, piim, rasvad, \u00f5lid, tselluloos, v\u00e4ljaheited jne.<br \/>\nToodes sisalduv emulgaator, mis suurendab rasva pindala, panneb bakterid kiiremini t\u00f6\u00f6le.<br \/>\nL\u00e4bi nende bakteritega muutub orgaaniline mustus kiiresti puhastatud reoveeks.<br \/>\nKauakestev toime kompaktne vaht pikendab kokkupuuteaega pinnaga, nii et orgaaniline ladestused lagunevad paremini ja halvad l\u00f5hnad kaovad.<br \/>\nOhutu kasutada Inimestele, loomadele ja taimedele t\u00e4iesti kahjutu.<br \/>\nKeskkonnas\u00f5bralikud pindaktiivsed ained on enam kui 90% ulatuses biolagunevad.<br \/>\nToode on looduslik lahendus puhtama kanalisatsioonis\u00fcsteemi ja keskkonna jaoks.<\/p>\n<p>OMADUSED:<\/p>\n<ul>\n<li>rohelist v\u00e4rvi vaht<\/li>\n<li>meeldiva l\u00f5hnaga<\/li>\n<li>pH 7,0<\/li>\n<li>Bakterite arv 8,1&#215;10<sup>7<\/sup> CFU\/ml<\/li>\n<li>maht 500ml<\/li>\n<\/ul>\n<p>KASUTAMINE:<\/p>\n<ul>\n<li>Suurte pindade puhul kandke CANAFOAM kogu t\u00f6\u00f6deldavale alale, laske m\u00f5juda, kuni vaht kaob, seej\u00e4rel loputage puhta veega.<\/li>\n<li>Torude ja sifoonide jaoks kasutage pikendustoru, Pihustage, kuni vaht tuleb v\u00e4lja.<\/li>\n<li>Loputamine pole vajalik.<\/li>\n<\/ul>\n","protected":false},"excerpt":{"rendered":"<p>Looduslik vaht kanalisatsiooni trappide ja torude hoolduseks.<br \/>\n\u00dclikontsentreeritud vahuvalem j\u00e4\u00e4kide, l\u00f5hnade ja orgaaniliste j\u00e4\u00e4kide eemaldamiseks ja bakterite t\u00f6\u00f6 kiirendamiseks.<br \/>\nPikendustoru v\u00f5imaldab j\u00f5uda rasketesse kohtadesse (WC-d, trapid, kraanikausside haisulukud, \u00e4ravoolud jne).<\/p>\n","protected":false},"featured_media":10574,"comment_status":"closed","ping_status":"closed","template":"","meta":[],"product_brand":[],"product_cat":[208],"product_tag":[],"class_list":{"0":"post-10573","1":"product","2":"type-product","3":"status-publish","4":"has-post-thumbnail","6":"product_cat-heitvesi","8":"first","9":"instock","10":"taxable","11":"shipping-taxable","12":"purchasable","13":"product-type-simple"},"yoast_head":"<!-- This site is optimized with the Yoast SEO plugin v26.5 - https:\/\/yoast.com\/wordpress\/plugins\/seo\/ -->\n<title>CANAFOAM* - Bioloogiline kanalisatsiooni hooldusvaht - ZEP Eesti I Puhastusvahendid I E-pood<\/title>\n<meta name=\"robots\" content=\"index, follow, max-snippet:-1, max-image-preview:large, max-video-preview:-1\" \/>\n<link rel=\"canonical\" href=\"https:\/\/zepestonia.com\/en\/toode\/canafoam-kanalisatsiooni-hooldusvaht\/\" \/>\n<meta property=\"og:locale\" content=\"en_US\" \/>\n<meta property=\"og:type\" content=\"article\" \/>\n<meta property=\"og:title\" content=\"CANAFOAM* - Bioloogiline kanalisatsiooni hooldusvaht - ZEP Eesti I Puhastusvahendid I E-pood\" \/>\n<meta property=\"og:description\" content=\"Looduslik vaht kanalisatsiooni trappide ja torude hoolduseks. \u00dclikontsentreeritud vahuvalem j\u00e4\u00e4kide, l\u00f5hnade ja orgaaniliste j\u00e4\u00e4kide eemaldamiseks ja bakterite t\u00f6\u00f6 kiirendamiseks. Pikendustoru v\u00f5imaldab j\u00f5uda rasketesse kohtadesse (WC-d, trapid, kraanikausside haisulukud, \u00e4ravoolud jne).\" \/>\n<meta property=\"og:url\" content=\"https:\/\/zepestonia.com\/en\/toode\/canafoam-kanalisatsiooni-hooldusvaht\/\" \/>\n<meta property=\"og:site_name\" content=\"ZEP Eesti I Puhastusvahendid I E-pood\" \/>\n<meta property=\"article:publisher\" content=\"https:\/\/www.facebook.com\/ZepEesti\" \/>\n<meta property=\"article:modified_time\" content=\"2026-02-18T00:00:08+00:00\" \/>\n<meta property=\"og:image\" content=\"https:\/\/zepestonia.com\/wp-content\/uploads\/2022\/10\/Canafoam.png\" \/>\n\t<meta property=\"og:image:width\" content=\"1000\" \/>\n\t<meta property=\"og:image:height\" content=\"1000\" \/>\n\t<meta property=\"og:image:type\" content=\"image\/png\" \/>\n<meta name=\"twitter:card\" content=\"summary_large_image\" \/>\n<meta name=\"twitter:label1\" content=\"Est. reading time\" \/>\n\t<meta name=\"twitter:data1\" content=\"1 minute\" \/>\n<script type=\"application\/ld+json\" class=\"yoast-schema-graph\">{\"@context\":\"https:\/\/schema.org\",\"@graph\":[{\"@type\":\"WebPage\",\"@id\":\"https:\/\/zepestonia.com\/en\/toode\/canafoam-kanalisatsiooni-hooldusvaht\/\",\"url\":\"https:\/\/zepestonia.com\/en\/toode\/canafoam-kanalisatsiooni-hooldusvaht\/\",\"name\":\"CANAFOAM* - Bioloogiline kanalisatsiooni hooldusvaht - ZEP Eesti I Puhastusvahendid I E-pood\",\"isPartOf\":{\"@id\":\"https:\/\/zepestonia.com\/en\/#website\"},\"primaryImageOfPage\":{\"@id\":\"https:\/\/zepestonia.com\/en\/toode\/canafoam-kanalisatsiooni-hooldusvaht\/#primaryimage\"},\"image\":{\"@id\":\"https:\/\/zepestonia.com\/en\/toode\/canafoam-kanalisatsiooni-hooldusvaht\/#primaryimage\"},\"thumbnailUrl\":\"https:\/\/zepestonia.com\/wp-content\/uploads\/2022\/10\/Canafoam.png\",\"datePublished\":\"2022-10-24T02:02:55+00:00\",\"dateModified\":\"2026-02-18T00:00:08+00:00\",\"breadcrumb\":{\"@id\":\"https:\/\/zepestonia.com\/en\/toode\/canafoam-kanalisatsiooni-hooldusvaht\/#breadcrumb\"},\"inLanguage\":\"en-US\",\"potentialAction\":[{\"@type\":\"ReadAction\",\"target\":[\"https:\/\/zepestonia.com\/en\/toode\/canafoam-kanalisatsiooni-hooldusvaht\/\"]}]},{\"@type\":\"ImageObject\",\"inLanguage\":\"en-US\",\"@id\":\"https:\/\/zepestonia.com\/en\/toode\/canafoam-kanalisatsiooni-hooldusvaht\/#primaryimage\",\"url\":\"https:\/\/zepestonia.com\/wp-content\/uploads\/2022\/10\/Canafoam.png\",\"contentUrl\":\"https:\/\/zepestonia.com\/wp-content\/uploads\/2022\/10\/Canafoam.png\",\"width\":1000,\"height\":1000,\"caption\":\"Canafoam\"},{\"@type\":\"BreadcrumbList\",\"@id\":\"https:\/\/zepestonia.com\/en\/toode\/canafoam-kanalisatsiooni-hooldusvaht\/#breadcrumb\",\"itemListElement\":[{\"@type\":\"ListItem\",\"position\":1,\"name\":\"Home\",\"item\":\"https:\/\/zepestonia.com\/en\/\"},{\"@type\":\"ListItem\",\"position\":2,\"name\":\"Shop\",\"item\":\"https:\/\/zepestonia.com\/en\/?page_id=4643\"},{\"@type\":\"ListItem\",\"position\":3,\"name\":\"CANAFOAM* &#8211; Bioloogiline kanalisatsiooni hooldusvaht\"}]},{\"@type\":\"WebSite\",\"@id\":\"https:\/\/zepestonia.com\/en\/#website\",\"url\":\"https:\/\/zepestonia.com\/en\/\",\"name\":\"ZEP Eesti I Puhastusvahendid I E-pood\",\"description\":\"Pakume puhastus- ja hooldusprobleemidele efektiivseid keskkonnas\u00f5bralikke lahendusi!\",\"publisher\":{\"@id\":\"https:\/\/zepestonia.com\/en\/#organization\"},\"potentialAction\":[{\"@type\":\"SearchAction\",\"target\":{\"@type\":\"EntryPoint\",\"urlTemplate\":\"https:\/\/zepestonia.com\/en\/?s={search_term_string}\"},\"query-input\":{\"@type\":\"PropertyValueSpecification\",\"valueRequired\":true,\"valueName\":\"search_term_string\"}}],\"inLanguage\":\"en-US\"},{\"@type\":\"Organization\",\"@id\":\"https:\/\/zepestonia.com\/en\/#organization\",\"name\":\"Zep Estonia\",\"url\":\"https:\/\/zepestonia.com\/en\/\",\"logo\":{\"@type\":\"ImageObject\",\"inLanguage\":\"en-US\",\"@id\":\"https:\/\/zepestonia.com\/en\/#\/schema\/logo\/image\/\",\"url\":\"https:\/\/zepestonia.com\/wp-content\/uploads\/2022\/03\/Zep-Logo_png.jpeg\",\"contentUrl\":\"https:\/\/zepestonia.com\/wp-content\/uploads\/2022\/03\/Zep-Logo_png.jpeg\",\"width\":109,\"height\":70,\"caption\":\"Zep Estonia\"},\"image\":{\"@id\":\"https:\/\/zepestonia.com\/en\/#\/schema\/logo\/image\/\"},\"sameAs\":[\"https:\/\/www.facebook.com\/ZepEesti\"]}]}<\/script>\n<!-- \/ Yoast SEO plugin. -->","yoast_head_json":{"title":"CANAFOAM* - Bioloogiline kanalisatsiooni hooldusvaht - ZEP Eesti I Puhastusvahendid I E-pood","robots":{"index":"index","follow":"follow","max-snippet":"max-snippet:-1","max-image-preview":"max-image-preview:large","max-video-preview":"max-video-preview:-1"},"canonical":"https:\/\/zepestonia.com\/en\/toode\/canafoam-kanalisatsiooni-hooldusvaht\/","og_locale":"en_US","og_type":"article","og_title":"CANAFOAM* - Bioloogiline kanalisatsiooni hooldusvaht - ZEP Eesti I Puhastusvahendid I E-pood","og_description":"Looduslik vaht kanalisatsiooni trappide ja torude hoolduseks. \u00dclikontsentreeritud vahuvalem j\u00e4\u00e4kide, l\u00f5hnade ja orgaaniliste j\u00e4\u00e4kide eemaldamiseks ja bakterite t\u00f6\u00f6 kiirendamiseks. Pikendustoru v\u00f5imaldab j\u00f5uda rasketesse kohtadesse (WC-d, trapid, kraanikausside haisulukud, \u00e4ravoolud jne).","og_url":"https:\/\/zepestonia.com\/en\/toode\/canafoam-kanalisatsiooni-hooldusvaht\/","og_site_name":"ZEP Eesti I Puhastusvahendid I E-pood","article_publisher":"https:\/\/www.facebook.com\/ZepEesti","article_modified_time":"2026-02-18T00:00:08+00:00","og_image":[{"width":1000,"height":1000,"url":"https:\/\/zepestonia.com\/wp-content\/uploads\/2022\/10\/Canafoam.png","type":"image\/png"}],"twitter_card":"summary_large_image","twitter_misc":{"Est. reading time":"1 minute"},"schema":{"@context":"https:\/\/schema.org","@graph":[{"@type":"WebPage","@id":"https:\/\/zepestonia.com\/en\/toode\/canafoam-kanalisatsiooni-hooldusvaht\/","url":"https:\/\/zepestonia.com\/en\/toode\/canafoam-kanalisatsiooni-hooldusvaht\/","name":"CANAFOAM* - Bioloogiline kanalisatsiooni hooldusvaht - ZEP Eesti I Puhastusvahendid I E-pood","isPartOf":{"@id":"https:\/\/zepestonia.com\/en\/#website"},"primaryImageOfPage":{"@id":"https:\/\/zepestonia.com\/en\/toode\/canafoam-kanalisatsiooni-hooldusvaht\/#primaryimage"},"image":{"@id":"https:\/\/zepestonia.com\/en\/toode\/canafoam-kanalisatsiooni-hooldusvaht\/#primaryimage"},"thumbnailUrl":"https:\/\/zepestonia.com\/wp-content\/uploads\/2022\/10\/Canafoam.png","datePublished":"2022-10-24T02:02:55+00:00","dateModified":"2026-02-18T00:00:08+00:00","breadcrumb":{"@id":"https:\/\/zepestonia.com\/en\/toode\/canafoam-kanalisatsiooni-hooldusvaht\/#breadcrumb"},"inLanguage":"en-US","potentialAction":[{"@type":"ReadAction","target":["https:\/\/zepestonia.com\/en\/toode\/canafoam-kanalisatsiooni-hooldusvaht\/"]}]},{"@type":"ImageObject","inLanguage":"en-US","@id":"https:\/\/zepestonia.com\/en\/toode\/canafoam-kanalisatsiooni-hooldusvaht\/#primaryimage","url":"https:\/\/zepestonia.com\/wp-content\/uploads\/2022\/10\/Canafoam.png","contentUrl":"https:\/\/zepestonia.com\/wp-content\/uploads\/2022\/10\/Canafoam.png","width":1000,"height":1000,"caption":"Canafoam"},{"@type":"BreadcrumbList","@id":"https:\/\/zepestonia.com\/en\/toode\/canafoam-kanalisatsiooni-hooldusvaht\/#breadcrumb","itemListElement":[{"@type":"ListItem","position":1,"name":"Home","item":"https:\/\/zepestonia.com\/en\/"},{"@type":"ListItem","position":2,"name":"Shop","item":"https:\/\/zepestonia.com\/en\/?page_id=4643"},{"@type":"ListItem","position":3,"name":"CANAFOAM* &#8211; Bioloogiline kanalisatsiooni hooldusvaht"}]},{"@type":"WebSite","@id":"https:\/\/zepestonia.com\/en\/#website","url":"https:\/\/zepestonia.com\/en\/","name":"ZEP Eesti I Puhastusvahendid I E-pood","description":"Pakume puhastus- ja hooldusprobleemidele efektiivseid keskkonnas\u00f5bralikke lahendusi!","publisher":{"@id":"https:\/\/zepestonia.com\/en\/#organization"},"potentialAction":[{"@type":"SearchAction","target":{"@type":"EntryPoint","urlTemplate":"https:\/\/zepestonia.com\/en\/?s={search_term_string}"},"query-input":{"@type":"PropertyValueSpecification","valueRequired":true,"valueName":"search_term_string"}}],"inLanguage":"en-US"},{"@type":"Organization","@id":"https:\/\/zepestonia.com\/en\/#organization","name":"Zep Estonia","url":"https:\/\/zepestonia.com\/en\/","logo":{"@type":"ImageObject","inLanguage":"en-US","@id":"https:\/\/zepestonia.com\/en\/#\/schema\/logo\/image\/","url":"https:\/\/zepestonia.com\/wp-content\/uploads\/2022\/03\/Zep-Logo_png.jpeg","contentUrl":"https:\/\/zepestonia.com\/wp-content\/uploads\/2022\/03\/Zep-Logo_png.jpeg","width":109,"height":70,"caption":"Zep Estonia"},"image":{"@id":"https:\/\/zepestonia.com\/en\/#\/schema\/logo\/image\/"},"sameAs":["https:\/\/www.facebook.com\/ZepEesti"]}]}},"_links":{"self":[{"href":"https:\/\/zepestonia.com\/en\/wp-json\/wp\/v2\/product\/10573","targetHints":{"allow":["GET"]}}],"collection":[{"href":"https:\/\/zepestonia.com\/en\/wp-json\/wp\/v2\/product"}],"about":[{"href":"https:\/\/zepestonia.com\/en\/wp-json\/wp\/v2\/types\/product"}],"replies":[{"embeddable":true,"href":"https:\/\/zepestonia.com\/en\/wp-json\/wp\/v2\/comments?post=10573"}],"version-history":[{"count":6,"href":"https:\/\/zepestonia.com\/en\/wp-json\/wp\/v2\/product\/10573\/revisions"}],"predecessor-version":[{"id":10688,"href":"https:\/\/zepestonia.com\/en\/wp-json\/wp\/v2\/product\/10573\/revisions\/10688"}],"wp:featuredmedia":[{"embeddable":true,"href":"https:\/\/zepestonia.com\/en\/wp-json\/wp\/v2\/media\/10574"}],"wp:attachment":[{"href":"https:\/\/zepestonia.com\/en\/wp-json\/wp\/v2\/media?parent=10573"}],"wp:term":[{"taxonomy":"product_brand","embeddable":true,"href":"https:\/\/zepestonia.com\/en\/wp-json\/wp\/v2\/product_brand?post=10573"},{"taxonomy":"product_cat","embeddable":true,"href":"https:\/\/zepestonia.com\/en\/wp-json\/wp\/v2\/product_cat?post=10573"},{"taxonomy":"product_tag","embeddable":true,"href":"https:\/\/zepestonia.com\/en\/wp-json\/wp\/v2\/product_tag?post=10573"}],"curies":[{"name":"wp","href":"https:\/\/api.w.org\/{rel}","templated":true}]}}