{"id":10557,"date":"2022-10-20T02:52:34","date_gmt":"2022-10-20T02:52:34","guid":{"rendered":"https:\/\/zepestonia.com\/toode\/bonpet-500-jarelhaagis\/"},"modified":"2026-02-18T03:10:07","modified_gmt":"2026-02-18T03:10:07","slug":"bonpet-500-jarelhaagis","status":"publish","type":"product","link":"https:\/\/zepestonia.com\/en\/toode\/bonpet-500-jarelhaagis\/","title":{"rendered":"Bonpet 500 &#8211; j\u00e4relhaagis"},"content":{"rendered":"<p style=\"margin-top: 0px;margin-bottom: 1rem;font-family: Raleway, sans-serif;font-size: 14px;font-style: normal;font-weight: 400;letter-spacing: normal;text-align: left;text-indent: 0px;text-transform: none;white-space: normal\"><b style=\"font-weight: bolder\"><font class=\"text-alpha\" style=\"font-size: 18px\"><font style=\"vertical-align: inherit\"><font style=\"vertical-align: inherit\">Eelised:<\/font><\/font><\/font><\/b><\/p>\n<ul style=\"margin-top: 0px;margin-bottom: 1rem;list-style-type: disc;font-family: Raleway, sans-serif;font-size: 14px;font-style: normal;font-weight: 400;letter-spacing: normal;text-align: left;text-indent: 0px;text-transform: none;white-space: normal\">\n<li>\n<p style=\"margin: 0px\"><font style=\"vertical-align: inherit\"><font style=\"vertical-align: inherit\">V\u00e4hemalt 10-aastane eluiga ja 2-aastane garantii.&nbsp;<\/font><\/font><\/p>\n<\/li>\n<li><font style=\"vertical-align: inherit\"><font style=\"vertical-align: inherit\">Sisaldab inims\u00f5bralikku kustutusainet (haloonivaba).<\/font><\/font><\/li>\n<li><font style=\"vertical-align: inherit\"><font style=\"vertical-align: inherit\">Hooldus on seotud ainult vedeliku vahetamisega.<\/font><\/font><\/li>\n<\/ul>\n<div><strong>MUDELID:<\/strong><\/div>\n<div>\n<table border=\"1\" cellpadding=\"1\" cellspacing=\"1\" width=\"570\">\n<tbody>\n<tr>\n<td style=\"text-align: center\"><strong><span style=\"color:#FF0000\">Bonpet 500<\/span><\/strong><\/td>\n<td style=\"text-align: center\"><strong><span style=\"color:#FF0000\">Bonpet 750<\/span><\/strong><\/td>\n<td style=\"text-align: center\"><strong><span style=\"color:#FF0000\">Bonpet 1000<\/span><\/strong><\/td>\n<\/tr>\n<tr>\n<td style=\"text-align: center\"><font style=\"vertical-align: inherit\"><font style=\"vertical-align: inherit\">3760x1760x1080 mm<\/font><\/font><\/td>\n<td style=\"text-align: center\"><font style=\"vertical-align: inherit\"><font style=\"vertical-align: inherit\">3760x1760x1080 mm<\/font><\/font><\/td>\n<td style=\"text-align: center\"><font style=\"vertical-align: inherit\"><font style=\"vertical-align: inherit\"><span>Kaheteljeline<\/span><\/font><\/font><\/td>\n<\/tr>\n<tr>\n<td style=\"text-align: center\">Kaal: 1300 kg<\/td>\n<td style=\"text-align: center\">Kaal: 1550 kg<\/td>\n<td style=\"text-align: center\">Kaal: 2200 kg<\/td>\n<\/tr>\n<tr>\n<td style=\"text-align: center\">Mahuti: 500 L<\/td>\n<td style=\"text-align: center\">Mahuti: 750 L<\/td>\n<td style=\"text-align: center\">Mahuti: 1000 L<\/td>\n<\/tr>\n<tr>\n<td style=\"text-align: center\">Voolik 25-30 jm.<\/td>\n<td style=\"text-align: center\">Voolik 25-30 jm.<\/td>\n<td style=\"text-align: center\">Voolik 25-30 jm.<\/td>\n<\/tr>\n<tr>\n<td style=\"text-align: center\">Joa pikkus: 30 m<\/td>\n<td style=\"text-align: center\">Joa pikkus: 30 m<\/td>\n<td style=\"text-align: center\">Joa pikkus: 30 m<\/td>\n<\/tr>\n<tr>\n<td style=\"text-align: center\">Ajam: bensiin<\/td>\n<td style=\"text-align: center\">Ajam: bensiin<\/td>\n<td style=\"text-align: center\">Ajam: diisel<\/td>\n<\/tr>\n<\/tbody>\n<\/table>\n<\/div>\n","protected":false},"excerpt":{"rendered":"<p>Bonpeti tulet\u00f5rjehaagis on oma suuruse ja liikuvuse t\u00f5ttu ideaalne A-, B- ja F-klassi tulekahjude kustutamiseks sise- ja v\u00e4listingimustes, t\u00f6\u00f6stuses, jahisadamates, sadamates, lennujaamades (lennukite rehvide kustutamine), k\u00f5ikv\u00f5imalikes ladudes, v\u00e4rvit\u00f6\u00f6kodades, alajaamades , bensiinijaamad, keemia-, auto- ja naftat\u00f6\u00f6stuses, k\u00f5ikide s\u00f5idukite, plastide, tselluloosi, rehvide jms kustutamiseks. <\/p>\n","protected":false},"featured_media":10561,"comment_status":"closed","ping_status":"closed","template":"","meta":[],"product_brand":[],"product_cat":[203],"product_tag":[],"class_list":{"0":"post-10557","1":"product","2":"type-product","3":"status-publish","4":"has-post-thumbnail","6":"product_cat-tuli","8":"first","9":"instock","10":"taxable","11":"shipping-taxable","12":"purchasable","13":"product-type-simple"},"yoast_head":"<!-- This site is optimized with the Yoast SEO plugin v26.5 - https:\/\/yoast.com\/wordpress\/plugins\/seo\/ -->\n<title>Bonpet 500 - j\u00e4relhaagis - ZEP Eesti I Puhastusvahendid I E-pood<\/title>\n<meta name=\"robots\" content=\"index, follow, max-snippet:-1, max-image-preview:large, max-video-preview:-1\" \/>\n<link rel=\"canonical\" href=\"https:\/\/zepestonia.com\/en\/toode\/bonpet-500-jarelhaagis\/\" \/>\n<meta property=\"og:locale\" content=\"en_US\" \/>\n<meta property=\"og:type\" content=\"article\" \/>\n<meta property=\"og:title\" content=\"Bonpet 500 - j\u00e4relhaagis - ZEP Eesti I Puhastusvahendid I E-pood\" \/>\n<meta property=\"og:description\" content=\"Bonpeti tulet\u00f5rjehaagis on oma suuruse ja liikuvuse t\u00f5ttu ideaalne A-, B- ja F-klassi tulekahjude kustutamiseks sise- ja v\u00e4listingimustes, t\u00f6\u00f6stuses, jahisadamates, sadamates, lennujaamades (lennukite rehvide kustutamine), k\u00f5ikv\u00f5imalikes ladudes, v\u00e4rvit\u00f6\u00f6kodades, alajaamades , bensiinijaamad, keemia-, auto- ja naftat\u00f6\u00f6stuses, k\u00f5ikide s\u00f5idukite, plastide, tselluloosi, rehvide jms kustutamiseks.\" \/>\n<meta property=\"og:url\" content=\"https:\/\/zepestonia.com\/en\/toode\/bonpet-500-jarelhaagis\/\" \/>\n<meta property=\"og:site_name\" content=\"ZEP Eesti I Puhastusvahendid I E-pood\" \/>\n<meta property=\"article:publisher\" content=\"https:\/\/www.facebook.com\/ZepEesti\" \/>\n<meta property=\"article:modified_time\" content=\"2026-02-18T03:10:07+00:00\" \/>\n<meta property=\"og:image\" content=\"https:\/\/zepestonia.com\/wp-content\/uploads\/2022\/10\/Jaerelhaagis.png\" \/>\n\t<meta property=\"og:image:width\" content=\"1000\" \/>\n\t<meta property=\"og:image:height\" content=\"1000\" \/>\n\t<meta property=\"og:image:type\" content=\"image\/png\" \/>\n<meta name=\"twitter:card\" content=\"summary_large_image\" \/>\n<script type=\"application\/ld+json\" class=\"yoast-schema-graph\">{\"@context\":\"https:\/\/schema.org\",\"@graph\":[{\"@type\":\"WebPage\",\"@id\":\"https:\/\/zepestonia.com\/en\/toode\/bonpet-500-jarelhaagis\/\",\"url\":\"https:\/\/zepestonia.com\/en\/toode\/bonpet-500-jarelhaagis\/\",\"name\":\"Bonpet 500 - j\u00e4relhaagis - ZEP Eesti I Puhastusvahendid I E-pood\",\"isPartOf\":{\"@id\":\"https:\/\/zepestonia.com\/en\/#website\"},\"primaryImageOfPage\":{\"@id\":\"https:\/\/zepestonia.com\/en\/toode\/bonpet-500-jarelhaagis\/#primaryimage\"},\"image\":{\"@id\":\"https:\/\/zepestonia.com\/en\/toode\/bonpet-500-jarelhaagis\/#primaryimage\"},\"thumbnailUrl\":\"https:\/\/zepestonia.com\/wp-content\/uploads\/2022\/10\/Jaerelhaagis.png\",\"datePublished\":\"2022-10-20T02:52:34+00:00\",\"dateModified\":\"2026-02-18T03:10:07+00:00\",\"breadcrumb\":{\"@id\":\"https:\/\/zepestonia.com\/en\/toode\/bonpet-500-jarelhaagis\/#breadcrumb\"},\"inLanguage\":\"en-US\",\"potentialAction\":[{\"@type\":\"ReadAction\",\"target\":[\"https:\/\/zepestonia.com\/en\/toode\/bonpet-500-jarelhaagis\/\"]}]},{\"@type\":\"ImageObject\",\"inLanguage\":\"en-US\",\"@id\":\"https:\/\/zepestonia.com\/en\/toode\/bonpet-500-jarelhaagis\/#primaryimage\",\"url\":\"https:\/\/zepestonia.com\/wp-content\/uploads\/2022\/10\/Jaerelhaagis.png\",\"contentUrl\":\"https:\/\/zepestonia.com\/wp-content\/uploads\/2022\/10\/Jaerelhaagis.png\",\"width\":1000,\"height\":1000,\"caption\":\"Jaerelhaagis\"},{\"@type\":\"BreadcrumbList\",\"@id\":\"https:\/\/zepestonia.com\/en\/toode\/bonpet-500-jarelhaagis\/#breadcrumb\",\"itemListElement\":[{\"@type\":\"ListItem\",\"position\":1,\"name\":\"Home\",\"item\":\"https:\/\/zepestonia.com\/en\/\"},{\"@type\":\"ListItem\",\"position\":2,\"name\":\"Shop\",\"item\":\"https:\/\/zepestonia.com\/en\/?page_id=4643\"},{\"@type\":\"ListItem\",\"position\":3,\"name\":\"Bonpet 500 &#8211; j\u00e4relhaagis\"}]},{\"@type\":\"WebSite\",\"@id\":\"https:\/\/zepestonia.com\/en\/#website\",\"url\":\"https:\/\/zepestonia.com\/en\/\",\"name\":\"ZEP Eesti I Puhastusvahendid I E-pood\",\"description\":\"Pakume puhastus- ja hooldusprobleemidele efektiivseid keskkonnas\u00f5bralikke lahendusi!\",\"publisher\":{\"@id\":\"https:\/\/zepestonia.com\/en\/#organization\"},\"potentialAction\":[{\"@type\":\"SearchAction\",\"target\":{\"@type\":\"EntryPoint\",\"urlTemplate\":\"https:\/\/zepestonia.com\/en\/?s={search_term_string}\"},\"query-input\":{\"@type\":\"PropertyValueSpecification\",\"valueRequired\":true,\"valueName\":\"search_term_string\"}}],\"inLanguage\":\"en-US\"},{\"@type\":\"Organization\",\"@id\":\"https:\/\/zepestonia.com\/en\/#organization\",\"name\":\"Zep Estonia\",\"url\":\"https:\/\/zepestonia.com\/en\/\",\"logo\":{\"@type\":\"ImageObject\",\"inLanguage\":\"en-US\",\"@id\":\"https:\/\/zepestonia.com\/en\/#\/schema\/logo\/image\/\",\"url\":\"https:\/\/zepestonia.com\/wp-content\/uploads\/2022\/03\/Zep-Logo_png.jpeg\",\"contentUrl\":\"https:\/\/zepestonia.com\/wp-content\/uploads\/2022\/03\/Zep-Logo_png.jpeg\",\"width\":109,\"height\":70,\"caption\":\"Zep Estonia\"},\"image\":{\"@id\":\"https:\/\/zepestonia.com\/en\/#\/schema\/logo\/image\/\"},\"sameAs\":[\"https:\/\/www.facebook.com\/ZepEesti\"]}]}<\/script>\n<!-- \/ Yoast SEO plugin. -->","yoast_head_json":{"title":"Bonpet 500 - j\u00e4relhaagis - ZEP Eesti I Puhastusvahendid I E-pood","robots":{"index":"index","follow":"follow","max-snippet":"max-snippet:-1","max-image-preview":"max-image-preview:large","max-video-preview":"max-video-preview:-1"},"canonical":"https:\/\/zepestonia.com\/en\/toode\/bonpet-500-jarelhaagis\/","og_locale":"en_US","og_type":"article","og_title":"Bonpet 500 - j\u00e4relhaagis - ZEP Eesti I Puhastusvahendid I E-pood","og_description":"Bonpeti tulet\u00f5rjehaagis on oma suuruse ja liikuvuse t\u00f5ttu ideaalne A-, B- ja F-klassi tulekahjude kustutamiseks sise- ja v\u00e4listingimustes, t\u00f6\u00f6stuses, jahisadamates, sadamates, lennujaamades (lennukite rehvide kustutamine), k\u00f5ikv\u00f5imalikes ladudes, v\u00e4rvit\u00f6\u00f6kodades, alajaamades , bensiinijaamad, keemia-, auto- ja naftat\u00f6\u00f6stuses, k\u00f5ikide s\u00f5idukite, plastide, tselluloosi, rehvide jms kustutamiseks.","og_url":"https:\/\/zepestonia.com\/en\/toode\/bonpet-500-jarelhaagis\/","og_site_name":"ZEP Eesti I Puhastusvahendid I E-pood","article_publisher":"https:\/\/www.facebook.com\/ZepEesti","article_modified_time":"2026-02-18T03:10:07+00:00","og_image":[{"width":1000,"height":1000,"url":"https:\/\/zepestonia.com\/wp-content\/uploads\/2022\/10\/Jaerelhaagis.png","type":"image\/png"}],"twitter_card":"summary_large_image","schema":{"@context":"https:\/\/schema.org","@graph":[{"@type":"WebPage","@id":"https:\/\/zepestonia.com\/en\/toode\/bonpet-500-jarelhaagis\/","url":"https:\/\/zepestonia.com\/en\/toode\/bonpet-500-jarelhaagis\/","name":"Bonpet 500 - j\u00e4relhaagis - ZEP Eesti I Puhastusvahendid I E-pood","isPartOf":{"@id":"https:\/\/zepestonia.com\/en\/#website"},"primaryImageOfPage":{"@id":"https:\/\/zepestonia.com\/en\/toode\/bonpet-500-jarelhaagis\/#primaryimage"},"image":{"@id":"https:\/\/zepestonia.com\/en\/toode\/bonpet-500-jarelhaagis\/#primaryimage"},"thumbnailUrl":"https:\/\/zepestonia.com\/wp-content\/uploads\/2022\/10\/Jaerelhaagis.png","datePublished":"2022-10-20T02:52:34+00:00","dateModified":"2026-02-18T03:10:07+00:00","breadcrumb":{"@id":"https:\/\/zepestonia.com\/en\/toode\/bonpet-500-jarelhaagis\/#breadcrumb"},"inLanguage":"en-US","potentialAction":[{"@type":"ReadAction","target":["https:\/\/zepestonia.com\/en\/toode\/bonpet-500-jarelhaagis\/"]}]},{"@type":"ImageObject","inLanguage":"en-US","@id":"https:\/\/zepestonia.com\/en\/toode\/bonpet-500-jarelhaagis\/#primaryimage","url":"https:\/\/zepestonia.com\/wp-content\/uploads\/2022\/10\/Jaerelhaagis.png","contentUrl":"https:\/\/zepestonia.com\/wp-content\/uploads\/2022\/10\/Jaerelhaagis.png","width":1000,"height":1000,"caption":"Jaerelhaagis"},{"@type":"BreadcrumbList","@id":"https:\/\/zepestonia.com\/en\/toode\/bonpet-500-jarelhaagis\/#breadcrumb","itemListElement":[{"@type":"ListItem","position":1,"name":"Home","item":"https:\/\/zepestonia.com\/en\/"},{"@type":"ListItem","position":2,"name":"Shop","item":"https:\/\/zepestonia.com\/en\/?page_id=4643"},{"@type":"ListItem","position":3,"name":"Bonpet 500 &#8211; j\u00e4relhaagis"}]},{"@type":"WebSite","@id":"https:\/\/zepestonia.com\/en\/#website","url":"https:\/\/zepestonia.com\/en\/","name":"ZEP Eesti I Puhastusvahendid I E-pood","description":"Pakume puhastus- ja hooldusprobleemidele efektiivseid keskkonnas\u00f5bralikke lahendusi!","publisher":{"@id":"https:\/\/zepestonia.com\/en\/#organization"},"potentialAction":[{"@type":"SearchAction","target":{"@type":"EntryPoint","urlTemplate":"https:\/\/zepestonia.com\/en\/?s={search_term_string}"},"query-input":{"@type":"PropertyValueSpecification","valueRequired":true,"valueName":"search_term_string"}}],"inLanguage":"en-US"},{"@type":"Organization","@id":"https:\/\/zepestonia.com\/en\/#organization","name":"Zep Estonia","url":"https:\/\/zepestonia.com\/en\/","logo":{"@type":"ImageObject","inLanguage":"en-US","@id":"https:\/\/zepestonia.com\/en\/#\/schema\/logo\/image\/","url":"https:\/\/zepestonia.com\/wp-content\/uploads\/2022\/03\/Zep-Logo_png.jpeg","contentUrl":"https:\/\/zepestonia.com\/wp-content\/uploads\/2022\/03\/Zep-Logo_png.jpeg","width":109,"height":70,"caption":"Zep Estonia"},"image":{"@id":"https:\/\/zepestonia.com\/en\/#\/schema\/logo\/image\/"},"sameAs":["https:\/\/www.facebook.com\/ZepEesti"]}]}},"_links":{"self":[{"href":"https:\/\/zepestonia.com\/en\/wp-json\/wp\/v2\/product\/10557","targetHints":{"allow":["GET"]}}],"collection":[{"href":"https:\/\/zepestonia.com\/en\/wp-json\/wp\/v2\/product"}],"about":[{"href":"https:\/\/zepestonia.com\/en\/wp-json\/wp\/v2\/types\/product"}],"replies":[{"embeddable":true,"href":"https:\/\/zepestonia.com\/en\/wp-json\/wp\/v2\/comments?post=10557"}],"version-history":[{"count":4,"href":"https:\/\/zepestonia.com\/en\/wp-json\/wp\/v2\/product\/10557\/revisions"}],"predecessor-version":[{"id":14129,"href":"https:\/\/zepestonia.com\/en\/wp-json\/wp\/v2\/product\/10557\/revisions\/14129"}],"wp:featuredmedia":[{"embeddable":true,"href":"https:\/\/zepestonia.com\/en\/wp-json\/wp\/v2\/media\/10561"}],"wp:attachment":[{"href":"https:\/\/zepestonia.com\/en\/wp-json\/wp\/v2\/media?parent=10557"}],"wp:term":[{"taxonomy":"product_brand","embeddable":true,"href":"https:\/\/zepestonia.com\/en\/wp-json\/wp\/v2\/product_brand?post=10557"},{"taxonomy":"product_cat","embeddable":true,"href":"https:\/\/zepestonia.com\/en\/wp-json\/wp\/v2\/product_cat?post=10557"},{"taxonomy":"product_tag","embeddable":true,"href":"https:\/\/zepestonia.com\/en\/wp-json\/wp\/v2\/product_tag?post=10557"}],"curies":[{"name":"wp","href":"https:\/\/api.w.org\/{rel}","templated":true}]}}